{"id":56058,"date":"2025-05-23T17:00:26","date_gmt":"2025-05-23T17:00:26","guid":{"rendered":"https:\/\/snus-malmo.se\/?post_type=product&#038;p=56058"},"modified":"2025-10-28T07:58:18","modified_gmt":"2025-10-28T07:58:18","slug":"blend-bla","status":"publish","type":"product","link":"https:\/\/snus-malmo.se\/sv\/produkt\/blend-bla\/","title":{"rendered":"Blend Bl\u00e5"},"content":{"rendered":"<p><strong>Blend Bl\u00e5<\/strong><\/p>\n<p>Blend Bl\u00e5 \u00e4r ett svenskt varum\u00e4rke f\u00f6r cigaretter, som introducerades 1971 av Svenska Tobaks AB Cigaretterna och finns i flera varianter. Blend Bl\u00e5 \u00e4r favorit f\u00f6r den som s\u00f6ker svaga cigaretter och en mjuk r\u00f6kning. Den milda smaken \u00e4r verkligen unik av sitt slag och det \u00e4r precis det m\u00e5nga letar efter.<\/p>\n<p>En limpa inneh\u00e5ller 10 askar.<\/p>","protected":false},"excerpt":{"rendered":"<p><strong>Blend Bl\u00e5<\/strong><\/p>\n<p>Blend Bl\u00e5 \u00e4r ett svenskt varum\u00e4rke f\u00f6r cigaretter, som introducerades 1971 av Svenska Tobaks AB Cigaretterna och finns i flera varianter. Blend Bl\u00e5 \u00e4r favorit f\u00f6r den som s\u00f6ker svaga cigaretter och en mjuk r\u00f6kning. Den milda smaken \u00e4r verkligen unik av sitt slag och det \u00e4r precis det m\u00e5nga letar efter.<\/p>\n<p>En limpa inneh\u00e5ller 10 askar.<\/p>","protected":false},"featured_media":26273,"comment_status":"open","ping_status":"closed","template":"","meta":[],"product_brand":[],"product_cat":[178,28],"product_tag":[],"class_list":{"0":"post-56058","1":"product","2":"type-product","3":"status-publish","4":"has-post-thumbnail","6":"product_cat-blend","7":"product_cat-cigaretter","9":"first","10":"instock","11":"taxable","12":"shipping-taxable","13":"purchasable","14":"product-type-variable"},"_links":{"self":[{"href":"https:\/\/snus-malmo.se\/sv\/wp-json\/wp\/v2\/product\/56058","targetHints":{"allow":["GET"]}}],"collection":[{"href":"https:\/\/snus-malmo.se\/sv\/wp-json\/wp\/v2\/product"}],"about":[{"href":"https:\/\/snus-malmo.se\/sv\/wp-json\/wp\/v2\/types\/product"}],"replies":[{"embeddable":true,"href":"https:\/\/snus-malmo.se\/sv\/wp-json\/wp\/v2\/comments?post=56058"}],"version-history":[{"count":0,"href":"https:\/\/snus-malmo.se\/sv\/wp-json\/wp\/v2\/product\/56058\/revisions"}],"wp:featuredmedia":[{"embeddable":true,"href":"https:\/\/snus-malmo.se\/sv\/wp-json\/wp\/v2\/media\/26273"}],"wp:attachment":[{"href":"https:\/\/snus-malmo.se\/sv\/wp-json\/wp\/v2\/media?parent=56058"}],"wp:term":[{"taxonomy":"product_brand","embeddable":true,"href":"https:\/\/snus-malmo.se\/sv\/wp-json\/wp\/v2\/product_brand?post=56058"},{"taxonomy":"product_cat","embeddable":true,"href":"https:\/\/snus-malmo.se\/sv\/wp-json\/wp\/v2\/product_cat?post=56058"},{"taxonomy":"product_tag","embeddable":true,"href":"https:\/\/snus-malmo.se\/sv\/wp-json\/wp\/v2\/product_tag?post=56058"}],"curies":[{"name":"wp","href":"https:\/\/api.w.org\/{rel}","templated":true}]}}