{"id":56112,"date":"2025-05-23T17:00:30","date_gmt":"2025-05-23T17:00:30","guid":{"rendered":"https:\/\/snus-malmo.se\/?post_type=product&#038;p=56112"},"modified":"2025-10-28T08:15:22","modified_gmt":"2025-10-28T08:15:22","slug":"camel-breeze-white","status":"publish","type":"product","link":"https:\/\/snus-malmo.se\/sv\/produkt\/camel-breeze-white\/","title":{"rendered":"Camel Breeze White"},"content":{"rendered":"<p><strong>Camel Breeze White<\/strong><\/p>\n<p>NYHET!, Camel Breeze White i nytt utf\u00f6rande\u00a0som f\u00f6ljer det nya regelverket kring mentolcigaretter.<\/p>\n<p>Nya Camel Breeze White g\u00f6r att dessa inte klassas som tidigare, allts\u00e5 med \u201dkarakt\u00e4ristisk smak\u201d av mentol.<\/p>\n<p>20-pack. En limpa med 10 askar.<\/p>\n<p><strong><em>N\u00e4r tr\u00e4der f\u00f6rbudet av menthol cigaretter i kraft?<\/em><\/strong><\/p>\n<p>F\u00f6rbudet tr\u00e4dde i kraft den 20 maj, alla Menthol &amp; Capsyl-cigaretter f\u00f6rbjuds att s\u00e4ljas i b\u00e5de Sverige och \u00f6ver hela EU.<\/p>\n<p>I samband med den nya lagstiftningen f\u00e5r cigaretter inte l\u00e4ngre ha \u201dkarakt\u00e4ristisk smak\u201d av mentol.<\/p>","protected":false},"excerpt":{"rendered":"<p><strong>Camel Breeze White<\/strong><\/p>\n<p>NYHET!, Camel Breeze White i nytt utf\u00f6rande\u00a0som f\u00f6ljer det nya regelverket kring mentolcigaretter.<\/p>\n<p>Nya Camel Breeze White g\u00f6r att dessa inte klassas som tidigare, allts\u00e5 med \u201dkarakt\u00e4ristisk smak\u201d av mentol.<\/p>\n<p>20-pack. En limpa med 10 askar.<\/p>\n<p><strong><em>N\u00e4r tr\u00e4der f\u00f6rbudet av menthol cigaretter i kraft?<\/em><\/strong><\/p>\n<p>F\u00f6rbudet tr\u00e4dde i kraft den 20 maj, alla Menthol &amp; Capsyl-cigaretter f\u00f6rbjuds att s\u00e4ljas i b\u00e5de Sverige och \u00f6ver hela EU.<\/p>\n<p>I samband med den nya lagstiftningen f\u00e5r cigaretter inte l\u00e4ngre ha \u201dkarakt\u00e4ristisk smak\u201d av mentol.<\/p>","protected":false},"featured_media":26531,"comment_status":"open","ping_status":"closed","template":"","meta":[],"product_brand":[],"product_cat":[181,28],"product_tag":[],"class_list":{"0":"post-56112","1":"product","2":"type-product","3":"status-publish","4":"has-post-thumbnail","6":"product_cat-camel","7":"product_cat-cigaretter","9":"first","10":"instock","11":"taxable","12":"shipping-taxable","13":"purchasable","14":"product-type-variable"},"_links":{"self":[{"href":"https:\/\/snus-malmo.se\/sv\/wp-json\/wp\/v2\/product\/56112","targetHints":{"allow":["GET"]}}],"collection":[{"href":"https:\/\/snus-malmo.se\/sv\/wp-json\/wp\/v2\/product"}],"about":[{"href":"https:\/\/snus-malmo.se\/sv\/wp-json\/wp\/v2\/types\/product"}],"replies":[{"embeddable":true,"href":"https:\/\/snus-malmo.se\/sv\/wp-json\/wp\/v2\/comments?post=56112"}],"version-history":[{"count":0,"href":"https:\/\/snus-malmo.se\/sv\/wp-json\/wp\/v2\/product\/56112\/revisions"}],"wp:featuredmedia":[{"embeddable":true,"href":"https:\/\/snus-malmo.se\/sv\/wp-json\/wp\/v2\/media\/26531"}],"wp:attachment":[{"href":"https:\/\/snus-malmo.se\/sv\/wp-json\/wp\/v2\/media?parent=56112"}],"wp:term":[{"taxonomy":"product_brand","embeddable":true,"href":"https:\/\/snus-malmo.se\/sv\/wp-json\/wp\/v2\/product_brand?post=56112"},{"taxonomy":"product_cat","embeddable":true,"href":"https:\/\/snus-malmo.se\/sv\/wp-json\/wp\/v2\/product_cat?post=56112"},{"taxonomy":"product_tag","embeddable":true,"href":"https:\/\/snus-malmo.se\/sv\/wp-json\/wp\/v2\/product_tag?post=56112"}],"curies":[{"name":"wp","href":"https:\/\/api.w.org\/{rel}","templated":true}]}}