{"id":56251,"date":"2025-05-23T17:00:43","date_gmt":"2025-05-23T17:00:43","guid":{"rendered":"https:\/\/snus-malmo.se\/?post_type=product&#038;p=56251"},"modified":"2025-07-28T02:11:55","modified_gmt":"2025-07-28T02:11:55","slug":"skruf-stark-white-portion-no-23","status":"publish","type":"product","link":"https:\/\/snus-malmo.se\/sv\/produkt\/skruf-stark-white-portion-no-23\/","title":{"rendered":"skruf Stark White Portion no.23"},"content":{"rendered":"<h1 class=\"material-item__headline\">Skruf Stark White Portion no.23<\/h1>\n<h2 data-start=\"217\" data-end=\"298\"><strong data-start=\"221\" data-end=\"298\">Skruf Stark White Portion No.23 \u2013 Klassisk tobakssmak med h\u00f6g nikotinhalt<\/strong><\/h2>\n<p data-start=\"300\" data-end=\"628\"><strong data-start=\"300\" data-end=\"335\">Skruf Stark White Portion No.23<\/strong> \u00e4r ett <strong data-start=\"343\" data-end=\"365\">white portionssnus<\/strong> med en <strong data-start=\"373\" data-end=\"404\">ren och klassisk tobakssmak<\/strong>, f\u00f6rfinad med <strong data-start=\"419\" data-end=\"462\">l\u00e4tta inslag av bergamott och rosenolja<\/strong>. Det tillverkas med en st\u00f6rre andel tobaksblad, vilket ger en kraftfull nikotinhalt p\u00e5 <strong data-start=\"550\" data-end=\"561\">14 mg\/g<\/strong> \u2013 perfekt f\u00f6r dig som s\u00f6ker ett starkare snus med balanserad smak.<\/p>\n<p data-start=\"630\" data-end=\"847\">Eftersom detta \u00e4r ett <strong data-start=\"652\" data-end=\"666\">white snus<\/strong> \u00e4r portionsp\u00e5sarna torrare och mindre fuktiga, vilket ger en <strong data-start=\"728\" data-end=\"783\">diskret, l\u00e5ngvarig och icke-rinnande snusupplevelse<\/strong>. Formatet \u00e4r bekv\u00e4mt och prillorna \u00e4r redo att anv\u00e4ndas direkt.<\/p>\n<hr data-start=\"849\" data-end=\"852\" \/>\n<h2 data-start=\"854\" data-end=\"915\"><strong data-start=\"859\" data-end=\"915\">Produktinformation \u2013 Skruf No.23 Stark White Portion<\/strong><\/h2>\n<ul data-start=\"916\" data-end=\"1271\">\n<li data-start=\"916\" data-end=\"998\">\n<p data-start=\"918\" data-end=\"998\"><strong data-start=\"918\" data-end=\"932\">Smakprofil<\/strong>: Klassisk tobak, med subtila nyanser av bergamott och rosenolja<\/p>\n<\/li>\n<li data-start=\"999\" data-end=\"1059\">\n<p data-start=\"1001\" data-end=\"1059\"><strong data-start=\"1001\" data-end=\"1008\">Typ<\/strong>: White Portion (torrare p\u00e5sar, mindre rinnighet)<\/p>\n<\/li>\n<li data-start=\"1060\" data-end=\"1084\">\n<p data-start=\"1062\" data-end=\"1084\"><strong data-start=\"1062\" data-end=\"1072\">Format<\/strong>: Standard<\/p>\n<\/li>\n<li data-start=\"1085\" data-end=\"1123\">\n<p data-start=\"1087\" data-end=\"1123\"><strong data-start=\"1087\" data-end=\"1104\">Nikotinstyrka<\/strong>: Stark \u2013 14 mg\/g<\/p>\n<\/li>\n<li data-start=\"1124\" data-end=\"1164\">\n<p data-start=\"1126\" data-end=\"1164\"><strong data-start=\"1126\" data-end=\"1152\">Nikotinhalt per prilla<\/strong>: ca 13 mg<\/p>\n<\/li>\n<li data-start=\"1165\" data-end=\"1202\">\n<p data-start=\"1167\" data-end=\"1202\"><strong data-start=\"1167\" data-end=\"1193\">Antal prillor per dosa<\/strong>: 24 st<\/p>\n<\/li>\n<li data-start=\"1203\" data-end=\"1236\">\n<p data-start=\"1205\" data-end=\"1236\"><strong data-start=\"1205\" data-end=\"1224\">Vikt per prilla<\/strong>: ca 0,9 g<\/p>\n<\/li>\n<li data-start=\"1237\" data-end=\"1271\">\n<p data-start=\"1239\" data-end=\"1271\"><strong data-start=\"1239\" data-end=\"1261\">Totalvikt per dosa<\/strong>: 21,6 g<\/p>\n<\/li>\n<\/ul>\n<hr data-start=\"1273\" data-end=\"1276\" \/>\n<h3 data-start=\"1278\" data-end=\"1299\"><strong data-start=\"1283\" data-end=\"1299\">Ingredienser<\/strong><\/h3>\n<p data-start=\"1300\" data-end=\"1416\">Tobak, vatten, fuktighetsbevarande medel (E1520), surhetsreglerande medel (E500), smakf\u00f6rst\u00e4rkare (koksalt), aromer.<\/p>\n<hr data-start=\"1418\" data-end=\"1421\" \/>\n<p data-start=\"1423\" data-end=\"1599\">\ud83d\udc49 <strong data-start=\"1426\" data-end=\"1479\">K\u00f6p Skruf Stark White Portion No.23 hos veloop.se<\/strong>:<br data-start=\"1480\" data-end=\"1483\" \/><a class=\"\" href=\"https:\/\/snus-malmo.se\/sv\/produkt-kategori\/alla-produkter\/skruf\/\" target=\"_new\" rel=\"noopener\" data-start=\"1483\" data-end=\"1599\">https:\/\/snus-malmo.se\/product-category\/alla-produkter\/skruf\/<\/a><\/p>\n<p data-start=\"1601\" data-end=\"1842\">\ud83d\udd0d <strong data-start=\"1604\" data-end=\"1700\">Se hela v\u00e5rt utbud av <a class=\"\" href=\"https:\/\/snus-malmo.se\/sv\/produkt-kategori\/alla-produkter\/skruf\/\" target=\"_new\" rel=\"noopener\" data-start=\"1628\" data-end=\"1698\">Skruf snus<\/a><\/strong><br data-start=\"1700\" data-end=\"1703\" \/>\ud83c\udf43 Uppt\u00e4ck fler <a class=\"\" href=\"https:\/\/snus-malmo.se\/sv\/produkt-kategori\/alla-produkter\/skruf\/\" target=\"_new\" rel=\"noopener\" data-start=\"1719\" data-end=\"1797\">white portionssnus<\/a> med h\u00f6g nikotinhalt och klassisk smakprofil.<\/p>","protected":false},"excerpt":{"rendered":"<h1 class=\"material-item__headline\">Skruf Stark White Portion no.23<\/h1>\n<p><strong data-start=\"0\" data-end=\"36\" data-is-only-node=\"\">Skruf Stark White Portion No. 23<\/strong> \u00e4r ett <strong data-start=\"44\" data-end=\"66\">nikotinstarkt snus<\/strong> med en <strong data-start=\"74\" data-end=\"92\">ren tobakssmak<\/strong> och subtila inslag av <strong data-start=\"115\" data-end=\"128\">bergamott<\/strong> och <strong data-start=\"133\" data-end=\"146\">rosenolja<\/strong>. Med en <strong data-start=\"155\" data-end=\"181\">nikotinhalt p\u00e5 14 mg\/g<\/strong> ger detta snus en intensiv och l\u00e5ngvarig upplevelse, perfekt f\u00f6r den som s\u00f6ker ett <strong data-start=\"265\" data-end=\"284\">kraftfullt snus<\/strong> utan rinnande v\u00e4tska. White-formatet inneb\u00e4r torra portionsp\u00e5sar f\u00f6r en diskret och bekv\u00e4m anv\u00e4ndning. Varje dosa inneh\u00e5ller 24 prillor.<\/p>\n<p data-start=\"1423\" data-end=\"1599\">\ud83d\udc49 <strong data-start=\"1426\" data-end=\"1479\">K\u00f6p Skruf Stark White Portion No.23 hos veloop.se<\/strong>:<br data-start=\"1480\" data-end=\"1483\" \/><a class=\"\" href=\"https:\/\/snus-malmo.se\/sv\/produkt-kategori\/alla-produkter\/skruf\/\" target=\"_new\" rel=\"noopener\" data-start=\"1483\" data-end=\"1599\">https:\/\/snus-malmo.se\/product-category\/alla-produkter\/skruf\/<\/a><\/p>\n<p data-start=\"1601\" data-end=\"1842\">\ud83d\udd0d <strong data-start=\"1604\" data-end=\"1700\">Se hela v\u00e5rt utbud av <a class=\"\" href=\"https:\/\/snus-malmo.se\/sv\/produkt-kategori\/alla-produkter\/skruf\/\" target=\"_new\" rel=\"noopener\" data-start=\"1628\" data-end=\"1698\">Skruf snus<\/a><\/strong><br data-start=\"1700\" data-end=\"1703\" \/>\ud83c\udf43 Uppt\u00e4ck fler <a class=\"\" href=\"https:\/\/snus-malmo.se\/sv\/produkt-kategori\/alla-produkter\/skruf\/\" target=\"_new\" rel=\"noopener\" data-start=\"1719\" data-end=\"1797\">white portionssnus<\/a> med h\u00f6g nikotinhalt och klassisk smakprofil.<\/p>","protected":false},"featured_media":62391,"comment_status":"open","ping_status":"closed","template":"","meta":[],"product_brand":[360],"product_cat":[117,135],"product_tag":[],"class_list":{"0":"post-56251","1":"product","2":"type-product","3":"status-publish","4":"has-post-thumbnail","6":"product_brand-skruf","7":"product_cat-skruf","8":"product_cat-white-portion","10":"first","11":"instock","12":"taxable","13":"shipping-taxable","14":"purchasable","15":"product-type-variable"},"_links":{"self":[{"href":"https:\/\/snus-malmo.se\/sv\/wp-json\/wp\/v2\/product\/56251","targetHints":{"allow":["GET"]}}],"collection":[{"href":"https:\/\/snus-malmo.se\/sv\/wp-json\/wp\/v2\/product"}],"about":[{"href":"https:\/\/snus-malmo.se\/sv\/wp-json\/wp\/v2\/types\/product"}],"replies":[{"embeddable":true,"href":"https:\/\/snus-malmo.se\/sv\/wp-json\/wp\/v2\/comments?post=56251"}],"version-history":[{"count":0,"href":"https:\/\/snus-malmo.se\/sv\/wp-json\/wp\/v2\/product\/56251\/revisions"}],"wp:featuredmedia":[{"embeddable":true,"href":"https:\/\/snus-malmo.se\/sv\/wp-json\/wp\/v2\/media\/62391"}],"wp:attachment":[{"href":"https:\/\/snus-malmo.se\/sv\/wp-json\/wp\/v2\/media?parent=56251"}],"wp:term":[{"taxonomy":"product_brand","embeddable":true,"href":"https:\/\/snus-malmo.se\/sv\/wp-json\/wp\/v2\/product_brand?post=56251"},{"taxonomy":"product_cat","embeddable":true,"href":"https:\/\/snus-malmo.se\/sv\/wp-json\/wp\/v2\/product_cat?post=56251"},{"taxonomy":"product_tag","embeddable":true,"href":"https:\/\/snus-malmo.se\/sv\/wp-json\/wp\/v2\/product_tag?post=56251"}],"curies":[{"name":"wp","href":"https:\/\/api.w.org\/{rel}","templated":true}]}}