{"id":56356,"date":"2025-05-23T17:00:53","date_gmt":"2025-05-23T17:00:53","guid":{"rendered":"https:\/\/snus-malmo.se\/?post_type=product&#038;p=56356"},"modified":"2025-07-27T22:09:49","modified_gmt":"2025-07-27T22:09:49","slug":"prillan-snuskrydda-snusaroma-saltlakrits","status":"publish","type":"product","link":"https:\/\/snus-malmo.se\/sv\/produkt\/prillan-snuskrydda-snusaroma-saltlakrits\/","title":{"rendered":"Prillan Snuskrydda (Snusaroma) Saltlakrits"},"content":{"rendered":"<h1>Prillan Snuskrydda (Snusarom) Saltlakrits<\/h1>\n<h2 data-start=\"244\" data-end=\"309\">Snusaromer \u2013 Smaks\u00e4tt ditt eget snus med aromer fr\u00e5n Veloop.se<\/h2>\n<p data-start=\"311\" data-end=\"603\">Hos <strong data-start=\"315\" data-end=\"328\">Veloop.se<\/strong> hittar du ett brett utbud av h\u00f6gkvalitativa <strong data-start=\"373\" data-end=\"387\">snusaromer<\/strong> som g\u00f6r det enkelt att s\u00e4tta personlig pr\u00e4gel p\u00e5 ditt hemtillverkade snus. Oavsett om du \u00e4r nyb\u00f6rjare eller erfaren snusmakare, ger v\u00e5ra aromer dig friheten att skapa den perfekta smaken \u2013 precis som du vill ha den.<\/p>\n<h3 data-start=\"605\" data-end=\"627\">Vad \u00e4r snusaromer?<\/h3>\n<p data-start=\"629\" data-end=\"935\"><strong data-start=\"629\" data-end=\"643\">Snusaromer<\/strong> \u00e4r koncentrerade smak\u00e4mnen som anv\u00e4nds f\u00f6r att ge smak \u00e5t g\u00f6r-det-sj\u00e4lv snussatser. De \u00e4r livsmedelsgodk\u00e4nda och enkla att dosera. Med bara n\u00e5gra milliliter kan du f\u00f6rvandla en neutral snusbas till en smakupplevelse \u2013 allt fr\u00e5n klassisk bergamott till modern mint, vanilj, lakrits eller b\u00e4r.<\/p>\n<h3 data-start=\"937\" data-end=\"980\">Varf\u00f6r v\u00e4lja snusaromer fr\u00e5n Veloop.se?<\/h3>\n<ul data-start=\"982\" data-end=\"1205\">\n<li data-start=\"982\" data-end=\"1032\">\n<p data-start=\"984\" data-end=\"1032\">\u2705 <strong data-start=\"986\" data-end=\"1030\">Stort utbud av popul\u00e4ra och unika smaker<\/strong><\/p>\n<\/li>\n<li data-start=\"1033\" data-end=\"1083\">\n<p data-start=\"1035\" data-end=\"1083\">\u2705 <strong data-start=\"1037\" data-end=\"1081\">Enkel dosering med tydliga instruktioner<\/strong><\/p>\n<\/li>\n<li data-start=\"1084\" data-end=\"1152\">\n<p data-start=\"1086\" data-end=\"1152\">\u2705 <strong data-start=\"1088\" data-end=\"1150\">H\u00f6g kvalitet \u2013 godk\u00e4nda f\u00f6r livsmedel och snustillverkning<\/strong><\/p>\n<\/li>\n<li data-start=\"1153\" data-end=\"1205\">\n<p data-start=\"1155\" data-end=\"1205\">\u2705 <strong data-start=\"1157\" data-end=\"1205\">Snabb leverans och fri frakt \u00f6ver viss summa<\/strong><\/p>\n<\/li>\n<\/ul>\n<p data-start=\"1207\" data-end=\"1346\">Vi p\u00e5 Veloop.se testar noggrant v\u00e5ra produkter och samarbetar med p\u00e5litliga tillverkare f\u00f6r att garantera smak, s\u00e4kerhet och j\u00e4mn kvalitet.<\/p>\n<h3 data-start=\"1348\" data-end=\"1393\">S\u00e5 smaks\u00e4tter du snus med v\u00e5ra snusaromer<\/h3>\n<ol data-start=\"1395\" data-end=\"1744\">\n<li data-start=\"1395\" data-end=\"1499\">\n<p data-start=\"1398\" data-end=\"1499\"><strong data-start=\"1398\" data-end=\"1423\">F\u00f6rbered din snussats<\/strong> enligt instruktionerna (t.ex. blanda snus, vatten och ev. natriumkarbonat).<\/p>\n<\/li>\n<li data-start=\"1500\" data-end=\"1600\">\n<p data-start=\"1503\" data-end=\"1600\"><strong data-start=\"1503\" data-end=\"1531\">Tills\u00e4tt valfri snusarom<\/strong> \u2013 vi rekommenderar ca 1\u20132 ml per 500 g snus, beroende p\u00e5 smakstyrka.<\/p>\n<\/li>\n<li data-start=\"1601\" data-end=\"1666\">\n<p data-start=\"1604\" data-end=\"1666\"><strong data-start=\"1604\" data-end=\"1623\">R\u00f6r om noggrant<\/strong> s\u00e5 att aromen f\u00f6rdelas j\u00e4mnt i snusmassan.<\/p>\n<\/li>\n<li data-start=\"1667\" data-end=\"1744\">\n<p data-start=\"1670\" data-end=\"1744\"><strong data-start=\"1670\" data-end=\"1714\">L\u00e5t snuset vila i kylsk\u00e5p i 24\u201348 timmar<\/strong> s\u00e5 utvecklas smaken optimalt.<\/p>\n<\/li>\n<\/ol>\n<p data-start=\"1746\" data-end=\"1882\">Tips! Prova g\u00e4rna att blanda olika smaker \u2013 till exempel mint &amp; lakrits eller vanilj &amp; tobak \u2013 f\u00f6r att skapa din egen signaturblandning.<\/p>\n<h3 data-start=\"1884\" data-end=\"1921\">Popul\u00e4ra snusaromer hos Veloop.se<\/h3>\n<ul data-start=\"1923\" data-end=\"2228\">\n<li data-start=\"1923\" data-end=\"2005\">\n<p data-start=\"1925\" data-end=\"2005\"><strong data-start=\"1925\" data-end=\"1938\">Bergamott<\/strong> \u2013 klassisk och citrusliknande, ofta anv\u00e4nd i traditionellt snus.<\/p>\n<\/li>\n<li data-start=\"2006\" data-end=\"2056\">\n<p data-start=\"2008\" data-end=\"2056\"><strong data-start=\"2008\" data-end=\"2025\">Mint &amp; Mentol<\/strong> \u2013 fr\u00e4sch och kylande k\u00e4nsla.<\/p>\n<\/li>\n<li data-start=\"2057\" data-end=\"2109\">\n<p data-start=\"2059\" data-end=\"2109\"><strong data-start=\"2059\" data-end=\"2070\">Lakrits<\/strong> \u2013 djup och s\u00f6t smak, en storfavorit.<\/p>\n<\/li>\n<li data-start=\"2110\" data-end=\"2160\">\n<p data-start=\"2112\" data-end=\"2160\"><strong data-start=\"2112\" data-end=\"2122\">Vanilj<\/strong> \u2013 rundar av smaken med mjuka toner.<\/p>\n<\/li>\n<li data-start=\"2161\" data-end=\"2228\">\n<p data-start=\"2163\" data-end=\"2228\"><strong data-start=\"2163\" data-end=\"2187\">Rom, Whisky &amp; Cognac<\/strong> \u2013 f\u00f6r dig som vill ha en exklusiv touch.<\/p>\n<\/li>\n<\/ul>\n<h3 data-start=\"2230\" data-end=\"2262\">Vanliga fr\u00e5gor om snusaromer<\/h3>\n<p data-start=\"2264\" data-end=\"2412\"><strong data-start=\"2264\" data-end=\"2297\">Hur l\u00e4nge h\u00e5ller en snusarom?<\/strong><br data-start=\"2297\" data-end=\"2300\" \/>F\u00f6rvarad svalt och m\u00f6rkt h\u00e5ller en o\u00f6ppnad flaska i minst 12 m\u00e5nader. \u00d6ppnad arom b\u00f6r anv\u00e4ndas inom 6\u20139 m\u00e5nader.<\/p>\n<p data-start=\"2414\" data-end=\"2555\"><strong data-start=\"2414\" data-end=\"2454\">\u00c4r det sv\u00e5rt att anv\u00e4nda snusaromer?<\/strong><br data-start=\"2454\" data-end=\"2457\" \/>Nej, det \u00e4r enkelt! V\u00e5ra flaskor har droppinsats f\u00f6r exakt dosering, och du f\u00e5r med instruktioner.<\/p>\n<p data-start=\"2557\" data-end=\"2699\"><strong data-start=\"2557\" data-end=\"2600\">Kan jag anv\u00e4nda flera smaker samtidigt?<\/strong><br data-start=\"2600\" data-end=\"2603\" \/>Ja! Det \u00e4r popul\u00e4rt att kombinera tv\u00e5 eller fler aromer f\u00f6r att f\u00e5 fram unika smakkombinationer.<\/p>\n<hr data-start=\"2701\" data-end=\"2704\" \/>\n<h3 data-start=\"2706\" data-end=\"2749\">Best\u00e4ll snusaromer online hos Veloop.se<\/h3>\n<p data-start=\"2751\" data-end=\"2970\">Utforska v\u00e5rt sortiment av snusaromer och ta din snustillverkning till n\u00e4sta niv\u00e5. Hos <strong data-start=\"2838\" data-end=\"2851\">Veloop.se<\/strong> handlar du tryggt och smidigt \u2013 med snabb leverans, schyssta priser och ett brinnande intresse f\u00f6r g\u00f6r-det-sj\u00e4lv snus.<\/p>\n<p data-start=\"2972\" data-end=\"3079\">\ud83d\udc49 <strong data-start=\"2975\" data-end=\"3006\">Se alla v\u00e5ra snusaromer h\u00e4r<\/strong><br data-start=\"3006\" data-end=\"3009\" \/>\ud83d\udc49 <strong data-start=\"3012\" data-end=\"3079\">Tips &amp; guider f\u00f6r snustillverkning hittar du i v\u00e5r kunskapsbank<\/strong><\/p>","protected":false},"excerpt":{"rendered":"<h1>Prillan Snuskrydda (Snusaroma) Saltlakrits<\/h1>\n<h2 data-start=\"158\" data-end=\"221\">Prillan SnusAroma Saltlakrits \u2013 Djup och fyllig lakritssmak<\/h2>\n<p data-start=\"223\" data-end=\"546\">Ge ditt hemtillverkade snus en kraftfull och autentisk smak med <strong data-start=\"287\" data-end=\"320\">Prillan SnusAroma Saltlakrits<\/strong>. Denna popul\u00e4ra arom ger en klassisk saltlakritston med tydlig karakt\u00e4r \u2013 perfekt f\u00f6r dig som gillar snus med b\u00e5de s\u00f6tma och s\u00e4lta. Passar utm\u00e4rkt b\u00e5de som ensam smak eller i kombination med andra aromer som mint eller tobak.<\/p>\n<p data-start=\"548\" data-end=\"641\">\u2705 Livsmedelsgodk\u00e4nd<br data-start=\"567\" data-end=\"570\" \/>\u2705 Enkel att dosera \u2013 1\u20132 ml per 500 g snus<br data-start=\"612\" data-end=\"615\" \/>\u2705 R\u00e4cker till flera satser<\/p>\n<p data-start=\"643\" data-end=\"734\">\ud83d\udc49 Ett sj\u00e4lvklart val f\u00f6r alla lakrits\u00e4lskare som vill s\u00e4tta personlig pr\u00e4gel p\u00e5 sitt snus!<\/p>","protected":false},"featured_media":63164,"comment_status":"open","ping_status":"closed","template":"","meta":[],"product_brand":[],"product_cat":[113,282,283],"product_tag":[],"class_list":{"0":"post-56356","1":"product","2":"type-product","3":"status-publish","4":"has-post-thumbnail","6":"product_cat-prillan","7":"product_cat-snustillbehor","8":"product_cat-tillbehor-gora-eget-snus","10":"first","11":"instock","12":"taxable","13":"shipping-taxable","14":"purchasable","15":"product-type-variable"},"_links":{"self":[{"href":"https:\/\/snus-malmo.se\/sv\/wp-json\/wp\/v2\/product\/56356","targetHints":{"allow":["GET"]}}],"collection":[{"href":"https:\/\/snus-malmo.se\/sv\/wp-json\/wp\/v2\/product"}],"about":[{"href":"https:\/\/snus-malmo.se\/sv\/wp-json\/wp\/v2\/types\/product"}],"replies":[{"embeddable":true,"href":"https:\/\/snus-malmo.se\/sv\/wp-json\/wp\/v2\/comments?post=56356"}],"version-history":[{"count":0,"href":"https:\/\/snus-malmo.se\/sv\/wp-json\/wp\/v2\/product\/56356\/revisions"}],"wp:featuredmedia":[{"embeddable":true,"href":"https:\/\/snus-malmo.se\/sv\/wp-json\/wp\/v2\/media\/63164"}],"wp:attachment":[{"href":"https:\/\/snus-malmo.se\/sv\/wp-json\/wp\/v2\/media?parent=56356"}],"wp:term":[{"taxonomy":"product_brand","embeddable":true,"href":"https:\/\/snus-malmo.se\/sv\/wp-json\/wp\/v2\/product_brand?post=56356"},{"taxonomy":"product_cat","embeddable":true,"href":"https:\/\/snus-malmo.se\/sv\/wp-json\/wp\/v2\/product_cat?post=56356"},{"taxonomy":"product_tag","embeddable":true,"href":"https:\/\/snus-malmo.se\/sv\/wp-json\/wp\/v2\/product_tag?post=56356"}],"curies":[{"name":"wp","href":"https:\/\/api.w.org\/{rel}","templated":true}]}}