{"id":56440,"date":"2025-05-23T17:01:02","date_gmt":"2025-05-23T17:01:02","guid":{"rendered":"https:\/\/snus-malmo.se\/?post_type=product&#038;p=56440"},"modified":"2025-11-29T10:47:51","modified_gmt":"2025-11-29T10:47:51","slug":"on-mint-3-mg","status":"publish","type":"product","link":"https:\/\/snus-malmo.se\/sv\/produkt\/on-mint-3-mg\/","title":{"rendered":"On! Mint 3 mg"},"content":{"rendered":"<p><strong>On! Mint cooling sensation<\/strong><br \/>\nEn uppfriskande krispig mintsmak med kylande effekt och nikotinleverans s\u00e5 fort de vita, torra p\u00e5sarna blivit lite fuktiga. Diskret miniformat som passar framf\u00f6rallt dig som inte vill att det ska k\u00e4nnas eller synas s\u00e4rskilt mycket. on! Mint finns i tv\u00e5 nikotinstyrkor: 3 mg och 6 mg.<\/p>\n<p>On! finns i tre goda smaker: Mint, Licorice och Citrus.<\/p>\n<p>&nbsp;<\/p>\n<table class=\"product-specs\">\n<thead>\n<tr>\n<th>Fakta om produkten<\/th>\n<th class=\"text-right\"><\/th>\n<\/tr>\n<\/thead>\n<tbody>\n<tr>\n<td class=\"spec-key\">Varum\u00e4rke<\/td>\n<td class=\"spec-value text-right\">On!<\/td>\n<\/tr>\n<tr>\n<td class=\"spec-key\">Produkttyp<\/td>\n<td class=\"spec -value text-right\">all white portion<\/td>\n<\/tr>\n<tr>\n<td class=\"spec-key\">Nikotinstyrka<\/td>\n<td class=\"spec -value text-right\">normal<\/td>\n<\/tr>\n<tr>\n<td class=\"spec-key\">Nikotinhalt<\/td>\n<td class=\"spec -value text-right\">11 mg\/g<\/td>\n<\/tr>\n<tr>\n<td class=\"spec-key\">Smak<\/td>\n<td class=\"spec -value text-right\">mint<\/td>\n<\/tr>\n<tr>\n<td class=\"spec-key\">Inneh\u00e5ll\/f\u00f6rpackning<\/td>\n<td class=\"spec -value text-right\">6,4 g<\/td>\n<\/tr>\n<tr>\n<td class=\"spec-key\">Snustyp<\/td>\n<td class=\"spec -value text-right\">White dry mini snus mint<\/td>\n<\/tr>\n<tr>\n<td class=\"spec-key\">Format<\/td>\n<td class=\"spec -value text-right\">Mini<\/td>\n<\/tr>\n<tr>\n<td class=\"spec-key\">Producent<\/td>\n<td class=\"spec-value text-right\">R\u00e5\u00e5 S<\/td>\n<\/tr>\n<\/tbody>\n<\/table>","protected":false},"excerpt":{"rendered":"<p>on! Mint \u00e4r kritvita white dry tobaksfria nikotinp\u00e5sar som inneh\u00e5ller 3 mg nikotin per prilla. Nikotinp\u00e5sarna kommer i mini form av torra portioner med en varaktig smak av mint.<\/p>","protected":false},"featured_media":23773,"comment_status":"open","ping_status":"closed","template":"","meta":[],"product_brand":[],"product_cat":[110],"product_tag":[],"class_list":{"0":"post-56440","1":"product","2":"type-product","3":"status-publish","4":"has-post-thumbnail","6":"product_cat-on","8":"first","9":"instock","10":"taxable","11":"shipping-taxable","12":"purchasable","13":"product-type-variable"},"_links":{"self":[{"href":"https:\/\/snus-malmo.se\/sv\/wp-json\/wp\/v2\/product\/56440","targetHints":{"allow":["GET"]}}],"collection":[{"href":"https:\/\/snus-malmo.se\/sv\/wp-json\/wp\/v2\/product"}],"about":[{"href":"https:\/\/snus-malmo.se\/sv\/wp-json\/wp\/v2\/types\/product"}],"replies":[{"embeddable":true,"href":"https:\/\/snus-malmo.se\/sv\/wp-json\/wp\/v2\/comments?post=56440"}],"version-history":[{"count":0,"href":"https:\/\/snus-malmo.se\/sv\/wp-json\/wp\/v2\/product\/56440\/revisions"}],"wp:featuredmedia":[{"embeddable":true,"href":"https:\/\/snus-malmo.se\/sv\/wp-json\/wp\/v2\/media\/23773"}],"wp:attachment":[{"href":"https:\/\/snus-malmo.se\/sv\/wp-json\/wp\/v2\/media?parent=56440"}],"wp:term":[{"taxonomy":"product_brand","embeddable":true,"href":"https:\/\/snus-malmo.se\/sv\/wp-json\/wp\/v2\/product_brand?post=56440"},{"taxonomy":"product_cat","embeddable":true,"href":"https:\/\/snus-malmo.se\/sv\/wp-json\/wp\/v2\/product_cat?post=56440"},{"taxonomy":"product_tag","embeddable":true,"href":"https:\/\/snus-malmo.se\/sv\/wp-json\/wp\/v2\/product_tag?post=56440"}],"curies":[{"name":"wp","href":"https:\/\/api.w.org\/{rel}","templated":true}]}}