{"id":56456,"date":"2025-05-23T17:01:03","date_gmt":"2025-05-23T17:01:03","guid":{"rendered":"https:\/\/snus-malmo.se\/?post_type=product&#038;p=56456"},"modified":"2025-07-25T15:58:55","modified_gmt":"2025-07-25T15:58:55","slug":"on-plus-berry-slim","status":"publish","type":"product","link":"https:\/\/snus-malmo.se\/sv\/produkt\/on-plus-berry-slim\/","title":{"rendered":"On! Plus Berry Slim"},"content":{"rendered":"<h2>Om produkten On! Plus Berry Slim<\/h2>\n<p>On! Plus Berry Slim Regular \u00e4r ett vitt snus tillverkat av Helix Sweden. Denna produkt, som tillh\u00f6r Slim-formatet, inneh\u00e5ller inte tobak men inneh\u00e5ller nikotin. Produkten anses ha en normal styrka.<\/p>\n<h2>On! Plus Berry Slim Regular: Smakprofil &amp; Nikotinhalt<\/h2>\n<p>Den specifika smaken av detta vita snus har en blandad b\u00e4rarom. Produkten har ett slimmat format och r\u00e4knas som normalstark. Nikotinhalt per portion \u00e4r 6 mg och totalt nikotin per gram \u00e4r 8,4 mg.<\/p>\n<h3>Information om On! Plus Berry Slim Regular:<\/h3>\n<ul>\n<li>Kategori: Vitt snus<\/li>\n<li>Smakprofil: Blandade b\u00e4r<\/li>\n<li>Styrkedefinition: Normal<\/li>\n<li>Tillverkare: Helix Sweden<\/li>\n<li>Nikotin mg\/portion: 6 mg<\/li>\n<li>Antal portioner per dosa: 20<\/li>\n<\/ul>\n<h3>Ytterligare Information om On!<\/h3>\n<p>On! \u00e4r ett varum\u00e4rke som fokuserar p\u00e5 tillverkning av nikotinprodukter. De str\u00e4var efter att utveckla en m\u00e4ngd olika produkter som uppfyller kundens f\u00f6rv\u00e4ntningar genom att erbjuda olika smaker och nikotinstyrkor.<\/p>","protected":false},"excerpt":{"rendered":"<p>On! Plus Berry Slim Regular \u00e4r ett snus med blandad b\u00e4rarom och med normal styrka. Detta slim-format snus levereras med 20 portioner per dosa.<\/p>","protected":false},"featured_media":23798,"comment_status":"open","ping_status":"closed","template":"","meta":[],"product_brand":[],"product_cat":[110],"product_tag":[],"class_list":{"0":"post-56456","1":"product","2":"type-product","3":"status-publish","4":"has-post-thumbnail","6":"product_cat-on","8":"first","9":"instock","10":"taxable","11":"shipping-taxable","12":"purchasable","13":"product-type-variable"},"_links":{"self":[{"href":"https:\/\/snus-malmo.se\/sv\/wp-json\/wp\/v2\/product\/56456","targetHints":{"allow":["GET"]}}],"collection":[{"href":"https:\/\/snus-malmo.se\/sv\/wp-json\/wp\/v2\/product"}],"about":[{"href":"https:\/\/snus-malmo.se\/sv\/wp-json\/wp\/v2\/types\/product"}],"replies":[{"embeddable":true,"href":"https:\/\/snus-malmo.se\/sv\/wp-json\/wp\/v2\/comments?post=56456"}],"version-history":[{"count":0,"href":"https:\/\/snus-malmo.se\/sv\/wp-json\/wp\/v2\/product\/56456\/revisions"}],"wp:featuredmedia":[{"embeddable":true,"href":"https:\/\/snus-malmo.se\/sv\/wp-json\/wp\/v2\/media\/23798"}],"wp:attachment":[{"href":"https:\/\/snus-malmo.se\/sv\/wp-json\/wp\/v2\/media?parent=56456"}],"wp:term":[{"taxonomy":"product_brand","embeddable":true,"href":"https:\/\/snus-malmo.se\/sv\/wp-json\/wp\/v2\/product_brand?post=56456"},{"taxonomy":"product_cat","embeddable":true,"href":"https:\/\/snus-malmo.se\/sv\/wp-json\/wp\/v2\/product_cat?post=56456"},{"taxonomy":"product_tag","embeddable":true,"href":"https:\/\/snus-malmo.se\/sv\/wp-json\/wp\/v2\/product_tag?post=56456"}],"curies":[{"name":"wp","href":"https:\/\/api.w.org\/{rel}","templated":true}]}}