{"id":56473,"date":"2025-05-23T17:01:05","date_gmt":"2025-05-23T17:01:05","guid":{"rendered":"https:\/\/snus-malmo.se\/?post_type=product&#038;p=56473"},"modified":"2025-07-25T15:57:51","modified_gmt":"2025-07-25T15:57:51","slug":"on-plus-citrus-slim","status":"publish","type":"product","link":"https:\/\/snus-malmo.se\/sv\/produkt\/on-plus-citrus-slim\/","title":{"rendered":"On! Plus Citrus Slim"},"content":{"rendered":"<h2>Om produkten On! Plus Citrus Slim<\/h2>\n<p>On! Plus Citrus Slim Regular \u00e4r fr\u00e5n varum\u00e4rket On!, producerat av Helix Sweden. Detta \u00e4r en All White Portion produkt, vilket p\u00e5 svenska betyder vitt snus. Produktformatet \u00e4r slim, inneb\u00e4rande en avsmalnande och formanpassad konstruktion. Denna produkt inneh\u00e5ller inte tobak, men inneh\u00e5ller nikotin. Nikotinhalten f\u00f6r denna produkt angives som normal.<\/p>\n<h2>On! Plus Citrus Slim Regular: Smak &amp; Nikotinhalt<\/h2>\n<p>On! Plus Citrus Slim Regular \u00e4r en All White Portion-artikel med citrussmak. Den har ett slimmat format, vilket betyder en mindre synlig och formanpassad konstruktion. Nikotinhalt f\u00f6r denna produkt karakteriseras som normal, vilket betyder att den har en nikotinhalt p\u00e5 6 mg\/per portion och 8,4 mg\/g.<\/p>\n<h3>Fakta ang\u00e5ende On! Plus Citrus Slim Regular:<\/h3>\n<ul>\n<li>Kategori: vitt snus<\/li>\n<li>Karakt\u00e4ristik: Citrus<\/li>\n<li>Nikotinhalt: Normal<\/li>\n<li>Producent: Helix Sweden<\/li>\n<li>Nikotin Mg\/portion: 6 mg<\/li>\n<li>Antal prillor per dosa: 20<\/li>\n<\/ul>\n<h3>Mer information om On!<\/h3>\n<p>On! \u00e4r ett varum\u00e4rke som producerar nikotinprodukter i flera olika smaker och nikotinstyrkor. Deras produkter innefattar inte tobak, vilket erbjuder ett alternativ f\u00f6r individer som s\u00f6ker nikotinprodukter utan tobak.<\/p>","protected":false},"excerpt":{"rendered":"<p>On! Plus Citrus Slim Regular \u00e4r en citrussmakande produkt fr\u00e5n varum\u00e4rket On!. Nikotinhalt f\u00f6r denna produkt anges som normal och dess format \u00e4r slim. Produkten inneh\u00e5ller 20 portioner per dosa. Det \u00e4r en vitt snus-produkt.<\/p>","protected":false},"featured_media":23812,"comment_status":"open","ping_status":"closed","template":"","meta":[],"product_brand":[],"product_cat":[110],"product_tag":[],"class_list":{"0":"post-56473","1":"product","2":"type-product","3":"status-publish","4":"has-post-thumbnail","6":"product_cat-on","8":"first","9":"instock","10":"taxable","11":"shipping-taxable","12":"purchasable","13":"product-type-variable"},"_links":{"self":[{"href":"https:\/\/snus-malmo.se\/sv\/wp-json\/wp\/v2\/product\/56473","targetHints":{"allow":["GET"]}}],"collection":[{"href":"https:\/\/snus-malmo.se\/sv\/wp-json\/wp\/v2\/product"}],"about":[{"href":"https:\/\/snus-malmo.se\/sv\/wp-json\/wp\/v2\/types\/product"}],"replies":[{"embeddable":true,"href":"https:\/\/snus-malmo.se\/sv\/wp-json\/wp\/v2\/comments?post=56473"}],"version-history":[{"count":0,"href":"https:\/\/snus-malmo.se\/sv\/wp-json\/wp\/v2\/product\/56473\/revisions"}],"wp:featuredmedia":[{"embeddable":true,"href":"https:\/\/snus-malmo.se\/sv\/wp-json\/wp\/v2\/media\/23812"}],"wp:attachment":[{"href":"https:\/\/snus-malmo.se\/sv\/wp-json\/wp\/v2\/media?parent=56473"}],"wp:term":[{"taxonomy":"product_brand","embeddable":true,"href":"https:\/\/snus-malmo.se\/sv\/wp-json\/wp\/v2\/product_brand?post=56473"},{"taxonomy":"product_cat","embeddable":true,"href":"https:\/\/snus-malmo.se\/sv\/wp-json\/wp\/v2\/product_cat?post=56473"},{"taxonomy":"product_tag","embeddable":true,"href":"https:\/\/snus-malmo.se\/sv\/wp-json\/wp\/v2\/product_tag?post=56473"}],"curies":[{"name":"wp","href":"https:\/\/api.w.org\/{rel}","templated":true}]}}