{"id":56478,"date":"2025-05-23T17:01:06","date_gmt":"2025-05-23T17:01:06","guid":{"rendered":"https:\/\/snus-malmo.se\/?post_type=product&#038;p=56478"},"modified":"2025-07-25T15:57:29","modified_gmt":"2025-07-25T15:57:29","slug":"on-plus-citrus-slim-strong","status":"publish","type":"product","link":"https:\/\/snus-malmo.se\/sv\/produkt\/on-plus-citrus-slim-strong\/","title":{"rendered":"On! Plus Citrus Slim Strong"},"content":{"rendered":"<div class=\"product__description rte quick-add-hidden\">\n<div class=\"buy-pane\">\n<div class=\"tab-content buy-tabs-content\">\n<div id=\"buy\" class=\"tab-pane active\">\n<div>\n<div class=\"variants list\">\n<h2>Om produkten On! Plus Citrus Slim Strong<\/h2>\n<p>On! Plus Citrus Slim Strong \u00e4r en produkt fr\u00e5n varum\u00e4rket On!, producerad av Helix Sweden. Det \u00e4r en All White Portion-produkt, med formatet slim. Produkten inneh\u00e5ller ingen tobak, men den inneh\u00e5ller nikotin. Styrkedefinitionen f\u00f6r denna produkt \u00e4r stark.<\/p>\n<h2>On! Plus Citrus Slim Strong: Smak &amp; Styrka<\/h2>\n<p>Denna All White Portion-produkt har Citrus som \u00f6verv\u00e4gande smak. Formatet \u00e4r slim och styrkan kategoriseras som stark. Nikotinhalt per portion \u00e4r 9 mg och totala nikotinhalt per gram \u00e4r 12,6 mg.<\/p>\n<h3>Information om On! Plus Citrus Slim Strong:<\/h3>\n<ul>\n<li>Kategori: All White Portion<\/li>\n<li>Karakt\u00e4rssegment: Citrus<\/li>\n<li>Styrkedefinition: Stark<\/li>\n<li>Tillverkare: Helix Sweden<\/li>\n<li>Nikotin mg\/portion: 9 mg<\/li>\n<li>Antal dosor per f\u00f6rpackning: 20<\/li>\n<\/ul>\n<h3>Mer information om On!<\/h3>\n<p>On! \u00e4r ett varum\u00e4rke som tillhandah\u00e5ller nikotinprodukter i olika karakt\u00e4rer och styrkor.<\/p>\n<\/div>\n<\/div>\n<\/div>\n<\/div>\n<\/div>\n<\/div>\n<p>&nbsp;<\/p>","protected":false},"excerpt":{"rendered":"<p>On! Plus Citrus Slim Strong \u00e4r en citrussmakande All White Portion fr\u00e5n On!. Produkten har en\u00a0stark styrkedefinitionen och formatet slim, varje dosa inneh\u00e5ller 20 dosor.<\/p>","protected":false},"featured_media":23820,"comment_status":"open","ping_status":"closed","template":"","meta":[],"product_brand":[],"product_cat":[110],"product_tag":[],"class_list":{"0":"post-56478","1":"product","2":"type-product","3":"status-publish","4":"has-post-thumbnail","6":"product_cat-on","8":"first","9":"instock","10":"taxable","11":"shipping-taxable","12":"purchasable","13":"product-type-variable"},"_links":{"self":[{"href":"https:\/\/snus-malmo.se\/sv\/wp-json\/wp\/v2\/product\/56478","targetHints":{"allow":["GET"]}}],"collection":[{"href":"https:\/\/snus-malmo.se\/sv\/wp-json\/wp\/v2\/product"}],"about":[{"href":"https:\/\/snus-malmo.se\/sv\/wp-json\/wp\/v2\/types\/product"}],"replies":[{"embeddable":true,"href":"https:\/\/snus-malmo.se\/sv\/wp-json\/wp\/v2\/comments?post=56478"}],"version-history":[{"count":0,"href":"https:\/\/snus-malmo.se\/sv\/wp-json\/wp\/v2\/product\/56478\/revisions"}],"wp:featuredmedia":[{"embeddable":true,"href":"https:\/\/snus-malmo.se\/sv\/wp-json\/wp\/v2\/media\/23820"}],"wp:attachment":[{"href":"https:\/\/snus-malmo.se\/sv\/wp-json\/wp\/v2\/media?parent=56478"}],"wp:term":[{"taxonomy":"product_brand","embeddable":true,"href":"https:\/\/snus-malmo.se\/sv\/wp-json\/wp\/v2\/product_brand?post=56478"},{"taxonomy":"product_cat","embeddable":true,"href":"https:\/\/snus-malmo.se\/sv\/wp-json\/wp\/v2\/product_cat?post=56478"},{"taxonomy":"product_tag","embeddable":true,"href":"https:\/\/snus-malmo.se\/sv\/wp-json\/wp\/v2\/product_tag?post=56478"}],"curies":[{"name":"wp","href":"https:\/\/api.w.org\/{rel}","templated":true}]}}