{"id":56490,"date":"2025-05-23T17:01:06","date_gmt":"2025-05-23T17:01:06","guid":{"rendered":"https:\/\/snus-malmo.se\/?post_type=product&#038;p=56490"},"modified":"2025-07-25T15:57:05","modified_gmt":"2025-07-25T15:57:05","slug":"on-plus-smooth-mint-slim-strong","status":"publish","type":"product","link":"https:\/\/snus-malmo.se\/sv\/produkt\/on-plus-smooth-mint-slim-strong\/","title":{"rendered":"On! Plus Smooth Mint Slim Strong"},"content":{"rendered":"<h2>Om produkten On! Plus Smooth Mint Slim Strong<\/h2>\n<p>Den helvita prillan Plus Smooth Mint Slim Strong fr\u00e5n On! \u00e4r en nikotinp\u00e5se som \u00e4r fri fr\u00e5n tobak. Ist\u00e4llet har nikotin extraherats ur tobakplantan och blivit tillsatt tillsammans med aromer, vatten och v\u00e4xtfiber. De h\u00e4r p\u00e5sarna \u00e4r mjuka och har l\u00e5g rinnighet n\u00e4r de ligger under l\u00e4ppen. En dosa On! Plus Smooth Mint Slim Strong kommer med 20 stycken nikotinportioner.<\/p>\n<ul>\n<li>Varum\u00e4rke: On!<\/li>\n<li>Tillverkare: Helix Sweden<\/li>\n<li>Smak: Mint<\/li>\n<li>Format: Slim<\/li>\n<li>Produkttyp: All white portion<\/li>\n<li>Antal per dosa: 20<\/li>\n<li>Nikotinhalt: 12,6 mg\/g<\/li>\n<li>Styrka: Stark<\/li>\n<\/ul>\n<h2>Nikotinhalt i On! Plus Smooth Mint Slim Strong<\/h2>\n<p>Det h\u00e4r \u00e4r nikotinp\u00e5sar som inneh\u00e5ller 12,6 milligram nikotin per gram och har en stark nikotinstyrka. On! Plus Smooth Mint Slim Strong inneh\u00e5ller nikotinsalt som fris\u00e4tts successivt under l\u00e4ppen.<\/p>\n<h2>Om all white portions fr\u00e5n On!<\/h2>\n<p>Svenska tillverkaren Helix Sweden har tagit fram varum\u00e4rket\u00a0On!\u00a0som har ett brett sortiment av all white-portioner. Plus Smooth Mint Slim Strong \u00e4r en del av m\u00e4rkets nikotinprodukter med stark styrka.<\/p>","protected":false},"excerpt":{"rendered":"<p>Portion On! Plus Smooth Mint Slim Strong \u00e4r en all white-p\u00e5se med ett slimmat format och en smak av mint. Prillan har en nikotinhalt som r\u00e4knas som stark och nikotinstyrka 3\/4.<\/p>","protected":false},"featured_media":23843,"comment_status":"open","ping_status":"closed","template":"","meta":[],"product_brand":[],"product_cat":[110],"product_tag":[],"class_list":{"0":"post-56490","1":"product","2":"type-product","3":"status-publish","4":"has-post-thumbnail","6":"product_cat-on","8":"first","9":"instock","10":"taxable","11":"shipping-taxable","12":"purchasable","13":"product-type-variable"},"_links":{"self":[{"href":"https:\/\/snus-malmo.se\/sv\/wp-json\/wp\/v2\/product\/56490","targetHints":{"allow":["GET"]}}],"collection":[{"href":"https:\/\/snus-malmo.se\/sv\/wp-json\/wp\/v2\/product"}],"about":[{"href":"https:\/\/snus-malmo.se\/sv\/wp-json\/wp\/v2\/types\/product"}],"replies":[{"embeddable":true,"href":"https:\/\/snus-malmo.se\/sv\/wp-json\/wp\/v2\/comments?post=56490"}],"version-history":[{"count":0,"href":"https:\/\/snus-malmo.se\/sv\/wp-json\/wp\/v2\/product\/56490\/revisions"}],"wp:featuredmedia":[{"embeddable":true,"href":"https:\/\/snus-malmo.se\/sv\/wp-json\/wp\/v2\/media\/23843"}],"wp:attachment":[{"href":"https:\/\/snus-malmo.se\/sv\/wp-json\/wp\/v2\/media?parent=56490"}],"wp:term":[{"taxonomy":"product_brand","embeddable":true,"href":"https:\/\/snus-malmo.se\/sv\/wp-json\/wp\/v2\/product_brand?post=56490"},{"taxonomy":"product_cat","embeddable":true,"href":"https:\/\/snus-malmo.se\/sv\/wp-json\/wp\/v2\/product_cat?post=56490"},{"taxonomy":"product_tag","embeddable":true,"href":"https:\/\/snus-malmo.se\/sv\/wp-json\/wp\/v2\/product_tag?post=56490"}],"curies":[{"name":"wp","href":"https:\/\/api.w.org\/{rel}","templated":true}]}}