{"id":56670,"date":"2025-05-23T17:01:25","date_gmt":"2025-05-23T17:01:25","guid":{"rendered":"https:\/\/snus-malmo.se\/?post_type=product&#038;p=56670"},"modified":"2025-11-29T10:41:56","modified_gmt":"2025-11-29T10:41:56","slug":"loop-habanero-mint-slim-hyper-strong","status":"publish","type":"product","link":"https:\/\/snus-malmo.se\/sv\/produkt\/loop-habanero-mint-slim-hyper-strong\/","title":{"rendered":"Loop Habanero Mint Slim Hyper Strong"},"content":{"rendered":"<h2>Om produkten Loop Habanero Mint Slim Hyper Strong<\/h2>\n<p>All white-prillorna Loop Habanero Mint Hyper Strong leveras i en dosa tillverkad av 100 % v\u00e4xtbaserat material. Det \u00e4r den f\u00f6rsta dosan f\u00f6r tobaksfritt snus som \u00e4r milj\u00f6v\u00e4nlig. Nikotinp\u00e5sarna har en slimmad form. De ger mycket smak av mint som frig\u00f6rs under en l\u00e4ngre tid.<\/p>\n<ul>\n<li>Varum\u00e4rke: Loop<\/li>\n<li>Smak: Mint<\/li>\n<li>Produkttyp: All white<\/li>\n<li>Format: Slim<\/li>\n<li>Nikotinstyrka: 25 mg\/g<\/li>\n<li>Portioner der dosa: 22 stycken<\/li>\n<li>Tillverkare: Another Snus Factory<\/li>\n<\/ul>\n<h2>Nikotinstyrka hos Loop Habanero Mint Hyper Strong<\/h2>\n<p>Nikotinp\u00e5sar Loop Habanero Mint Hyper Strong tillh\u00f6r de starkaste all white-produkterna fr\u00e5n varum\u00e4rket. De har en nikotinhalt p\u00e5 25 milligram per gram och klassificeras d\u00e4rf\u00f6r som extra starka.<\/p>\n<h2>Varum\u00e4rket Loop<\/h2>\n<p>All white-snuset fr\u00e5n Loop tillverkas i deras fabrik i Stockholm. Varum\u00e4rket har fokus p\u00e5 att leverera tobaksfritt snus med maximal smak men med minimal p\u00e5verkan p\u00e5 klimatet. Loop Habanero Mint Hyper Strong har nikotinstyrka 4\/4.<\/p>\n<table class=\"product-specs\">\n<thead>\n<tr>\n<th>Fakta om produkten<\/th>\n<th class=\"text-right\"><\/th>\n<\/tr>\n<\/thead>\n<tbody>\n<tr>\n<td class=\"spec-key\">Varum\u00e4rke<\/td>\n<td class=\"spec-value text-right\">Loop<\/td>\n<\/tr>\n<tr>\n<td class=\"spec-key\">Produkttyp<\/td>\n<td class=\"spec -value text-right\">all white portion<\/td>\n<\/tr>\n<tr>\n<td class=\"spec-key\">Nikotinstyrka<\/td>\n<td class=\"spec -value text-right\">Hyper stark<\/td>\n<\/tr>\n<tr>\n<td class=\"spec-key\">Nikotinhalt<\/td>\n<td class=\"spec -value text-right\">25 mg\/g<\/td>\n<\/tr>\n<tr>\n<td class=\"spec-key\">Smak<\/td>\n<td class=\"spec -value text-right\">mint<\/td>\n<\/tr>\n<tr>\n<td class=\"spec-key\">Inneh\u00e5ll\/f\u00f6rpackning<\/td>\n<td class=\"spec -value text-right\">13,75 g<\/td>\n<\/tr>\n<tr>\n<td class=\"spec-key\">Snustyp<\/td>\n<td class=\"spec -value text-right\">All White Portion Slim<\/td>\n<\/tr>\n<tr>\n<td class=\"spec-key\">Format<\/td>\n<td class=\"spec -value text-right\">Slim<\/td>\n<\/tr>\n<tr>\n<td class=\"spec-key\">Producent<\/td>\n<td class=\"spec-value text-right\">Another Snus Factory<\/td>\n<\/tr>\n<\/tbody>\n<\/table>","protected":false},"excerpt":{"rendered":"<p>Nikotinp\u00e5sarna Loop Habanero Mint Hyper Strong har en smak av mint. Prillorna \u00e4r en all white-produkt fr\u00e5n Loop snus med extra h\u00f6g nikotinstyrka. De \u00e4r \u00e4ven helt utan tobak.<\/p>","protected":false},"featured_media":24055,"comment_status":"open","ping_status":"closed","template":"","meta":[],"product_brand":[],"product_cat":[136,388,103,137],"product_tag":[],"class_list":{"0":"post-56670","1":"product","2":"type-product","3":"status-publish","4":"has-post-thumbnail","6":"product_cat-all-whites","7":"product_cat-hyper-strong","8":"product_cat-loop","9":"product_cat-slim","11":"first","12":"instock","13":"taxable","14":"shipping-taxable","15":"purchasable","16":"product-type-variable"},"_links":{"self":[{"href":"https:\/\/snus-malmo.se\/sv\/wp-json\/wp\/v2\/product\/56670","targetHints":{"allow":["GET"]}}],"collection":[{"href":"https:\/\/snus-malmo.se\/sv\/wp-json\/wp\/v2\/product"}],"about":[{"href":"https:\/\/snus-malmo.se\/sv\/wp-json\/wp\/v2\/types\/product"}],"replies":[{"embeddable":true,"href":"https:\/\/snus-malmo.se\/sv\/wp-json\/wp\/v2\/comments?post=56670"}],"version-history":[{"count":0,"href":"https:\/\/snus-malmo.se\/sv\/wp-json\/wp\/v2\/product\/56670\/revisions"}],"wp:featuredmedia":[{"embeddable":true,"href":"https:\/\/snus-malmo.se\/sv\/wp-json\/wp\/v2\/media\/24055"}],"wp:attachment":[{"href":"https:\/\/snus-malmo.se\/sv\/wp-json\/wp\/v2\/media?parent=56670"}],"wp:term":[{"taxonomy":"product_brand","embeddable":true,"href":"https:\/\/snus-malmo.se\/sv\/wp-json\/wp\/v2\/product_brand?post=56670"},{"taxonomy":"product_cat","embeddable":true,"href":"https:\/\/snus-malmo.se\/sv\/wp-json\/wp\/v2\/product_cat?post=56670"},{"taxonomy":"product_tag","embeddable":true,"href":"https:\/\/snus-malmo.se\/sv\/wp-json\/wp\/v2\/product_tag?post=56670"}],"curies":[{"name":"wp","href":"https:\/\/api.w.org\/{rel}","templated":true}]}}