{"id":56708,"date":"2025-05-23T17:01:28","date_gmt":"2025-05-23T17:01:28","guid":{"rendered":"https:\/\/snus-malmo.se\/?post_type=product&#038;p=56708"},"modified":"2025-11-29T10:41:46","modified_gmt":"2025-11-29T10:41:46","slug":"loop-jalapeno-lime-extra-strong","status":"publish","type":"product","link":"https:\/\/snus-malmo.se\/sv\/produkt\/loop-jalapeno-lime-extra-strong\/","title":{"rendered":"Loop Jalapeno Lime Extra Strong"},"content":{"rendered":"<p><strong>OBS! Ny dosdesign.\u00a0Under en \u00f6verg\u00e5ngsperiod s\u00e5 kan nya och \u00e4ldre dos-versioner f\u00f6rekomma.<\/strong><\/p>\n<h2>Om produkten Loop Jalapeno Lime Extra Strong<\/h2>\n<p>Som alla LOOP-produkter har den en mjuk och angen\u00e4m smak som varar l\u00e4nge. Jalape\u00f1o Lime Extra Strong \u00e4r en Extra\u00a0stark prilla med 20\u00a0mg nikotin\/g som ger en snabb och kraftig nikotinleverans genom InstantRush<sup>TM<\/sup>-teknologin. LOOP kommer i ett diskret slim-format och ger en fuktig upplevelse utan n\u00e5got rinn.<\/p>\n<p>Loop Jalapeno Lime Extra\u00a0Strong \u00e4r en av det senaste nyheterna bland nikotinp\u00e5sar.\u00a0G\u00e4nget bakom Loop \u00e4r nystartade Another Snus Factory som har tillsammans 50+ \u00e5r\u00a0erfarenhet av nikotinprodukter.<\/p>\n<table class=\"product-specs\">\n<thead>\n<tr>\n<th>Fakta om produkten<\/th>\n<th class=\"text-right\"><\/th>\n<\/tr>\n<\/thead>\n<tbody>\n<tr>\n<td class=\"spec-key\">Varum\u00e4rke<\/td>\n<td class=\"spec-value text-right\">Loop<\/td>\n<\/tr>\n<tr>\n<td class=\"spec-key\">Produkttyp<\/td>\n<td class=\"spec -value text-right\">all white portion<\/td>\n<\/tr>\n<tr>\n<td class=\"spec-key\">Nikotinstyrka<\/td>\n<td class=\"spec -value text-right\">extra stark<\/td>\n<\/tr>\n<tr>\n<td class=\"spec-key\">Nikotinhalt<\/td>\n<td class=\"spec -value text-right\">20 mg\/g<\/td>\n<\/tr>\n<tr>\n<td class=\"spec-key\">Smak<\/td>\n<td class=\"spec -value text-right\">citrus<\/td>\n<\/tr>\n<tr>\n<td class=\"spec-key\">Inneh\u00e5ll\/f\u00f6rpackning<\/td>\n<td class=\"spec -value text-right\">15 g<\/td>\n<\/tr>\n<tr>\n<td class=\"spec-key\">Snustyp<\/td>\n<td class=\"spec -value text-right\">All White Portion Slim<\/td>\n<\/tr>\n<tr>\n<td class=\"spec-key\">Format<\/td>\n<td class=\"spec -value text-right\">Slim<\/td>\n<\/tr>\n<tr>\n<td class=\"spec-key\">Producent<\/td>\n<td class=\"spec-value text-right\">Another Snus Factory<\/td>\n<\/tr>\n<\/tbody>\n<\/table>","protected":false},"excerpt":{"rendered":"<p>Loop Jalapeno Lime Extra Strong har en syrlig och fr\u00e4sch lime i kombo med sp\u00e4nnande hetta av pepprig gr\u00f6n jalape\u00f1o. Levereras med nikotinstyrkan Extra stark.<\/p>","protected":false},"featured_media":24123,"comment_status":"open","ping_status":"closed","template":"","meta":[],"product_brand":[],"product_cat":[136,355,103,137],"product_tag":[],"class_list":{"0":"post-56708","1":"product","2":"type-product","3":"status-publish","4":"has-post-thumbnail","6":"product_cat-all-whites","7":"product_cat-extra-strongextra-stark","8":"product_cat-loop","9":"product_cat-slim","11":"first","12":"instock","13":"taxable","14":"shipping-taxable","15":"purchasable","16":"product-type-variable"},"_links":{"self":[{"href":"https:\/\/snus-malmo.se\/sv\/wp-json\/wp\/v2\/product\/56708","targetHints":{"allow":["GET"]}}],"collection":[{"href":"https:\/\/snus-malmo.se\/sv\/wp-json\/wp\/v2\/product"}],"about":[{"href":"https:\/\/snus-malmo.se\/sv\/wp-json\/wp\/v2\/types\/product"}],"replies":[{"embeddable":true,"href":"https:\/\/snus-malmo.se\/sv\/wp-json\/wp\/v2\/comments?post=56708"}],"version-history":[{"count":0,"href":"https:\/\/snus-malmo.se\/sv\/wp-json\/wp\/v2\/product\/56708\/revisions"}],"wp:featuredmedia":[{"embeddable":true,"href":"https:\/\/snus-malmo.se\/sv\/wp-json\/wp\/v2\/media\/24123"}],"wp:attachment":[{"href":"https:\/\/snus-malmo.se\/sv\/wp-json\/wp\/v2\/media?parent=56708"}],"wp:term":[{"taxonomy":"product_brand","embeddable":true,"href":"https:\/\/snus-malmo.se\/sv\/wp-json\/wp\/v2\/product_brand?post=56708"},{"taxonomy":"product_cat","embeddable":true,"href":"https:\/\/snus-malmo.se\/sv\/wp-json\/wp\/v2\/product_cat?post=56708"},{"taxonomy":"product_tag","embeddable":true,"href":"https:\/\/snus-malmo.se\/sv\/wp-json\/wp\/v2\/product_tag?post=56708"}],"curies":[{"name":"wp","href":"https:\/\/api.w.org\/{rel}","templated":true}]}}