{"id":56723,"date":"2025-05-23T17:01:31","date_gmt":"2025-05-23T17:01:31","guid":{"rendered":"https:\/\/snus-malmo.se\/?post_type=product&#038;p=56723"},"modified":"2025-11-29T10:41:42","modified_gmt":"2025-11-29T10:41:42","slug":"loop-jalapeno-lime-mini-all-white-portion","status":"publish","type":"product","link":"https:\/\/snus-malmo.se\/sv\/produkt\/loop-jalapeno-lime-mini-all-white-portion\/","title":{"rendered":"Loop Jalapeno Lime Mini All White Portion"},"content":{"rendered":"<p>Loop Jalapeno Lime Mini har en sp\u00e4nnande smakkombination\u00a0av syrlig och fr\u00e4sch lime tillsammans\u00a0med hetta av pepprig\u00a0gr\u00f6n jalape\u00f1o.<\/p>\n<p>Portionerna \u00e4r i formatet mini och har en nikotinhalt p\u00e5 15mg nikotin per gram.\u00a0Den nya dosdesignen \u00e4r gjord med 100% bioplast och \u00e4r \u00e5tervinningsbar.<\/p>\n<p>Loop Jalapeno Lime Mini\u00a0\u00e4r en av de\u00a0senaste nyheterna bland nikotinp\u00e5sar.\u00a0G\u00e4nget bakom Loop \u00e4r nystartade Another Snus Factory som tillsammans har 50+ \u00e5rs erfarenhet av nikotinprodukter.<\/p>\n<table class=\"product-specs\">\n<thead>\n<tr>\n<th>Fakta om produkten<\/th>\n<th class=\"text-right\"><\/th>\n<\/tr>\n<\/thead>\n<tbody>\n<tr>\n<td class=\"spec-key\">Varum\u00e4rke<\/td>\n<td class=\"spec-value text-right\">Loop<\/td>\n<\/tr>\n<tr>\n<td class=\"spec-key\">Produkttyp<\/td>\n<td class=\"spec -value text-right\">all white portion<\/td>\n<\/tr>\n<tr>\n<td class=\"spec-key\">Nikotinstyrka<\/td>\n<td class=\"spec -value text-right\">normal<\/td>\n<\/tr>\n<tr>\n<td class=\"spec-key\">Nikotinhalt<\/td>\n<td class=\"spec -value text-right\">15 mg\/g<\/td>\n<\/tr>\n<tr>\n<td class=\"spec-key\">Smak<\/td>\n<td class=\"spec -value text-right\">citrus<\/td>\n<\/tr>\n<tr>\n<td class=\"spec-key\">Inneh\u00e5ll\/f\u00f6rpackning<\/td>\n<td class=\"spec -value text-right\">9 g<\/td>\n<\/tr>\n<tr>\n<td class=\"spec-key\">Snustyp<\/td>\n<td class=\"spec -value text-right\">All White Portion Mini<\/td>\n<\/tr>\n<tr>\n<td class=\"spec-key\">Format<\/td>\n<td class=\"spec -value text-right\">Mini<\/td>\n<\/tr>\n<tr>\n<td class=\"spec-key\">Producent<\/td>\n<td class=\"spec-value text-right\">Another Snus Factory<\/td>\n<\/tr>\n<\/tbody>\n<\/table>","protected":false},"excerpt":{"rendered":"<p>Loop Jalapeno Lime Mini har samma smak av syrlig lime och het gr\u00f6n jalapeno som klassiska Loop Jalapeno Lime Slim fast i mini portioner.<\/p>","protected":false},"featured_media":24133,"comment_status":"open","ping_status":"closed","template":"","meta":[],"product_brand":[],"product_cat":[136,103,389,79,137],"product_tag":[],"class_list":{"0":"post-56723","1":"product","2":"type-product","3":"status-publish","4":"has-post-thumbnail","6":"product_cat-all-whites","7":"product_cat-loop","8":"product_cat-medium-normal","9":"product_cat-mini-portion","10":"product_cat-slim","12":"first","13":"instock","14":"taxable","15":"shipping-taxable","16":"purchasable","17":"product-type-variable"},"_links":{"self":[{"href":"https:\/\/snus-malmo.se\/sv\/wp-json\/wp\/v2\/product\/56723","targetHints":{"allow":["GET"]}}],"collection":[{"href":"https:\/\/snus-malmo.se\/sv\/wp-json\/wp\/v2\/product"}],"about":[{"href":"https:\/\/snus-malmo.se\/sv\/wp-json\/wp\/v2\/types\/product"}],"replies":[{"embeddable":true,"href":"https:\/\/snus-malmo.se\/sv\/wp-json\/wp\/v2\/comments?post=56723"}],"version-history":[{"count":0,"href":"https:\/\/snus-malmo.se\/sv\/wp-json\/wp\/v2\/product\/56723\/revisions"}],"wp:featuredmedia":[{"embeddable":true,"href":"https:\/\/snus-malmo.se\/sv\/wp-json\/wp\/v2\/media\/24133"}],"wp:attachment":[{"href":"https:\/\/snus-malmo.se\/sv\/wp-json\/wp\/v2\/media?parent=56723"}],"wp:term":[{"taxonomy":"product_brand","embeddable":true,"href":"https:\/\/snus-malmo.se\/sv\/wp-json\/wp\/v2\/product_brand?post=56723"},{"taxonomy":"product_cat","embeddable":true,"href":"https:\/\/snus-malmo.se\/sv\/wp-json\/wp\/v2\/product_cat?post=56723"},{"taxonomy":"product_tag","embeddable":true,"href":"https:\/\/snus-malmo.se\/sv\/wp-json\/wp\/v2\/product_tag?post=56723"}],"curies":[{"name":"wp","href":"https:\/\/api.w.org\/{rel}","templated":true}]}}