{"id":56729,"date":"2025-05-23T17:01:31","date_gmt":"2025-05-23T17:01:31","guid":{"rendered":"https:\/\/snus-malmo.se\/?post_type=product&#038;p=56729"},"modified":"2025-11-29T10:41:28","modified_gmt":"2025-11-29T10:41:28","slug":"loop-jalapeno-lime-normal","status":"publish","type":"product","link":"https:\/\/snus-malmo.se\/sv\/produkt\/loop-jalapeno-lime-normal\/","title":{"rendered":"Loop Jalapeno Lime Normal"},"content":{"rendered":"<h2>Om produkten Loop Jalapeno Lime Normal<\/h2>\n<p>Loop Jalapeno Lime \u00e4r en produkt fr\u00e5n varum\u00e4rket Loop, producerad av Another Snus Factory. Denna produkt kategoriseras som vitt snus. Produkten presenteras i slim format och \u00e4r tobaksfri men inneh\u00e5ller nikotin. Styrkan \u00e4r klassificerad som normal.<\/p>\n<h2>Loop Jalapeno Lime: Smak och Styrka<\/h2>\n<p>Loop Jalapeno Lime \u00e4r ett vitt snus med smaker av jalape\u00f1o och lime. Produkten har ett slimmat format och dess styrka klassas som normal. Varje portion inneh\u00e5ller 6,3 mg nikotin och totala nikotinhalten per gram \u00e4r 10 mg\/g.<\/p>\n<h3>Information om Loop Jalapeno Lime:<\/h3>\n<ul>\n<li><strong>Kategori:<\/strong>\u00a0Vitt Snus<\/li>\n<li><strong>Smakdefinition:<\/strong>\u00a0Jalape\u00f1o, Lime<\/li>\n<li><strong>Styrkedefinition:<\/strong>\u00a0Normal<\/li>\n<li><strong>Producent:<\/strong>\u00a0Another Snus Factory<\/li>\n<li><strong>Nikotin mg\/portion:<\/strong>\u00a06,3 mg<\/li>\n<li><strong>Antal prillor per dosa:<\/strong>\u00a022<\/li>\n<\/ul>\n<div class=\"row\">\n<div class=\"col-xs-12 content-section\"><\/div>\n<\/div>\n<table class=\"product-specs\">\n<thead>\n<tr>\n<th>Fakta om produkten<\/th>\n<th class=\"text-right\"><\/th>\n<\/tr>\n<\/thead>\n<tbody>\n<tr>\n<td class=\"spec-key\">Varum\u00e4rke<\/td>\n<td class=\"spec-value text-right\">Loop<\/td>\n<\/tr>\n<tr>\n<td class=\"spec-key\">Produkttyp<\/td>\n<td class=\"spec -value text-right\">vitt snus<\/td>\n<\/tr>\n<tr>\n<td class=\"spec-key\">Nikotinstyrka<\/td>\n<td class=\"spec -value text-right\">normal<\/td>\n<\/tr>\n<tr>\n<td class=\"spec-key\">Nikotinhalt<\/td>\n<td class=\"spec -value text-right\">10 mg\/g<\/td>\n<\/tr>\n<tr>\n<td class=\"spec-key\">Nikotinhalt (mg\/portion)<\/td>\n<td class=\"spec -value text-right\">6,3 mg\/portion<\/td>\n<\/tr>\n<tr>\n<td class=\"spec-key\">Smak<\/td>\n<td class=\"spec -value text-right\">chili<\/td>\n<\/tr>\n<tr>\n<td class=\"spec-key\">Inneh\u00e5ll\/f\u00f6rpackning<\/td>\n<td class=\"spec -value text-right\">13,8 g<\/td>\n<\/tr>\n<tr>\n<td class=\"spec-key\">Antal portioner\/f\u00f6rpackning<\/td>\n<td class=\"spec -value text-right\">22<\/td>\n<\/tr>\n<tr>\n<td class=\"spec-key\">Vikt per portion (gram)<\/td>\n<td class=\"spec -value text-right\">0,6 g<\/td>\n<\/tr>\n<tr>\n<td class=\"spec-key\">Format<\/td>\n<td class=\"spec -value text-right\">Slim<\/td>\n<\/tr>\n<tr>\n<td class=\"spec-key\">Lanseringsdatum<\/td>\n<td class=\"spec -value text-right\">2023-12-31<\/td>\n<\/tr>\n<tr>\n<td class=\"spec-key\">Ingredienser<\/td>\n<td class=\"spec -value text-right\">Vatten, fiber, s\u00f6tningsmedel (E968), aromer, nikotinresinat, surhetsreglerande medel (E500), klumpf\u00f6rebyggande medel (E551), citronsyra, koksalt, s\u00f6tningsmedel (E950), stabiliseringsmedel (E450), fuktighetsbevarande medel (E401), surhetsreglerande medel (E339), stabiliseringsmedel (E516), konserveringsmedel (E202).<\/td>\n<\/tr>\n<tr>\n<td class=\"spec-key\">Producent<\/td>\n<td class=\"spec-value text-right\">Another Snus Factory<\/td>\n<\/tr>\n<\/tbody>\n<\/table>","protected":false},"excerpt":{"rendered":"<p>Loop Jalapeno Lime \u00e4r ett vitt snus under varum\u00e4rket Loop. Smaken definieras av\u00a0<strong>jalape\u00f1o, lime<\/strong>\u00a0och produkten har en normal styrka. Formatet \u00e4r slim och det finns 22 portioner i varje dosa.<\/p>","protected":false},"featured_media":24147,"comment_status":"open","ping_status":"closed","template":"","meta":[],"product_brand":[],"product_cat":[136,103,389,137],"product_tag":[],"class_list":{"0":"post-56729","1":"product","2":"type-product","3":"status-publish","4":"has-post-thumbnail","6":"product_cat-all-whites","7":"product_cat-loop","8":"product_cat-medium-normal","9":"product_cat-slim","11":"first","12":"instock","13":"taxable","14":"shipping-taxable","15":"purchasable","16":"product-type-variable"},"_links":{"self":[{"href":"https:\/\/snus-malmo.se\/sv\/wp-json\/wp\/v2\/product\/56729","targetHints":{"allow":["GET"]}}],"collection":[{"href":"https:\/\/snus-malmo.se\/sv\/wp-json\/wp\/v2\/product"}],"about":[{"href":"https:\/\/snus-malmo.se\/sv\/wp-json\/wp\/v2\/types\/product"}],"replies":[{"embeddable":true,"href":"https:\/\/snus-malmo.se\/sv\/wp-json\/wp\/v2\/comments?post=56729"}],"version-history":[{"count":0,"href":"https:\/\/snus-malmo.se\/sv\/wp-json\/wp\/v2\/product\/56729\/revisions"}],"wp:featuredmedia":[{"embeddable":true,"href":"https:\/\/snus-malmo.se\/sv\/wp-json\/wp\/v2\/media\/24147"}],"wp:attachment":[{"href":"https:\/\/snus-malmo.se\/sv\/wp-json\/wp\/v2\/media?parent=56729"}],"wp:term":[{"taxonomy":"product_brand","embeddable":true,"href":"https:\/\/snus-malmo.se\/sv\/wp-json\/wp\/v2\/product_brand?post=56729"},{"taxonomy":"product_cat","embeddable":true,"href":"https:\/\/snus-malmo.se\/sv\/wp-json\/wp\/v2\/product_cat?post=56729"},{"taxonomy":"product_tag","embeddable":true,"href":"https:\/\/snus-malmo.se\/sv\/wp-json\/wp\/v2\/product_tag?post=56729"}],"curies":[{"name":"wp","href":"https:\/\/api.w.org\/{rel}","templated":true}]}}