{"id":56733,"date":"2025-05-23T17:01:31","date_gmt":"2025-05-23T17:01:31","guid":{"rendered":"https:\/\/snus-malmo.se\/?post_type=product&#038;p=56733"},"modified":"2025-10-28T08:34:40","modified_gmt":"2025-10-28T08:34:40","slug":"level-green","status":"publish","type":"product","link":"https:\/\/snus-malmo.se\/sv\/produkt\/level-green\/","title":{"rendered":"Level Green"},"content":{"rendered":"<p><strong>Level Green<\/strong><\/p>\n<p>NYHET!,\u00a0Level Green i nytt utf\u00f6rande\u00a0som f\u00f6ljer det nya regelverket kring mentolcigaretter.<\/p>\n<p>Nya\u00a0Level Green g\u00f6r att dessa inte klassas som tidigare, allts\u00e5 med \u201dkarakt\u00e4ristisk smak\u201d av mentol.<\/p>\n<p>20-pack. En limpa med 10 askar.<\/p>\n<p><strong><em>N\u00e4r tr\u00e4der f\u00f6rbudet av menthol cigaretter i kraft?<\/em><\/strong><\/p>\n<p>F\u00f6rbudet tr\u00e4dde i kraft den 20 maj, alla Menthol &amp; Capsyl-cigaretter f\u00f6rbjuds att s\u00e4ljas i b\u00e5de Sverige och \u00f6ver hela EU.<\/p>\n<p>I samband med den nya lagstiftningen f\u00e5r cigaretter inte l\u00e4ngre ha \u201dkarakt\u00e4ristisk smak\u201d av mentol.<\/p>","protected":false},"excerpt":{"rendered":"<p><strong>Level Green<\/strong><\/p>\n<p>NYHET!,\u00a0Level Green i nytt utf\u00f6rande\u00a0som f\u00f6ljer det nya regelverket kring mentolcigaretter.<\/p>\n<p>Nya\u00a0Level Green g\u00f6r att dessa inte klassas som tidigare, allts\u00e5 med \u201dkarakt\u00e4ristisk smak\u201d av mentol.<\/p>\n<p>20-pack. En limpa med 10 askar.<\/p>\n<p><strong><em>N\u00e4r tr\u00e4der f\u00f6rbudet av menthol cigaretter i kraft?<\/em><\/strong><\/p>\n<p>F\u00f6rbudet tr\u00e4dde i kraft den 20 maj, alla Menthol &amp; Capsyl-cigaretter f\u00f6rbjuds att s\u00e4ljas i b\u00e5de Sverige och \u00f6ver hela EU.<\/p>\n<p>I samband med den nya lagstiftningen f\u00e5r cigaretter inte l\u00e4ngre ha \u201dkarakt\u00e4ristisk smak\u201d av mentol.<\/p>","protected":false},"featured_media":26601,"comment_status":"open","ping_status":"closed","template":"","meta":[],"product_brand":[413],"product_cat":[28,223],"product_tag":[],"class_list":{"0":"post-56733","1":"product","2":"type-product","3":"status-publish","4":"has-post-thumbnail","6":"product_brand-level","7":"product_cat-cigaretter","8":"product_cat-level","10":"first","11":"instock","12":"taxable","13":"shipping-taxable","14":"purchasable","15":"product-type-variable"},"_links":{"self":[{"href":"https:\/\/snus-malmo.se\/sv\/wp-json\/wp\/v2\/product\/56733","targetHints":{"allow":["GET"]}}],"collection":[{"href":"https:\/\/snus-malmo.se\/sv\/wp-json\/wp\/v2\/product"}],"about":[{"href":"https:\/\/snus-malmo.se\/sv\/wp-json\/wp\/v2\/types\/product"}],"replies":[{"embeddable":true,"href":"https:\/\/snus-malmo.se\/sv\/wp-json\/wp\/v2\/comments?post=56733"}],"version-history":[{"count":0,"href":"https:\/\/snus-malmo.se\/sv\/wp-json\/wp\/v2\/product\/56733\/revisions"}],"wp:featuredmedia":[{"embeddable":true,"href":"https:\/\/snus-malmo.se\/sv\/wp-json\/wp\/v2\/media\/26601"}],"wp:attachment":[{"href":"https:\/\/snus-malmo.se\/sv\/wp-json\/wp\/v2\/media?parent=56733"}],"wp:term":[{"taxonomy":"product_brand","embeddable":true,"href":"https:\/\/snus-malmo.se\/sv\/wp-json\/wp\/v2\/product_brand?post=56733"},{"taxonomy":"product_cat","embeddable":true,"href":"https:\/\/snus-malmo.se\/sv\/wp-json\/wp\/v2\/product_cat?post=56733"},{"taxonomy":"product_tag","embeddable":true,"href":"https:\/\/snus-malmo.se\/sv\/wp-json\/wp\/v2\/product_tag?post=56733"}],"curies":[{"name":"wp","href":"https:\/\/api.w.org\/{rel}","templated":true}]}}