{"id":56770,"date":"2025-05-23T17:01:35","date_gmt":"2025-05-23T17:01:35","guid":{"rendered":"https:\/\/snus-malmo.se\/?post_type=product&#038;p=56770"},"modified":"2025-11-29T10:41:21","modified_gmt":"2025-11-29T10:41:21","slug":"loop-red-chili-melon-extra-strong","status":"publish","type":"product","link":"https:\/\/snus-malmo.se\/sv\/produkt\/loop-red-chili-melon-extra-strong\/","title":{"rendered":"Loop Red Chili Melon Extra Strong"},"content":{"rendered":"<h2>Om produkten Loop Red Chili Melon Extra Strong<\/h2>\n<p>All white-portionerna Loop Red Chili Melon Extra Strong levereras i en dosa som kallas f\u00f6r PlantCan. Den \u00e4r tillverkad av 100 % v\u00e4xtbaserad plast. Portionerna har en smakkombination av chili och vattenmelon. De har en torr yta med ett fuktat inneh\u00e5ll. P\u00e5sen \u00e4r perforerad f\u00f6r att successivt sl\u00e4ppa ifr\u00e5n sig smak och nikotin. Varje dosa inneh\u00e5ller 22 stycken portioner.<\/p>\n<ul>\n<li>Varum\u00e4rke: Loop<\/li>\n<li>Tillverkare: Another Snus Factory<\/li>\n<li>Smak: Chili<\/li>\n<li>Format: Slim<\/li>\n<li>Produkttyp: Nikotinp\u00e5sar<\/li>\n<li>Antal portioner per dosa: 22 stycken<\/li>\n<li>Nikotinhalt: 20 mg\/g<\/li>\n<li>Styrka: Extra stark<\/li>\n<\/ul>\n<h2>Nikotinstyrka i Loop Red Chili Melon Extra Strong<\/h2>\n<p>Loop Red Chili Melon Extra Strong har en nikotinhalt som ligger p\u00e5 20 milligram nikotin per gram. Det \u00e4r en styrka som klassificeras som extra stark n\u00e4r det kommer till nikotinp\u00e5sar.<\/p>\n<h2>Mer om helt vitt snus fr\u00e5n LOOP<\/h2>\n<p>Varum\u00e4rket LOOP\u00a0har helvitt snus i flera olika smaker. Produkterna finns \u00e4ven i varierande styrkor, bland annat nikotinstyrka 4\/4. Tillverkaren bakom varum\u00e4rket \u00e4r Another Snus Factory.<\/p>\n<table class=\"product-specs\">\n<thead>\n<tr>\n<th>Fakta om produkten<\/th>\n<th class=\"text-right\"><\/th>\n<\/tr>\n<\/thead>\n<tbody>\n<tr>\n<td class=\"spec-key\">Varum\u00e4rke<\/td>\n<td class=\"spec-value text-right\">Loop<\/td>\n<\/tr>\n<tr>\n<td class=\"spec-key\">Produkttyp<\/td>\n<td class=\"spec -value text-right\">all white portion<\/td>\n<\/tr>\n<tr>\n<td class=\"spec-key\">Nikotinstyrka<\/td>\n<td class=\"spec -value text-right\">Extra stark<\/td>\n<\/tr>\n<tr>\n<td class=\"spec-key\">Nikotinhalt<\/td>\n<td class=\"spec -value text-right\">20\u00a0mg\/g<\/td>\n<\/tr>\n<tr>\n<td class=\"spec-key\">Smak<\/td>\n<td class=\"spec -value text-right\">Chili<\/td>\n<\/tr>\n<tr>\n<td class=\"spec-key\">Inneh\u00e5ll\/f\u00f6rpackning<\/td>\n<td class=\"spec -value text-right\">13.75 g<\/td>\n<\/tr>\n<tr>\n<td class=\"spec-key\">Snustyp<\/td>\n<td class=\"spec -value text-right\">All White Portion Slim<\/td>\n<\/tr>\n<tr>\n<td class=\"spec-key\">Format<\/td>\n<td class=\"spec -value text-right\">Slim<\/td>\n<\/tr>\n<tr>\n<td class=\"spec-key\">Producent<\/td>\n<td class=\"spec-value text-right\">Another Snus Factory<\/td>\n<\/tr>\n<\/tbody>\n<\/table>","protected":false},"excerpt":{"rendered":"<p>Portionerna Loop Red Chili Melon Extra Strong \u00e4r helvita nikotinp\u00e5sar som \u00e4r utan tobak. De har smak av bland annat chili och kommer i ett slimmat format p\u00e5 portionerna.<\/p>","protected":false},"featured_media":24215,"comment_status":"open","ping_status":"closed","template":"","meta":[],"product_brand":[],"product_cat":[136,355,103,137],"product_tag":[],"class_list":{"0":"post-56770","1":"product","2":"type-product","3":"status-publish","4":"has-post-thumbnail","6":"product_cat-all-whites","7":"product_cat-extra-strongextra-stark","8":"product_cat-loop","9":"product_cat-slim","11":"first","12":"instock","13":"taxable","14":"shipping-taxable","15":"purchasable","16":"product-type-variable"},"_links":{"self":[{"href":"https:\/\/snus-malmo.se\/sv\/wp-json\/wp\/v2\/product\/56770","targetHints":{"allow":["GET"]}}],"collection":[{"href":"https:\/\/snus-malmo.se\/sv\/wp-json\/wp\/v2\/product"}],"about":[{"href":"https:\/\/snus-malmo.se\/sv\/wp-json\/wp\/v2\/types\/product"}],"replies":[{"embeddable":true,"href":"https:\/\/snus-malmo.se\/sv\/wp-json\/wp\/v2\/comments?post=56770"}],"version-history":[{"count":0,"href":"https:\/\/snus-malmo.se\/sv\/wp-json\/wp\/v2\/product\/56770\/revisions"}],"wp:featuredmedia":[{"embeddable":true,"href":"https:\/\/snus-malmo.se\/sv\/wp-json\/wp\/v2\/media\/24215"}],"wp:attachment":[{"href":"https:\/\/snus-malmo.se\/sv\/wp-json\/wp\/v2\/media?parent=56770"}],"wp:term":[{"taxonomy":"product_brand","embeddable":true,"href":"https:\/\/snus-malmo.se\/sv\/wp-json\/wp\/v2\/product_brand?post=56770"},{"taxonomy":"product_cat","embeddable":true,"href":"https:\/\/snus-malmo.se\/sv\/wp-json\/wp\/v2\/product_cat?post=56770"},{"taxonomy":"product_tag","embeddable":true,"href":"https:\/\/snus-malmo.se\/sv\/wp-json\/wp\/v2\/product_tag?post=56770"}],"curies":[{"name":"wp","href":"https:\/\/api.w.org\/{rel}","templated":true}]}}