{"id":56779,"date":"2025-05-23T17:01:35","date_gmt":"2025-05-23T17:01:35","guid":{"rendered":"https:\/\/snus-malmo.se\/?post_type=product&#038;p=56779"},"modified":"2025-11-29T10:41:18","modified_gmt":"2025-11-29T10:41:18","slug":"loop-red-chili-melon-hyper-strong","status":"publish","type":"product","link":"https:\/\/snus-malmo.se\/sv\/produkt\/loop-red-chili-melon-hyper-strong\/","title":{"rendered":"Loop Red Chili Melon Hyper Strong"},"content":{"rendered":"<h2>Om produkten Loop Red Chili Melon Hyper Strong<\/h2>\n<p>Loop Red Chili Melon Hyper Strong \u00e4r en produkt fr\u00e5n varum\u00e4rket Loop, tillverkad av Another Snus Factory. Detta \u00e4r en vitt snus-produkt i slimmat format som inte inneh\u00e5ller tobak men inneh\u00e5ller nikotin. Styrkan p\u00e5 produkten \u00e4r definierad som extra stark.<\/p>\n<h2>Loop Red Chili Melon Hyper Strong: Smak &amp; styrka<\/h2>\n<p>Produkten \u00e4r ett vitt snus med smaker av fruktig melon och stark chili, en perfekt blandning mellan s\u00f6tt och starkt. Styrkan \u00e4r definierad som extra stark, med en nikotinhalt p\u00e5 15,6 mg\/portion och 25 mg\/g.<\/p>\n<h3>Format: Slim<\/h3>\n<p>Loop Red Chili Melon Hyper Strong kommer i slim-format.<\/p>\n<h3>Fakta om Loop Red Chili Melon Hyper Strong:<\/h3>\n<ul>\n<li><strong>Kategori:<\/strong>\u00a0Vitt snus<\/li>\n<li><strong>Smak:<\/strong>\u00a0Melon, Chili<\/li>\n<li><strong>Styrkedefinition:<\/strong>\u00a0Extra Strong<\/li>\n<li><strong>Tillverkare:<\/strong>\u00a0Another Snus Factory<\/li>\n<li><strong>Nikotinhalt mg\/portion:<\/strong>\u00a015,6 mg<\/li>\n<li><strong>Antal prillor per dosa:<\/strong>\u00a022<\/li>\n<\/ul>\n<h3>Mer om Loop<\/h3>\n<p>Loop \u00e4r ett svenskt varum\u00e4rke grundat 2019 av tillverkaren Another Snus Factory. De erbjuder tobaksfria, all white produkter med en teknologi f\u00f6r nikotinfris\u00e4ttning. Loop str\u00e4var efter milj\u00f6medvetenhet med sina PlantCan-f\u00f6rpackningar, som \u00e4r tillverkade i 100% v\u00e4xtbaserad plast.<\/p>\n<div class=\"row\">\n<div class=\"col-xs-12 content-section\"><\/div>\n<\/div>\n<table class=\"product-specs\">\n<thead>\n<tr>\n<th>Fakta om produkten<\/th>\n<th class=\"text-right\"><\/th>\n<\/tr>\n<\/thead>\n<tbody>\n<tr>\n<td class=\"spec-key\">Varum\u00e4rke<\/td>\n<td class=\"spec-value text-right\">Loop<\/td>\n<\/tr>\n<tr>\n<td class=\"spec-key\">Produkttyp<\/td>\n<td class=\"spec -value text-right\">vitt snus<\/td>\n<\/tr>\n<tr>\n<td class=\"spec-key\">Nikotinstyrka<\/td>\n<td class=\"spec -value text-right\">extra stark<\/td>\n<\/tr>\n<tr>\n<td class=\"spec-key\">Nikotinhalt<\/td>\n<td class=\"spec -value text-right\">25 mg\/g<\/td>\n<\/tr>\n<tr>\n<td class=\"spec-key\">Nikotinhalt (mg\/portion)<\/td>\n<td class=\"spec -value text-right\">15,6 mg\/portion<\/td>\n<\/tr>\n<tr>\n<td class=\"spec-key\">Smak<\/td>\n<td class=\"spec -value text-right\">chili<\/td>\n<\/tr>\n<tr>\n<td class=\"spec-key\">Inneh\u00e5ll\/f\u00f6rpackning<\/td>\n<td class=\"spec -value text-right\">13,8 g<\/td>\n<\/tr>\n<tr>\n<td class=\"spec-key\">Antal portioner\/f\u00f6rpackning<\/td>\n<td class=\"spec -value text-right\">22<\/td>\n<\/tr>\n<tr>\n<td class=\"spec-key\">Vikt per portion (gram)<\/td>\n<td class=\"spec -value text-right\">0,6 g<\/td>\n<\/tr>\n<tr>\n<td class=\"spec-key\">Format<\/td>\n<td class=\"spec -value text-right\">Slim<\/td>\n<\/tr>\n<tr>\n<td class=\"spec-key\">Lanseringsdatum<\/td>\n<td class=\"spec -value text-right\">2024-04-18<\/td>\n<\/tr>\n<tr>\n<td class=\"spec-key\">Ingredienser<\/td>\n<td class=\"spec -value text-right\">Vatten, fiber, nikotinresinat, aromer, s\u00f6tningsmedel (E968), surhetsreglerande medel (E500), klumpf\u00f6rebyggande medel (E551), s\u00f6tningsmedel (E950), koksalt, stabiliseringsmedel (E450), fuktighetsbevarande medel (E401), surhetsreglerande medel (E339), stabiliseringsmedel (E516), konserveringsmedel (E202).<\/td>\n<\/tr>\n<tr>\n<td class=\"spec-key\">Producent<\/td>\n<td class=\"spec-value text-right\">Another Snus Factory<\/td>\n<\/tr>\n<\/tbody>\n<\/table>","protected":false},"excerpt":{"rendered":"<p>Loop Red Chili Melon Hyper Strong fr\u00e5n varum\u00e4rket Loop erbjuder en smak av fruktig melon med inslag av stark chili. Produkten har en extra stark styrka och inneh\u00e5ller 22 portioner per dosa. Produkttypen \u00e4r vitt snus.<\/p>","protected":false},"featured_media":24228,"comment_status":"open","ping_status":"closed","template":"","meta":[],"product_brand":[],"product_cat":[136,388,103,137],"product_tag":[],"class_list":{"0":"post-56779","1":"product","2":"type-product","3":"status-publish","4":"has-post-thumbnail","6":"product_cat-all-whites","7":"product_cat-hyper-strong","8":"product_cat-loop","9":"product_cat-slim","11":"first","12":"instock","13":"taxable","14":"shipping-taxable","15":"purchasable","16":"product-type-variable"},"_links":{"self":[{"href":"https:\/\/snus-malmo.se\/sv\/wp-json\/wp\/v2\/product\/56779","targetHints":{"allow":["GET"]}}],"collection":[{"href":"https:\/\/snus-malmo.se\/sv\/wp-json\/wp\/v2\/product"}],"about":[{"href":"https:\/\/snus-malmo.se\/sv\/wp-json\/wp\/v2\/types\/product"}],"replies":[{"embeddable":true,"href":"https:\/\/snus-malmo.se\/sv\/wp-json\/wp\/v2\/comments?post=56779"}],"version-history":[{"count":0,"href":"https:\/\/snus-malmo.se\/sv\/wp-json\/wp\/v2\/product\/56779\/revisions"}],"wp:featuredmedia":[{"embeddable":true,"href":"https:\/\/snus-malmo.se\/sv\/wp-json\/wp\/v2\/media\/24228"}],"wp:attachment":[{"href":"https:\/\/snus-malmo.se\/sv\/wp-json\/wp\/v2\/media?parent=56779"}],"wp:term":[{"taxonomy":"product_brand","embeddable":true,"href":"https:\/\/snus-malmo.se\/sv\/wp-json\/wp\/v2\/product_brand?post=56779"},{"taxonomy":"product_cat","embeddable":true,"href":"https:\/\/snus-malmo.se\/sv\/wp-json\/wp\/v2\/product_cat?post=56779"},{"taxonomy":"product_tag","embeddable":true,"href":"https:\/\/snus-malmo.se\/sv\/wp-json\/wp\/v2\/product_tag?post=56779"}],"curies":[{"name":"wp","href":"https:\/\/api.w.org\/{rel}","templated":true}]}}