{"id":56784,"date":"2025-05-23T17:01:35","date_gmt":"2025-05-23T17:01:35","guid":{"rendered":"https:\/\/snus-malmo.se\/?post_type=product&#038;p=56784"},"modified":"2025-11-29T10:41:14","modified_gmt":"2025-11-29T10:41:14","slug":"loop-red-chili-melon-mini","status":"publish","type":"product","link":"https:\/\/snus-malmo.se\/sv\/produkt\/loop-red-chili-melon-mini\/","title":{"rendered":"Loop Red Chili Melon Mini"},"content":{"rendered":"<p>Om produkten Loop Red Chili Melon Mini<br \/>\nNikotinportion Loop Red Chili Melon Mini \u00e4r en all white-portion som best\u00e5r av v\u00e4xtfiber, nikotin och smak\u00e4mnen. P\u00e5sen har en torr yta, vilket ger en l\u00e4gre rinnighet. Den h\u00e4r varianten kommer i en dosa med 20 stycken tobaksfria prillor. Dosan \u00e4r tillverkad av v\u00e4xtbaserad bioplast och i dosans lock finns ett fack avsett f\u00f6r anv\u00e4nda portioner.<\/p>\n<p>Varum\u00e4rke: Loop<br \/>\nTillverkare: Another Snus Factory<br \/>\nSmak: Chili<br \/>\nFormat: Mini<br \/>\nProdukttyp: All white portion<br \/>\nAntal portioner per dosa: 20<br \/>\nNikotinhalt: 15 mg\/g<br \/>\nStyrka: Normal<br \/>\nNikotinhalt i Loop Red Chili Melon Mini<br \/>\nLoop Red Chili Melon Mini \u00e4r helvita nikotinp\u00e5sar som inneh\u00e5ller tillsatt nikotin utvunnet ur tobaksplantan. Nikotininneh\u00e5llet ligger p\u00e5 15 milligram nikotin per gram, vilket \u00e4r klassificerat som normal nikotinstyrka.<\/p>\n<p>Om LOOP helt vitt snus<br \/>\nI utbudet fr\u00e5n LOOP finns flera varianter av helvitt snus med olika smak och styrka. Red Chili Melon Mini tillh\u00f6r varum\u00e4rkets nikotinp\u00e5sar med normal styrka<\/p>\n<p>Fakta om produkten<br \/>\nVarum\u00e4rke\tLoop<br \/>\nProdukttyp\tall white portion<br \/>\nNikotinstyrka\tNormal<br \/>\nNikotinhalt\t15 mg\/g<br \/>\nSmak\tChili<br \/>\nInneh\u00e5ll\/f\u00f6rpackning\t13.75 g<br \/>\nSnustyp\tAll White Portion Slim<br \/>\nFormat\tMini<br \/>\nProducent\tAnother Snus Factory<\/p>","protected":false},"excerpt":{"rendered":"<p>Nikotinp\u00e5sar Loop Red Chili Melon Mini har en smak av chili och vattenmelon. Den h\u00e4r tobaksfria prillan fr\u00e5n Loop snus kommer i ett litet format och har nikotinstyrka 2\/4.<\/p>","protected":false},"featured_media":24242,"comment_status":"open","ping_status":"closed","template":"","meta":[],"product_brand":[],"product_cat":[136,103,389,79],"product_tag":[],"class_list":{"0":"post-56784","1":"product","2":"type-product","3":"status-publish","4":"has-post-thumbnail","6":"product_cat-all-whites","7":"product_cat-loop","8":"product_cat-medium-normal","9":"product_cat-mini-portion","11":"first","12":"instock","13":"taxable","14":"shipping-taxable","15":"purchasable","16":"product-type-variable"},"_links":{"self":[{"href":"https:\/\/snus-malmo.se\/sv\/wp-json\/wp\/v2\/product\/56784","targetHints":{"allow":["GET"]}}],"collection":[{"href":"https:\/\/snus-malmo.se\/sv\/wp-json\/wp\/v2\/product"}],"about":[{"href":"https:\/\/snus-malmo.se\/sv\/wp-json\/wp\/v2\/types\/product"}],"replies":[{"embeddable":true,"href":"https:\/\/snus-malmo.se\/sv\/wp-json\/wp\/v2\/comments?post=56784"}],"version-history":[{"count":0,"href":"https:\/\/snus-malmo.se\/sv\/wp-json\/wp\/v2\/product\/56784\/revisions"}],"wp:featuredmedia":[{"embeddable":true,"href":"https:\/\/snus-malmo.se\/sv\/wp-json\/wp\/v2\/media\/24242"}],"wp:attachment":[{"href":"https:\/\/snus-malmo.se\/sv\/wp-json\/wp\/v2\/media?parent=56784"}],"wp:term":[{"taxonomy":"product_brand","embeddable":true,"href":"https:\/\/snus-malmo.se\/sv\/wp-json\/wp\/v2\/product_brand?post=56784"},{"taxonomy":"product_cat","embeddable":true,"href":"https:\/\/snus-malmo.se\/sv\/wp-json\/wp\/v2\/product_cat?post=56784"},{"taxonomy":"product_tag","embeddable":true,"href":"https:\/\/snus-malmo.se\/sv\/wp-json\/wp\/v2\/product_tag?post=56784"}],"curies":[{"name":"wp","href":"https:\/\/api.w.org\/{rel}","templated":true}]}}