{"id":56800,"date":"2025-05-23T17:01:37","date_gmt":"2025-05-23T17:01:37","guid":{"rendered":"https:\/\/snus-malmo.se\/?post_type=product&#038;p=56800"},"modified":"2025-11-29T10:41:10","modified_gmt":"2025-11-29T10:41:10","slug":"loop-red-chili-melon-normal","status":"publish","type":"product","link":"https:\/\/snus-malmo.se\/sv\/produkt\/loop-red-chili-melon-normal\/","title":{"rendered":"Loop Red Chili Melon Normal"},"content":{"rendered":"<h2>Om produkten Loop Red Chili Melon Normal<\/h2>\n<p>Loop Red Chili Melon Normal \u00e4r av varum\u00e4rket Loop, tillverkat av Another Snus Factory. Produkten betecknas som vitt snus, den inneh\u00e5ller inte tobak men inkluderar nikotin. Formatet f\u00f6r denna produkt \u00e4r slim. Styrkeindikationen f\u00f6r denna produkt anges som normal.<\/p>\n<h2>Loop Red Chili Melon Normal: Smak och Nikotininneh\u00e5ll<\/h2>\n<p>Loop Red Chili Melon Normal \u00e4r ett vitt snus, och har en presenterad smak av melon och chili. Denna produkt har en normal styrka, vilket inneb\u00e4r att nikotinhalten \u00e4r 6,3 mg per portion och 10 mg\/g.<\/p>\n<h3>Information om Loop Red Chili Melon Normal:<\/h3>\n<ul>\n<li><strong>Kategori:<\/strong>\u00a0Vitt snus<\/li>\n<li><strong>Smaksegment:<\/strong>\u00a0Melon och chili<\/li>\n<li><strong>Styrkedefinition:<\/strong>\u00a0Normal<\/li>\n<li><strong>Tillverkare:<\/strong>\u00a0Another Snus Factory<\/li>\n<li><strong>Nikotin mg\/portion:<\/strong>\u00a06,3 mg<\/li>\n<li><strong>Antal prillor per dosa:<\/strong>\u00a022<\/li>\n<\/ul>\n<h3>Information om Varum\u00e4rket Loop<\/h3>\n<p>Loop \u00e4r ett varum\u00e4rke som fokuserar p\u00e5 produktion av nikotinprodukter utan tobak, inklusive vitt snus. Varum\u00e4rket skapar produkter med varierande smaker och styrkor.<\/p>\n<div class=\"row\">\n<div class=\"col-xs-12 content-section\"><\/div>\n<\/div>\n<table class=\"product-specs\">\n<thead>\n<tr>\n<th>Fakta om produkten<\/th>\n<th class=\"text-right\"><\/th>\n<\/tr>\n<\/thead>\n<tbody>\n<tr>\n<td class=\"spec-key\">Varum\u00e4rke<\/td>\n<td class=\"spec-value text-right\">Loop<\/td>\n<\/tr>\n<tr>\n<td class=\"spec-key\">Produkttyp<\/td>\n<td class=\"spec -value text-right\">vitt snus<\/td>\n<\/tr>\n<tr>\n<td class=\"spec-key\">Nikotinstyrka<\/td>\n<td class=\"spec -value text-right\">normal<\/td>\n<\/tr>\n<tr>\n<td class=\"spec-key\">Nikotinhalt<\/td>\n<td class=\"spec -value text-right\">10 mg\/g<\/td>\n<\/tr>\n<tr>\n<td class=\"spec-key\">Nikotinhalt (mg\/portion)<\/td>\n<td class=\"spec -value text-right\">6,3 mg\/portion<\/td>\n<\/tr>\n<tr>\n<td class=\"spec-key\">Smak<\/td>\n<td class=\"spec -value text-right\">chili<\/td>\n<\/tr>\n<tr>\n<td class=\"spec-key\">Inneh\u00e5ll\/f\u00f6rpackning<\/td>\n<td class=\"spec -value text-right\">13,8 g<\/td>\n<\/tr>\n<tr>\n<td class=\"spec-key\">Antal portioner\/f\u00f6rpackning<\/td>\n<td class=\"spec -value text-right\">22<\/td>\n<\/tr>\n<tr>\n<td class=\"spec-key\">Vikt per portion (gram)<\/td>\n<td class=\"spec -value text-right\">0,6 g<\/td>\n<\/tr>\n<tr>\n<td class=\"spec-key\">Format<\/td>\n<td class=\"spec -value text-right\">Slim<\/td>\n<\/tr>\n<tr>\n<td class=\"spec-key\">Lanseringsdatum<\/td>\n<td class=\"spec -value text-right\">2024-01-02<\/td>\n<\/tr>\n<tr>\n<td class=\"spec-key\">Ingredienser<\/td>\n<td class=\"spec -value text-right\">Fiber, vatten, s\u00f6tningsmedel (E968), aromer, nikotinresinat, surhetsreglerande medel (E500), klumpf\u00f6rebyggande medel (E551), s\u00f6tningsmedel (E950), koksalt, stabiliseringsmedel (E450), fuktighetsbevarande medel (E401), surhetsreglerande medel (E339), stabiliseringsmedel (E516), konserveringsmedel (E202)<\/td>\n<\/tr>\n<tr>\n<td class=\"spec-key\">Producent<\/td>\n<td class=\"spec-value text-right\">Another Snus Factory<\/td>\n<\/tr>\n<\/tbody>\n<\/table>","protected":false},"excerpt":{"rendered":"<p>Produkten Loop Red Chili Melon presenterar en melonsmak. Produkten har en normal styrka och finns i slim-format. Varje dosa rymmer 22 portioner av vitt snus.<\/p>","protected":false},"featured_media":24258,"comment_status":"open","ping_status":"closed","template":"","meta":[],"product_brand":[],"product_cat":[136,103,389,137],"product_tag":[],"class_list":{"0":"post-56800","1":"product","2":"type-product","3":"status-publish","4":"has-post-thumbnail","6":"product_cat-all-whites","7":"product_cat-loop","8":"product_cat-medium-normal","9":"product_cat-slim","11":"first","12":"instock","13":"taxable","14":"shipping-taxable","15":"purchasable","16":"product-type-variable"},"_links":{"self":[{"href":"https:\/\/snus-malmo.se\/sv\/wp-json\/wp\/v2\/product\/56800","targetHints":{"allow":["GET"]}}],"collection":[{"href":"https:\/\/snus-malmo.se\/sv\/wp-json\/wp\/v2\/product"}],"about":[{"href":"https:\/\/snus-malmo.se\/sv\/wp-json\/wp\/v2\/types\/product"}],"replies":[{"embeddable":true,"href":"https:\/\/snus-malmo.se\/sv\/wp-json\/wp\/v2\/comments?post=56800"}],"version-history":[{"count":0,"href":"https:\/\/snus-malmo.se\/sv\/wp-json\/wp\/v2\/product\/56800\/revisions"}],"wp:featuredmedia":[{"embeddable":true,"href":"https:\/\/snus-malmo.se\/sv\/wp-json\/wp\/v2\/media\/24258"}],"wp:attachment":[{"href":"https:\/\/snus-malmo.se\/sv\/wp-json\/wp\/v2\/media?parent=56800"}],"wp:term":[{"taxonomy":"product_brand","embeddable":true,"href":"https:\/\/snus-malmo.se\/sv\/wp-json\/wp\/v2\/product_brand?post=56800"},{"taxonomy":"product_cat","embeddable":true,"href":"https:\/\/snus-malmo.se\/sv\/wp-json\/wp\/v2\/product_cat?post=56800"},{"taxonomy":"product_tag","embeddable":true,"href":"https:\/\/snus-malmo.se\/sv\/wp-json\/wp\/v2\/product_tag?post=56800"}],"curies":[{"name":"wp","href":"https:\/\/api.w.org\/{rel}","templated":true}]}}