{"id":56808,"date":"2025-05-23T17:01:38","date_gmt":"2025-05-23T17:01:38","guid":{"rendered":"https:\/\/snus-malmo.se\/?post_type=product&#038;p=56808"},"modified":"2025-11-29T10:41:06","modified_gmt":"2025-11-29T10:41:06","slug":"loop-red-chili-melon-strong","status":"publish","type":"product","link":"https:\/\/snus-malmo.se\/sv\/produkt\/loop-red-chili-melon-strong\/","title":{"rendered":"Loop Red Chili Melon Strong"},"content":{"rendered":"<h2>Om produkten Loop Red Chili Melon Strong<\/h2>\n<p>Nikotinp\u00e5sarna fr\u00e5n Loop Red Chili Melon Strong \u00e4r tobaksfria. Dessutom \u00e4r prillorna slimmade och sitter diskret under l\u00e4ppen. Produkten \u00e4r fuktig inuti men torrare utanp\u00e5, vilket bidrar till att det rinner mindre i munnen. Dessutom varar smakupplevelsen l\u00e4ngre.<\/p>\n<ul>\n<li>Varum\u00e4rke: Loop<\/li>\n<li>Smak: Melon \/ Chili<\/li>\n<li>Format: Slim<\/li>\n<li>Nikotinhalt: 15 mg\/g<\/li>\n<li>Antal Portioner: 22<\/li>\n<li>Tillverkare: Another Snus Factory<\/li>\n<\/ul>\n<p><strong><big>Nikotinstyrka i Loop Red Chili Melon<\/big><\/strong><\/p>\n<p>Nikotinp\u00e5sarna Loop Red Chili Melon Strong har en intensiv nikotinupplevelse som f\u00f6rmodligen \u00e4r starkare \u00e4n dem flesta andra produkter p\u00e5 grund av chilin som ger ett extra sting. Dessa nikotinp\u00e5sar har n\u00e4mligen en styrka p\u00e5 15 mg\/g nikotin.<\/p>\n<p><strong><big>Varum\u00e4rket Loop<\/big><\/strong><\/p>\n<p>Loop\u00a0tillverkas av Another Snus Factory som\u00a0tar ansvar f\u00f6r milj\u00f6n och deras dosor \u00e4r milj\u00f6v\u00e4nliga eftersom de \u00e4r helt v\u00e4xtbaserade.<\/p>\n<table class=\"product-specs\">\n<thead>\n<tr>\n<th>Fakta om produkten<\/th>\n<th class=\"text-right\"><\/th>\n<\/tr>\n<\/thead>\n<tbody>\n<tr>\n<td class=\"spec-key\">Varum\u00e4rke<\/td>\n<td class=\"spec-value text-right\">Loop<\/td>\n<\/tr>\n<tr>\n<td class=\"spec-key\">Produkttyp<\/td>\n<td class=\"spec -value text-right\">all white portion<\/td>\n<\/tr>\n<tr>\n<td class=\"spec-key\">Nikotinstyrka<\/td>\n<td class=\"spec -value text-right\">stark<\/td>\n<\/tr>\n<tr>\n<td class=\"spec-key\">Nikotinhalt<\/td>\n<td class=\"spec -value text-right\">15 mg\/g<\/td>\n<\/tr>\n<tr>\n<td class=\"spec-key\">Smak<\/td>\n<td class=\"spec -value text-right\">chili<\/td>\n<\/tr>\n<tr>\n<td class=\"spec-key\">Inneh\u00e5ll\/f\u00f6rpackning<\/td>\n<td class=\"spec -value text-right\">13.75\u00a0g<\/td>\n<\/tr>\n<tr>\n<td class=\"spec-key\">Snustyp<\/td>\n<td class=\"spec -value text-right\">All White Portion Slim<\/td>\n<\/tr>\n<tr>\n<td class=\"spec-key\">Format<\/td>\n<td class=\"spec -value text-right\">Slim<\/td>\n<\/tr>\n<tr>\n<td class=\"spec-key\">Producent<\/td>\n<td class=\"spec-value text-right\">Another Snus Factory<\/td>\n<\/tr>\n<\/tbody>\n<\/table>","protected":false},"excerpt":{"rendered":"<p>LOOP Red Chili Melon Strong kommer i slimmade portionerna med en smak av frukt blandat med hetta. F\u00f6rutom smakkombinationen mellan melon och chili f\u00e5r du en prilla med en nikotinhalt p\u00e5 15 mg\/g nikotin.<\/p>","protected":false},"featured_media":24267,"comment_status":"open","ping_status":"closed","template":"","meta":[],"product_brand":[],"product_cat":[136,103,137,354],"product_tag":[],"class_list":{"0":"post-56808","1":"product","2":"type-product","3":"status-publish","4":"has-post-thumbnail","6":"product_cat-all-whites","7":"product_cat-loop","8":"product_cat-slim","9":"product_cat-strongstark","11":"first","12":"instock","13":"taxable","14":"shipping-taxable","15":"purchasable","16":"product-type-variable"},"_links":{"self":[{"href":"https:\/\/snus-malmo.se\/sv\/wp-json\/wp\/v2\/product\/56808","targetHints":{"allow":["GET"]}}],"collection":[{"href":"https:\/\/snus-malmo.se\/sv\/wp-json\/wp\/v2\/product"}],"about":[{"href":"https:\/\/snus-malmo.se\/sv\/wp-json\/wp\/v2\/types\/product"}],"replies":[{"embeddable":true,"href":"https:\/\/snus-malmo.se\/sv\/wp-json\/wp\/v2\/comments?post=56808"}],"version-history":[{"count":0,"href":"https:\/\/snus-malmo.se\/sv\/wp-json\/wp\/v2\/product\/56808\/revisions"}],"wp:featuredmedia":[{"embeddable":true,"href":"https:\/\/snus-malmo.se\/sv\/wp-json\/wp\/v2\/media\/24267"}],"wp:attachment":[{"href":"https:\/\/snus-malmo.se\/sv\/wp-json\/wp\/v2\/media?parent=56808"}],"wp:term":[{"taxonomy":"product_brand","embeddable":true,"href":"https:\/\/snus-malmo.se\/sv\/wp-json\/wp\/v2\/product_brand?post=56808"},{"taxonomy":"product_cat","embeddable":true,"href":"https:\/\/snus-malmo.se\/sv\/wp-json\/wp\/v2\/product_cat?post=56808"},{"taxonomy":"product_tag","embeddable":true,"href":"https:\/\/snus-malmo.se\/sv\/wp-json\/wp\/v2\/product_tag?post=56808"}],"curies":[{"name":"wp","href":"https:\/\/api.w.org\/{rel}","templated":true}]}}