{"id":56814,"date":"2025-05-23T17:01:38","date_gmt":"2025-05-23T17:01:38","guid":{"rendered":"https:\/\/snus-malmo.se\/?post_type=product&#038;p=56814"},"modified":"2025-11-29T10:41:02","modified_gmt":"2025-11-29T10:41:02","slug":"loop-smooth-mint-extra-strong","status":"publish","type":"product","link":"https:\/\/snus-malmo.se\/sv\/produkt\/loop-smooth-mint-extra-strong\/","title":{"rendered":"Loop Smooth Mint Extra Strong"},"content":{"rendered":"<h2>Om produkten Loop Smooth Mint Extra Strong<\/h2>\n<p><strong>Loop Smooth Mint Extra Strong<\/strong>\u00a0\u00e4r ett\u00a0tobaksfritt snus\u00a0framst\u00e4llt av Another Snus Factory. Produkten \u00e4r utformad i slim format och inneh\u00e5ller ingen tobak men har en nikotinhalt. Dess styrka \u00e4r kategoriserad som extra stark, vilket g\u00f6r att produkten levererar en betydande m\u00e4ngd nikotin.<\/p>\n<h2>Loop Smooth Mint Extra Strong: Smak och Styrka<\/h2>\n<p>Denna produkt fr\u00e5n Loop, som \u00e4r ett vitt snus, har mintsmak och kommer i slim format. Produkten \u00e4r extra stark med en nikotinhalt p\u00e5 12,5 mg per portion och 20 mg\/g.<\/p>\n<p>Den h\u00e4r nikotinp\u00e5sen \u00e4r extra stark \u25c9\u25c9\u25c9\u25c9 med 20 mg nikotin\/g.<\/p>\n<p><strong>Denna smak finns i tre andra varianter:<\/strong><\/p>\n<p>LOOP Mint Mania Strong<\/p>\n<p>LOOP Mint Mania Mini<\/p>\n<h3>Portionsformat: Slim<\/h3>\n<p>Produkten Loop Smooth Mint\u00a0Extra Strong k\u00e4nnetecknas av sitt slim format.<\/p>\n<h3>Fakta om Loop Smooth Mint Extra Strong:<\/h3>\n<ul>\n<li><strong>Kategori:<\/strong>\u00a0vitt snus<\/li>\n<li><strong>Smaksegment:<\/strong>\u00a0Mint<\/li>\n<li><strong>Styrkedefinition:<\/strong>\u00a0Extra stark<\/li>\n<li><strong>Tillverkare:<\/strong>\u00a0Another Snus Factory<\/li>\n<li><strong>Nikotin mg\/portion:<\/strong>\u00a012,5<\/li>\n<li><strong>Antal prillor per dosa:<\/strong>\u00a022<\/li>\n<\/ul>\n<h3>Om varum\u00e4rket Loop<\/h3>\n<p>Loop\u00a0\u00e4r ett svenskt varum\u00e4rke grundat 2019 av Another Snus Factory. De producerar tobaksfria vitt snus produkter. Loop erbjuder produkter f\u00f6r nikotinbehov med sin teknologi.<\/p>\n<table class=\"product-specs\">\n<thead>\n<tr>\n<th>Fakta om produkten<\/th>\n<th class=\"text-right\"><\/th>\n<\/tr>\n<\/thead>\n<tbody>\n<tr>\n<td class=\"spec-key\">Varum\u00e4rke<\/td>\n<td class=\"spec-value text-right\">Loop<\/td>\n<\/tr>\n<tr>\n<td class=\"spec-key\">Produkttyp<\/td>\n<td class=\"spec -value text-right\">vitt snus<\/td>\n<\/tr>\n<tr>\n<td class=\"spec-key\">Nikotinstyrka<\/td>\n<td class=\"spec -value text-right\">extra stark<\/td>\n<\/tr>\n<tr>\n<td class=\"spec-key\">Nikotinhalt<\/td>\n<td class=\"spec -value text-right\">20 mg\/g<\/td>\n<\/tr>\n<tr>\n<td class=\"spec-key\">Nikotinhalt (mg\/portion)<\/td>\n<td class=\"spec -value text-right\">12,5 mg\/portion<\/td>\n<\/tr>\n<tr>\n<td class=\"spec-key\">Smak<\/td>\n<td class=\"spec -value text-right\">mint<\/td>\n<\/tr>\n<tr>\n<td class=\"spec-key\">Inneh\u00e5ll\/f\u00f6rpackning<\/td>\n<td class=\"spec -value text-right\">13,8 g<\/td>\n<\/tr>\n<tr>\n<td class=\"spec-key\">Antal portioner\/f\u00f6rpackning<\/td>\n<td class=\"spec -value text-right\">22<\/td>\n<\/tr>\n<tr>\n<td class=\"spec-key\">Vikt per portion (gram)<\/td>\n<td class=\"spec -value text-right\">0,6 g<\/td>\n<\/tr>\n<tr>\n<td class=\"spec-key\">Format<\/td>\n<td class=\"spec -value text-right\"><a title=\"Se fler liknande produkter med format slim\" href=\"https:\/\/www.snusbolaget.se\/sok\/?f=A_Format:Slim|A_TypeFilter:Vitt%20snus\" target=\"_blank\" rel=\"noopener\">Slim<\/a><\/td>\n<\/tr>\n<tr>\n<td class=\"spec-key\">Lanseringsdatum<\/td>\n<td class=\"spec -value text-right\">2020-09-11<\/td>\n<\/tr>\n<tr>\n<td class=\"spec-key\">Ingredienser<\/td>\n<td class=\"spec -value text-right\">Fibrer, vatten, s\u00f6tningsmedel (E968, E950), nikotin, aromer, surhetsreglerande medel (E500), f\u00f6rtjockningsmedel (E401), natriumklorid, konserveringsmedel (E202).<\/td>\n<\/tr>\n<tr>\n<td class=\"spec-key\">Producent<\/td>\n<td class=\"spec-value text-right\">Another Snus Factory<\/td>\n<\/tr>\n<\/tbody>\n<\/table>","protected":false},"excerpt":{"rendered":"<p><strong>Loop Smooth Mint Extra Strong<\/strong>\u00a0(f\u00f6re detta Loop Mint Mania Extra Strong)\u00a0har en\u00a0mintsmak\u00a0och en extra stark styrka f\u00f6r att vara\u00a0vitt snus.\u00a0Kommer i\u00a0slim format\u00a0med 22 portioner per dosa.<\/p>","protected":false},"featured_media":24277,"comment_status":"open","ping_status":"closed","template":"","meta":[],"product_brand":[],"product_cat":[136,355,103,137],"product_tag":[],"class_list":{"0":"post-56814","1":"product","2":"type-product","3":"status-publish","4":"has-post-thumbnail","6":"product_cat-all-whites","7":"product_cat-extra-strongextra-stark","8":"product_cat-loop","9":"product_cat-slim","11":"first","12":"instock","13":"taxable","14":"shipping-taxable","15":"purchasable","16":"product-type-variable"},"_links":{"self":[{"href":"https:\/\/snus-malmo.se\/sv\/wp-json\/wp\/v2\/product\/56814","targetHints":{"allow":["GET"]}}],"collection":[{"href":"https:\/\/snus-malmo.se\/sv\/wp-json\/wp\/v2\/product"}],"about":[{"href":"https:\/\/snus-malmo.se\/sv\/wp-json\/wp\/v2\/types\/product"}],"replies":[{"embeddable":true,"href":"https:\/\/snus-malmo.se\/sv\/wp-json\/wp\/v2\/comments?post=56814"}],"version-history":[{"count":0,"href":"https:\/\/snus-malmo.se\/sv\/wp-json\/wp\/v2\/product\/56814\/revisions"}],"wp:featuredmedia":[{"embeddable":true,"href":"https:\/\/snus-malmo.se\/sv\/wp-json\/wp\/v2\/media\/24277"}],"wp:attachment":[{"href":"https:\/\/snus-malmo.se\/sv\/wp-json\/wp\/v2\/media?parent=56814"}],"wp:term":[{"taxonomy":"product_brand","embeddable":true,"href":"https:\/\/snus-malmo.se\/sv\/wp-json\/wp\/v2\/product_brand?post=56814"},{"taxonomy":"product_cat","embeddable":true,"href":"https:\/\/snus-malmo.se\/sv\/wp-json\/wp\/v2\/product_cat?post=56814"},{"taxonomy":"product_tag","embeddable":true,"href":"https:\/\/snus-malmo.se\/sv\/wp-json\/wp\/v2\/product_tag?post=56814"}],"curies":[{"name":"wp","href":"https:\/\/api.w.org\/{rel}","templated":true}]}}