{"id":56822,"date":"2025-05-23T17:01:38","date_gmt":"2025-05-23T17:01:38","guid":{"rendered":"https:\/\/snus-malmo.se\/?post_type=product&#038;p=56822"},"modified":"2025-11-29T10:40:59","modified_gmt":"2025-11-29T10:40:59","slug":"loop-smooth-mint-mini","status":"publish","type":"product","link":"https:\/\/snus-malmo.se\/sv\/produkt\/loop-smooth-mint-mini\/","title":{"rendered":"Loop Smooth Mint Mini"},"content":{"rendered":"<h2>Om produkten Loop Smooth Mint Mini<\/h2>\n<p>Loop\u00a0Smooth Mint\u00a0Mini har en smak av mint med inslag av s\u00f6tma.<\/p>\n<p>Portionerna \u00e4r i formatet mini och har en nikotinhalt p\u00e5 15mg nikotin per gram.\u00a0Den nya dosdesignen \u00e4r gjord med 100% bioplast och \u00e4r \u00e5tervinningsbar.<\/p>\n<p>Loop Smooth Mint\u00a0Mini\u00a0\u00e4r en av de\u00a0senaste nyheterna bland nikotinp\u00e5sar.\u00a0G\u00e4nget bakom Loop \u00e4r nystartade Another Snus Factory som tillsammans har 50+ \u00e5rs erfarenhet av nikotinprodukter.<\/p>\n<div class=\"row\">\n<div class=\"col-xs-12 content-section\"><\/div>\n<\/div>\n<table class=\"product-specs\">\n<thead>\n<tr>\n<th>Fakta om produkten<\/th>\n<th class=\"text-right\"><\/th>\n<\/tr>\n<\/thead>\n<tbody>\n<tr>\n<td class=\"spec-key\">Varum\u00e4rke<\/td>\n<td class=\"spec-value text-right\">Loop<\/td>\n<\/tr>\n<tr>\n<td class=\"spec-key\">Produkttyp<\/td>\n<td class=\"spec -value text-right\">vitt snus<\/td>\n<\/tr>\n<tr>\n<td class=\"spec-key\">Nikotinstyrka<\/td>\n<td class=\"spec -value text-right\">normal<\/td>\n<\/tr>\n<tr>\n<td class=\"spec-key\">Nikotinhalt<\/td>\n<td class=\"spec -value text-right\">15 mg\/g<\/td>\n<\/tr>\n<tr>\n<td class=\"spec-key\">Nikotinhalt (mg\/portion)<\/td>\n<td class=\"spec -value text-right\">6,8 mg\/portion<\/td>\n<\/tr>\n<tr>\n<td class=\"spec-key\">Smak<\/td>\n<td class=\"spec -value text-right\">mint<\/td>\n<\/tr>\n<tr>\n<td class=\"spec-key\">Inneh\u00e5ll\/f\u00f6rpackning<\/td>\n<td class=\"spec -value text-right\">9 g<\/td>\n<\/tr>\n<tr>\n<td class=\"spec-key\">Antal portioner\/f\u00f6rpackning<\/td>\n<td class=\"spec -value text-right\">20<\/td>\n<\/tr>\n<tr>\n<td class=\"spec-key\">Vikt per portion (gram)<\/td>\n<td class=\"spec -value text-right\">0,5 g<\/td>\n<\/tr>\n<tr>\n<td class=\"spec-key\">Format<\/td>\n<td class=\"spec -value text-right\">Mini<\/td>\n<\/tr>\n<tr>\n<td class=\"spec-key\">Lanseringsdatum<\/td>\n<td class=\"spec -value text-right\">2021-09-16<\/td>\n<\/tr>\n<tr>\n<td class=\"spec-key\">Ingredienser<\/td>\n<td class=\"spec -value text-right\">Fibrer, vatten, s\u00f6tningsmedel (E968, E950), nikotin, aromer, surhetsreglerande medel (E500), f\u00f6rtjockningsmedel (E401), natriumklorid, konserveringsmedel (E202).<\/td>\n<\/tr>\n<tr>\n<td class=\"spec-key\">Producent<\/td>\n<td class=\"spec-value text-right\">Another Snus Factory<\/td>\n<\/tr>\n<\/tbody>\n<\/table>","protected":false},"excerpt":{"rendered":"<p>Loop Smooth Mint Mini (f\u00f6re detta Loop Mint Mania Mini) har en mintsmak med inslag av s\u00f6tma. Samma smak som Smooth Mint\u00a0Slim men i mini format!<\/p>","protected":false},"featured_media":24286,"comment_status":"open","ping_status":"closed","template":"","meta":[],"product_brand":[],"product_cat":[136,103,389,79,137],"product_tag":[],"class_list":{"0":"post-56822","1":"product","2":"type-product","3":"status-publish","4":"has-post-thumbnail","6":"product_cat-all-whites","7":"product_cat-loop","8":"product_cat-medium-normal","9":"product_cat-mini-portion","10":"product_cat-slim","12":"first","13":"instock","14":"taxable","15":"shipping-taxable","16":"purchasable","17":"product-type-variable"},"_links":{"self":[{"href":"https:\/\/snus-malmo.se\/sv\/wp-json\/wp\/v2\/product\/56822","targetHints":{"allow":["GET"]}}],"collection":[{"href":"https:\/\/snus-malmo.se\/sv\/wp-json\/wp\/v2\/product"}],"about":[{"href":"https:\/\/snus-malmo.se\/sv\/wp-json\/wp\/v2\/types\/product"}],"replies":[{"embeddable":true,"href":"https:\/\/snus-malmo.se\/sv\/wp-json\/wp\/v2\/comments?post=56822"}],"version-history":[{"count":0,"href":"https:\/\/snus-malmo.se\/sv\/wp-json\/wp\/v2\/product\/56822\/revisions"}],"wp:featuredmedia":[{"embeddable":true,"href":"https:\/\/snus-malmo.se\/sv\/wp-json\/wp\/v2\/media\/24286"}],"wp:attachment":[{"href":"https:\/\/snus-malmo.se\/sv\/wp-json\/wp\/v2\/media?parent=56822"}],"wp:term":[{"taxonomy":"product_brand","embeddable":true,"href":"https:\/\/snus-malmo.se\/sv\/wp-json\/wp\/v2\/product_brand?post=56822"},{"taxonomy":"product_cat","embeddable":true,"href":"https:\/\/snus-malmo.se\/sv\/wp-json\/wp\/v2\/product_cat?post=56822"},{"taxonomy":"product_tag","embeddable":true,"href":"https:\/\/snus-malmo.se\/sv\/wp-json\/wp\/v2\/product_tag?post=56822"}],"curies":[{"name":"wp","href":"https:\/\/api.w.org\/{rel}","templated":true}]}}