{"id":56823,"date":"2025-05-23T17:01:38","date_gmt":"2025-05-23T17:01:38","guid":{"rendered":"https:\/\/snus-malmo.se\/?post_type=product&#038;p=56823"},"modified":"2025-11-22T08:41:21","modified_gmt":"2025-11-22T08:41:21","slug":"marlboro-crafted-blue-100s","status":"publish","type":"product","link":"https:\/\/snus-malmo.se\/sv\/produkt\/marlboro-crafted-blue-100s\/","title":{"rendered":"Marlboro Crafted Blue 100&#8217;s"},"content":{"rendered":"<h3>Marlboro Crafted\u00a0Blue 100s<\/h3>\n<p>Marlboro Crafted\u00a0Blue 100s \u00e4r l\u00e5nga cigaretter och n\u00e5got svagare \u00e4n dem r\u00f6da.<\/p>\n<p>Marknadsf\u00f6rs av Philip Morris och var ett av de mest k\u00e4nda varum\u00e4rkena sedan tidigt av 1900-talet. M\u00e4rket namngavs efter Chesterfield County, Virginia.<\/p>\n<p><strong>Format:<\/strong>\u00a0L\u00e5nga\u00a0(100mm)<br \/>\n<strong>Tobakstyrka:<\/strong>\u00a0Svag (Extra mild)<strong><br \/>\nFilter:<\/strong>\u00a0Standard<br \/>\n<strong>Antal:<\/strong>\u00a020\u00a0Cigaretter<br \/>\n<strong>Pakettyp:<\/strong>\u00a0H\u00e5rdpack<br \/>\n<strong>Limpa:<\/strong>\u00a010 paket<\/p>","protected":false},"excerpt":{"rendered":"<h3>Marlboro Crafted\u00a0Blue 100s<\/h3>\n<p>Marlboro Crafted\u00a0Blue 100s \u00e4r l\u00e5nga cigaretter och n\u00e5got svagare \u00e4n dem r\u00f6da.<\/p>\n<p>Marknadsf\u00f6rs av Philip Morris och var ett av de mest k\u00e4nda varum\u00e4rkena sedan tidigt av 1900-talet. M\u00e4rket namngavs efter Chesterfield County, Virginia.<\/p>\n<p><strong>Format:<\/strong>\u00a0L\u00e5nga\u00a0(100mm)<br \/>\n<strong>Tobakstyrka:<\/strong>\u00a0Svag (Extra mild)<strong><br \/>\nFilter:<\/strong>\u00a0Standard<br \/>\n<strong>Antal:<\/strong>\u00a020\u00a0Cigaretter<br \/>\n<strong>Pakettyp:<\/strong>\u00a0H\u00e5rdpack<br \/>\n<strong>Limpa:<\/strong>\u00a010 paket<\/p>","protected":false},"featured_media":26628,"comment_status":"open","ping_status":"closed","template":"","meta":[],"product_brand":[],"product_cat":[28,227],"product_tag":[],"class_list":{"0":"post-56823","1":"product","2":"type-product","3":"status-publish","4":"has-post-thumbnail","6":"product_cat-cigaretter","7":"product_cat-marlboro","9":"first","10":"instock","11":"taxable","12":"shipping-taxable","13":"purchasable","14":"product-type-variable"},"_links":{"self":[{"href":"https:\/\/snus-malmo.se\/sv\/wp-json\/wp\/v2\/product\/56823","targetHints":{"allow":["GET"]}}],"collection":[{"href":"https:\/\/snus-malmo.se\/sv\/wp-json\/wp\/v2\/product"}],"about":[{"href":"https:\/\/snus-malmo.se\/sv\/wp-json\/wp\/v2\/types\/product"}],"replies":[{"embeddable":true,"href":"https:\/\/snus-malmo.se\/sv\/wp-json\/wp\/v2\/comments?post=56823"}],"version-history":[{"count":0,"href":"https:\/\/snus-malmo.se\/sv\/wp-json\/wp\/v2\/product\/56823\/revisions"}],"wp:featuredmedia":[{"embeddable":true,"href":"https:\/\/snus-malmo.se\/sv\/wp-json\/wp\/v2\/media\/26628"}],"wp:attachment":[{"href":"https:\/\/snus-malmo.se\/sv\/wp-json\/wp\/v2\/media?parent=56823"}],"wp:term":[{"taxonomy":"product_brand","embeddable":true,"href":"https:\/\/snus-malmo.se\/sv\/wp-json\/wp\/v2\/product_brand?post=56823"},{"taxonomy":"product_cat","embeddable":true,"href":"https:\/\/snus-malmo.se\/sv\/wp-json\/wp\/v2\/product_cat?post=56823"},{"taxonomy":"product_tag","embeddable":true,"href":"https:\/\/snus-malmo.se\/sv\/wp-json\/wp\/v2\/product_tag?post=56823"}],"curies":[{"name":"wp","href":"https:\/\/api.w.org\/{rel}","templated":true}]}}