{"id":56836,"date":"2025-05-23T17:01:41","date_gmt":"2025-05-23T17:01:41","guid":{"rendered":"https:\/\/snus-malmo.se\/?post_type=product&#038;p=56836"},"modified":"2025-11-29T10:40:53","modified_gmt":"2025-11-29T10:40:53","slug":"loop-smooth-mint-strong","status":"publish","type":"product","link":"https:\/\/snus-malmo.se\/sv\/produkt\/loop-smooth-mint-strong\/","title":{"rendered":"Loop Smooth Mint Strong"},"content":{"rendered":"<h2>Om produkten Loop Smooth Mint Strong<\/h2>\n<p><strong>Loop Smooth Mint Strong\u00a0<\/strong>fr\u00e5n varum\u00e4rket Loop som tillverkas av Another Snus Factory, \u00e4r en produkt i kategorin vitt snus. Prillorna har ett slimmat format och inneh\u00e5ller inte tobak, men inneh\u00e5ller nikotin. Nikotinstyrkan f\u00f6r denna produkt \u00e4r stark.<\/p>\n<h2>Loop Smooth Mint Strong: Smak &amp; Nikotinhalt<\/h2>\n<p>Produkten \u00e4r ett\u00a0tobaksfritt snus\u00a0och har smak av mynta i ett slimmat format. Nikotinhalten \u00e4r 9,4 mg\/portion och 15 mg\/g.<\/p>\n<h3>Format: Slim<\/h3>\n<p>Prillorna kommer i ett slim-format.<\/p>\n<h3>Fakta om Loop Smooth Mint Strong:<\/h3>\n<ul>\n<li><strong>Kategori:<\/strong>\u00a0Vitt snus<\/li>\n<li><strong>Smak:<\/strong>\u00a0Mynta<\/li>\n<li><strong>Nikotinhalten:<\/strong>\u00a0Stark<\/li>\n<li><strong>Tillverkare:<\/strong>\u00a0Another Snus Factory<\/li>\n<li><strong>Nikotin mg\/portion:<\/strong>\u00a09,4<\/li>\n<li><strong>Antal prillor per dosa:<\/strong>\u00a022<\/li>\n<\/ul>\n<h3>Information om Loop<\/h3>\n<p>Loop \u00e4r ett svenskt varum\u00e4rke som erbjuder tobaksfria nikotinp\u00e5sar. Produkterna utm\u00e4rker sig genom snabb fris\u00e4ttning av nikotin. F\u00f6rpackningarna tillverkas av PlantCanTM, som best\u00e5r av mer \u00e4n 50% v\u00e4xtbaserat material samt \u00e5tervunnen plast.<\/p>\n<div class=\"row\">\n<div class=\"col-xs-12 content-section\"><\/div>\n<\/div>\n<table class=\"product-specs\">\n<thead>\n<tr>\n<th>Fakta om produkten<\/th>\n<th class=\"text-right\"><\/th>\n<\/tr>\n<\/thead>\n<tbody>\n<tr>\n<td class=\"spec-key\">Varum\u00e4rke<\/td>\n<td class=\"spec-value text-right\">Loop<\/td>\n<\/tr>\n<tr>\n<td class=\"spec-key\">Produkttyp<\/td>\n<td class=\"spec -value text-right\">vitt snus<\/td>\n<\/tr>\n<tr>\n<td class=\"spec-key\">Nikotinstyrka<\/td>\n<td class=\"spec -value text-right\">stark<\/td>\n<\/tr>\n<tr>\n<td class=\"spec-key\">Nikotinhalt<\/td>\n<td class=\"spec -value text-right\">15 mg\/g<\/td>\n<\/tr>\n<tr>\n<td class=\"spec-key\">Nikotinhalt (mg\/portion)<\/td>\n<td class=\"spec -value text-right\">9,4 mg\/portion<\/td>\n<\/tr>\n<tr>\n<td class=\"spec-key\">Smak<\/td>\n<td class=\"spec -value text-right\">mint<\/td>\n<\/tr>\n<tr>\n<td class=\"spec-key\">Inneh\u00e5ll\/f\u00f6rpackning<\/td>\n<td class=\"spec -value text-right\">13,8 g<\/td>\n<\/tr>\n<tr>\n<td class=\"spec-key\">Antal portioner\/f\u00f6rpackning<\/td>\n<td class=\"spec -value text-right\">22<\/td>\n<\/tr>\n<tr>\n<td class=\"spec-key\">Vikt per portion (gram)<\/td>\n<td class=\"spec -value text-right\">0,6 g<\/td>\n<\/tr>\n<tr>\n<td class=\"spec-key\">Format<\/td>\n<td class=\"spec -value text-right\">Slim<\/td>\n<\/tr>\n<tr>\n<td class=\"spec-key\">Lanseringsdatum<\/td>\n<td class=\"spec -value text-right\">2020-03-27<\/td>\n<\/tr>\n<tr>\n<td class=\"spec-key\">Ingredienser<\/td>\n<td class=\"spec -value text-right\">Fibrer, vatten, s\u00f6tningsmedel (E968, E950), nikotin, aromer, surhetsreglerande medel (E500), f\u00f6rtjockningsmedel (E401), natriumklorid, konserveringsmedel (E202).<\/td>\n<\/tr>\n<tr>\n<td class=\"spec-key\">Producent<\/td>\n<td class=\"spec-value text-right\">Another Snus Factory<\/td>\n<\/tr>\n<\/tbody>\n<\/table>","protected":false},"excerpt":{"rendered":"<p><strong>Loop Smooth Mint Strong<\/strong>\u00a0(f\u00f6re detta\u00a0Loop Mint Mania Strong)\u00a0fr\u00e5n\u00a0varum\u00e4rket Loop\u00a0tillh\u00f6r kategorin\u00a0vitt snus\u00a0och erbjuder en smak av mynta. Produkten har en stark nikotinhalt, kommer i\u00a0slim-format\u00a0och inneh\u00e5ller 22 portioner per dosa.<\/p>","protected":false},"featured_media":24294,"comment_status":"open","ping_status":"closed","template":"","meta":[],"product_brand":[],"product_cat":[136,103,137,354],"product_tag":[],"class_list":{"0":"post-56836","1":"product","2":"type-product","3":"status-publish","4":"has-post-thumbnail","6":"product_cat-all-whites","7":"product_cat-loop","8":"product_cat-slim","9":"product_cat-strongstark","11":"first","12":"instock","13":"taxable","14":"shipping-taxable","15":"purchasable","16":"product-type-variable"},"_links":{"self":[{"href":"https:\/\/snus-malmo.se\/sv\/wp-json\/wp\/v2\/product\/56836","targetHints":{"allow":["GET"]}}],"collection":[{"href":"https:\/\/snus-malmo.se\/sv\/wp-json\/wp\/v2\/product"}],"about":[{"href":"https:\/\/snus-malmo.se\/sv\/wp-json\/wp\/v2\/types\/product"}],"replies":[{"embeddable":true,"href":"https:\/\/snus-malmo.se\/sv\/wp-json\/wp\/v2\/comments?post=56836"}],"version-history":[{"count":0,"href":"https:\/\/snus-malmo.se\/sv\/wp-json\/wp\/v2\/product\/56836\/revisions"}],"wp:featuredmedia":[{"embeddable":true,"href":"https:\/\/snus-malmo.se\/sv\/wp-json\/wp\/v2\/media\/24294"}],"wp:attachment":[{"href":"https:\/\/snus-malmo.se\/sv\/wp-json\/wp\/v2\/media?parent=56836"}],"wp:term":[{"taxonomy":"product_brand","embeddable":true,"href":"https:\/\/snus-malmo.se\/sv\/wp-json\/wp\/v2\/product_brand?post=56836"},{"taxonomy":"product_cat","embeddable":true,"href":"https:\/\/snus-malmo.se\/sv\/wp-json\/wp\/v2\/product_cat?post=56836"},{"taxonomy":"product_tag","embeddable":true,"href":"https:\/\/snus-malmo.se\/sv\/wp-json\/wp\/v2\/product_tag?post=56836"}],"curies":[{"name":"wp","href":"https:\/\/api.w.org\/{rel}","templated":true}]}}