{"id":57038,"date":"2025-05-23T17:02:00","date_gmt":"2025-05-23T17:02:00","guid":{"rendered":"https:\/\/snus-malmo.se\/?post_type=product&#038;p=57038"},"modified":"2025-07-16T15:54:56","modified_gmt":"2025-07-16T15:54:56","slug":"ace-superwhite-berry-breeze","status":"publish","type":"product","link":"https:\/\/snus-malmo.se\/sv\/produkt\/ace-superwhite-berry-breeze\/","title":{"rendered":"ACE Superwhite Berry Breeze"},"content":{"rendered":"<div class=\"product__description rte quick-add-hidden\">\n<p>Nikotinp\u00e5sarna Ace Superwhite Berry Breeze har en smak av b\u00e4r och mint som h\u00e5ller i sig under en l\u00e4ngre period. Produkten har en l\u00e4gre genomsnittlig nikotinhalt j\u00e4mf\u00f6rt med andra nikotinp\u00e5sar. Superwhite Berry Breeze \u00e4r helt fri fr\u00e5n tobak.<\/p>\n<h2>Om produkten ACE Superwhite Berry Breeze<\/h2>\n<p>Ace Superwhite Berry Breeze \u00e4r en tobaksfri nikotinprodukt med smak av b\u00e4r och mint. Bulken i p\u00e5sarna best\u00e5r av cellulosa med tillsatt nikotin. Att de \u00e4r fria fr\u00e5n tobak inneb\u00e4r bland annat att de inte riskerar att missf\u00e4rga emaljen p\u00e5 dina t\u00e4nder. Trots en tydlig smak av b\u00e4r \u00e4r produkten balanserad f\u00f6r att inte ha alltf\u00f6r mycket s\u00f6tma.<\/p>\n<ul>\n<li>Varum\u00e4rke: Ace Superwhite<\/li>\n<li>Smak: B\u00e4r &amp; mint<\/li>\n<li>Format: Slim<\/li>\n<li>Nikotinhalt: 6 mg\/g<\/li>\n<li>Tillverkare: Ministry of Snus<\/li>\n<li>Portioner per dosa: 20<\/li>\n<\/ul>\n<p><strong><big>Nikotinstyrka i Ace Superwhite Berry Breeze<\/big><\/strong><\/p>\n<p>Styrkan p\u00e5 den h\u00e4r all white produkten \u00e4r 6 mg\/g, eller om du ber\u00e4knar det per prilla eller portion strax under 4 mg\/portion. Det h\u00e4r g\u00f6r att p\u00e5sarna klassas som medelstarka.<\/p>\n<p><strong><big>Varum\u00e4rket Ace Superwhite<\/big><\/strong><\/p>\n<p>varum\u00e4rket Ace \u00e4r en del av danska Ministry of Snus. De har specialiserat sig p\u00e5 tobaksfria nikotinprodukter med olika styrkor och smaker. I det h\u00e4r fallet handlar det om nikotinp\u00e5sar med nikotinstyrka 2\/4.<\/p>\n<table class=\"product-specs\">\n<thead>\n<tr>\n<th>Fakta om produkten<\/th>\n<th class=\"text-right\"><\/th>\n<\/tr>\n<\/thead>\n<tbody>\n<tr>\n<td class=\"spec-key\">Varum\u00e4rke<\/td>\n<td class=\"spec-value text-right\">Ace Superwhite<\/td>\n<\/tr>\n<tr>\n<td class=\"spec-key\">Produkttyp<\/td>\n<td class=\"spec -value text-right\">all white portion<\/td>\n<\/tr>\n<tr>\n<td class=\"spec-key\">Nikotinstyrka<\/td>\n<td class=\"spec -value text-right\">normal<\/td>\n<\/tr>\n<tr>\n<td class=\"spec-key\">Nikotinhalt<\/td>\n<td class=\"spec -value text-right\">6 mg\/g<\/td>\n<\/tr>\n<tr>\n<td class=\"spec-key\">Smak<\/td>\n<td class=\"spec -value text-right\">b\u00e4r<\/td>\n<\/tr>\n<tr>\n<td class=\"spec-key\">Inneh\u00e5ll\/f\u00f6rpackning<\/td>\n<td class=\"spec -value text-right\">13 g<\/td>\n<\/tr>\n<tr>\n<td class=\"spec-key\">Snustyp<\/td>\n<td class=\"spec -value text-right\">All White<\/td>\n<\/tr>\n<tr>\n<td class=\"spec-key\">Format<\/td>\n<td class=\"spec -value text-right\">Slim<\/td>\n<\/tr>\n<tr>\n<td class=\"spec-key\">Producent<\/td>\n<td class=\"spec-value text-right\">Ministry Of Snus<\/td>\n<\/tr>\n<\/tbody>\n<\/table>\n<\/div>\n<p>&nbsp;<\/p>","protected":false},"excerpt":{"rendered":"<p>Nikotinp\u00e5sarna Ace Superwhite Berry Breeze har en smak av b\u00e4r och mint som h\u00e5ller i sig under en l\u00e4ngre period. Produkten har en l\u00e4gre genomsnittlig nikotinhalt j\u00e4mf\u00f6rt med andra nikotinp\u00e5sar. Superwhite Berry Breeze \u00e4r helt fri fr\u00e5n tobak.<\/p>\n<h2>Om produkten ACE Superwhite Berry Breeze<\/h2>\n<p>Ace Superwhite Berry Breeze \u00e4r en tobaksfri nikotinprodukt med smak av b\u00e4r och mint. Bulken i p\u00e5sarna best\u00e5r av cellulosa med tillsatt nikotin. Att de \u00e4r fria fr\u00e5n tobak inneb\u00e4r bland annat att de inte riskerar att missf\u00e4rga emaljen p\u00e5 dina t\u00e4nder. Trots en tydlig smak av b\u00e4r \u00e4r produkten balanserad f\u00f6r att inte ha alltf\u00f6r mycket s\u00f6tma.<\/p>","protected":false},"featured_media":24568,"comment_status":"open","ping_status":"closed","template":"","meta":[],"product_brand":[],"product_cat":[81],"product_tag":[],"class_list":{"0":"post-57038","1":"product","2":"type-product","3":"status-publish","4":"has-post-thumbnail","6":"product_cat-ace","8":"first","9":"instock","10":"taxable","11":"shipping-taxable","12":"purchasable","13":"product-type-variable"},"_links":{"self":[{"href":"https:\/\/snus-malmo.se\/sv\/wp-json\/wp\/v2\/product\/57038","targetHints":{"allow":["GET"]}}],"collection":[{"href":"https:\/\/snus-malmo.se\/sv\/wp-json\/wp\/v2\/product"}],"about":[{"href":"https:\/\/snus-malmo.se\/sv\/wp-json\/wp\/v2\/types\/product"}],"replies":[{"embeddable":true,"href":"https:\/\/snus-malmo.se\/sv\/wp-json\/wp\/v2\/comments?post=57038"}],"version-history":[{"count":0,"href":"https:\/\/snus-malmo.se\/sv\/wp-json\/wp\/v2\/product\/57038\/revisions"}],"wp:featuredmedia":[{"embeddable":true,"href":"https:\/\/snus-malmo.se\/sv\/wp-json\/wp\/v2\/media\/24568"}],"wp:attachment":[{"href":"https:\/\/snus-malmo.se\/sv\/wp-json\/wp\/v2\/media?parent=57038"}],"wp:term":[{"taxonomy":"product_brand","embeddable":true,"href":"https:\/\/snus-malmo.se\/sv\/wp-json\/wp\/v2\/product_brand?post=57038"},{"taxonomy":"product_cat","embeddable":true,"href":"https:\/\/snus-malmo.se\/sv\/wp-json\/wp\/v2\/product_cat?post=57038"},{"taxonomy":"product_tag","embeddable":true,"href":"https:\/\/snus-malmo.se\/sv\/wp-json\/wp\/v2\/product_tag?post=57038"}],"curies":[{"name":"wp","href":"https:\/\/api.w.org\/{rel}","templated":true}]}}