{"id":57061,"date":"2025-05-23T17:02:03","date_gmt":"2025-05-23T17:02:03","guid":{"rendered":"https:\/\/snus-malmo.se\/?post_type=product&#038;p=57061"},"modified":"2025-07-16T15:54:24","modified_gmt":"2025-07-16T15:54:24","slug":"ace-superwhite-cool-mint","status":"publish","type":"product","link":"https:\/\/snus-malmo.se\/sv\/produkt\/ace-superwhite-cool-mint\/","title":{"rendered":"ACE Superwhite Cool Mint"},"content":{"rendered":"<h2>Om produkten ACE Superwhite Cool Mint<\/h2>\n<p>Helvita Ace Superwhite Cool Mint \u00e4r ett portionssnus som \u00e4r helt utan tobak och med mintsmak. Det kommer i tunna nikotinp\u00e5sar &#8211; Slim &#8211; som du kan l\u00e4gga diskret under l\u00e4ppen. Portionerna \u00e4r torra utanp\u00e5 med ett fuktigt inneh\u00e5ll f\u00f6r en l\u00e5ngvarig smak och nikotinrelease.<\/p>\n<ul>\n<li>Varum\u00e4rke: Ace Superwhite<\/li>\n<li>Smak: Mint<\/li>\n<li>Format: Slim<\/li>\n<li>Nikotinstyrka: 6 mg\/g<\/li>\n<li>Portioner per dosa: 20<\/li>\n<li>Tillverkare: Ministry Of Snus<\/li>\n<\/ul>\n<p><strong><big>Nikotinstyrka i Ace Superwhite Cool Mint<\/big><\/strong><\/p>\n<p>Med Ace Superwhite Cool Mint har du ett All White portionssnus, fast med en nikotinstyrka p\u00e5 6 mg\/g. F\u00f6ljaktligen kan du fortfarande k\u00e4nna av en mindre kick. D\u00e4refter blandar sig nikotinet med mintsmaken.<\/p>\n<p><strong><big>Varum\u00e4rket Ace Superwhite<\/big><\/strong><\/p>\n<p>Ace\u00a0Superwhite\u00a0Cool Mint All White Portion \u00e4r ett helt nytt All White fr\u00e5n snustillverkaren Ministry Of Snus i Danmark. Cool Mint har en nikotinstyrka 2\/4. F\u00f6ljaktligen \u00e4r detta ett snus med en mildare styrka. Tillika en tydlig smak.<\/p>\n<table class=\"product-specs\">\n<thead>\n<tr>\n<th>Fakta om produkten<\/th>\n<th class=\"text-right\"><\/th>\n<\/tr>\n<\/thead>\n<tbody>\n<tr>\n<td class=\"spec-key\">Varum\u00e4rke<\/td>\n<td class=\"spec-value text-right\">Ace Superwhite<\/td>\n<\/tr>\n<tr>\n<td class=\"spec-key\">Produkttyp<\/td>\n<td class=\"spec -value text-right\">all white portion<\/td>\n<\/tr>\n<tr>\n<td class=\"spec-key\">Nikotinstyrka<\/td>\n<td class=\"spec -value text-right\">normal<\/td>\n<\/tr>\n<tr>\n<td class=\"spec-key\">Nikotinhalt<\/td>\n<td class=\"spec -value text-right\">6 mg\/g<\/td>\n<\/tr>\n<tr>\n<td class=\"spec-key\">Smak<\/td>\n<td class=\"spec -value text-right\">mint<\/td>\n<\/tr>\n<tr>\n<td class=\"spec-key\">Inneh\u00e5ll\/f\u00f6rpackning<\/td>\n<td class=\"spec -value text-right\">13 g<\/td>\n<\/tr>\n<tr>\n<td class=\"spec-key\">Snustyp<\/td>\n<td class=\"spec -value text-right\">All White<\/td>\n<\/tr>\n<tr>\n<td class=\"spec-key\">Format<\/td>\n<td class=\"spec -value text-right\">Slim<\/td>\n<\/tr>\n<tr>\n<td class=\"spec-key\">Producent<\/td>\n<td class=\"spec-value text-right\">Ministry Of Snus<\/td>\n<\/tr>\n<\/tbody>\n<\/table>","protected":false},"excerpt":{"rendered":"<p>Ace Superwhite Cool Mint \u00e4r ett all white portionssnus med smak av mint. Produkten har en normalstark nikotinstyrka p\u00e5 6 mg\/g.<\/p>","protected":false},"featured_media":24646,"comment_status":"open","ping_status":"closed","template":"","meta":[],"product_brand":[],"product_cat":[81],"product_tag":[],"class_list":{"0":"post-57061","1":"product","2":"type-product","3":"status-publish","4":"has-post-thumbnail","6":"product_cat-ace","8":"first","9":"instock","10":"taxable","11":"shipping-taxable","12":"purchasable","13":"product-type-variable"},"_links":{"self":[{"href":"https:\/\/snus-malmo.se\/sv\/wp-json\/wp\/v2\/product\/57061","targetHints":{"allow":["GET"]}}],"collection":[{"href":"https:\/\/snus-malmo.se\/sv\/wp-json\/wp\/v2\/product"}],"about":[{"href":"https:\/\/snus-malmo.se\/sv\/wp-json\/wp\/v2\/types\/product"}],"replies":[{"embeddable":true,"href":"https:\/\/snus-malmo.se\/sv\/wp-json\/wp\/v2\/comments?post=57061"}],"version-history":[{"count":0,"href":"https:\/\/snus-malmo.se\/sv\/wp-json\/wp\/v2\/product\/57061\/revisions"}],"wp:featuredmedia":[{"embeddable":true,"href":"https:\/\/snus-malmo.se\/sv\/wp-json\/wp\/v2\/media\/24646"}],"wp:attachment":[{"href":"https:\/\/snus-malmo.se\/sv\/wp-json\/wp\/v2\/media?parent=57061"}],"wp:term":[{"taxonomy":"product_brand","embeddable":true,"href":"https:\/\/snus-malmo.se\/sv\/wp-json\/wp\/v2\/product_brand?post=57061"},{"taxonomy":"product_cat","embeddable":true,"href":"https:\/\/snus-malmo.se\/sv\/wp-json\/wp\/v2\/product_cat?post=57061"},{"taxonomy":"product_tag","embeddable":true,"href":"https:\/\/snus-malmo.se\/sv\/wp-json\/wp\/v2\/product_tag?post=57061"}],"curies":[{"name":"wp","href":"https:\/\/api.w.org\/{rel}","templated":true}]}}