{"id":57081,"date":"2025-05-23T17:02:04","date_gmt":"2025-05-23T17:02:04","guid":{"rendered":"https:\/\/snus-malmo.se\/?post_type=product&#038;p=57081"},"modified":"2025-07-16T15:54:05","modified_gmt":"2025-07-16T15:54:05","slug":"ace-superwhite-green-lemon-slim-extra-strong-all-white-portion","status":"publish","type":"product","link":"https:\/\/snus-malmo.se\/sv\/produkt\/ace-superwhite-green-lemon-slim-extra-strong-all-white-portion\/","title":{"rendered":"Ace Superwhite Green Lemon Slim Extra Strong All White Portion"},"content":{"rendered":"<article class=\"product-text\">Ace Superwhite Green Lemon har en syrlig smak av cirton toppat med en extra stark nikotinstyrka.<\/article>\n<article class=\"product-text\">Ace Superwhite Green Lemon nikotinp\u00e5sar \u00e4r kritvita portionsp\u00e5sar fulla med smak av syrlig citron med en touch av s\u00f6tma.<\/p>\n<p>Portionerna \u00e4r i formatet slim och har en extra stark nikotinstyrka.<\/p>\n<p>Ace \u00e4r en\u00a0All White Portion som inneh\u00e5ller mycket nikotin men ingen tobak.<\/p>\n<table class=\"product-specs\">\n<thead>\n<tr>\n<th>Fakta om produkten<\/th>\n<th class=\"text-right\"><\/th>\n<\/tr>\n<\/thead>\n<tbody>\n<tr>\n<td class=\"spec-key\">Varum\u00e4rke<\/td>\n<td class=\"spec-value text-right\">Ace<\/td>\n<\/tr>\n<tr>\n<td class=\"spec-key\">Produkttyp<\/td>\n<td class=\"spec -value text-right\">all white portion<\/td>\n<\/tr>\n<tr>\n<td class=\"spec-key\">Nikotinstyrka<\/td>\n<td class=\"spec -value text-right\">Extra Stark<\/td>\n<\/tr>\n<tr>\n<td class=\"spec-key\">Nikotinhalt<\/td>\n<td class=\"spec -value text-right\">16 mg\/g<\/td>\n<\/tr>\n<tr>\n<td class=\"spec-key\">Smak<\/td>\n<td class=\"spec -value text-right\">citrus<\/td>\n<\/tr>\n<tr>\n<td class=\"spec-key\">Inneh\u00e5ll\/f\u00f6rpackning<\/td>\n<td class=\"spec -value text-right\">13 g<\/td>\n<\/tr>\n<tr>\n<td class=\"spec-key\">Snustyp<\/td>\n<td class=\"spec -value text-right\">All White<\/td>\n<\/tr>\n<tr>\n<td class=\"spec-key\">Format<\/td>\n<td class=\"spec -value text-right\">Slim<\/td>\n<\/tr>\n<tr>\n<td class=\"spec-key\">Producent<\/td>\n<td class=\"spec-value text-right\">Ministry Of Snus<\/td>\n<\/tr>\n<\/tbody>\n<\/table>\n<\/article>","protected":false},"excerpt":{"rendered":"<article class=\"product-text\">Ace Superwhite Green Lemon har en syrlig smak av cirton toppat med en extra stark nikotinstyrka.<\/article>\n<article class=\"product-text\">Ace Superwhite Green Lemon nikotinp\u00e5sar \u00e4r kritvita portionsp\u00e5sar fulla med smak av syrlig citron med en touch av s\u00f6tma.<\/p>\n<\/article>","protected":false},"featured_media":24655,"comment_status":"open","ping_status":"closed","template":"","meta":[],"product_brand":[],"product_cat":[81],"product_tag":[],"class_list":{"0":"post-57081","1":"product","2":"type-product","3":"status-publish","4":"has-post-thumbnail","6":"product_cat-ace","8":"first","9":"instock","10":"taxable","11":"shipping-taxable","12":"purchasable","13":"product-type-variable"},"_links":{"self":[{"href":"https:\/\/snus-malmo.se\/sv\/wp-json\/wp\/v2\/product\/57081","targetHints":{"allow":["GET"]}}],"collection":[{"href":"https:\/\/snus-malmo.se\/sv\/wp-json\/wp\/v2\/product"}],"about":[{"href":"https:\/\/snus-malmo.se\/sv\/wp-json\/wp\/v2\/types\/product"}],"replies":[{"embeddable":true,"href":"https:\/\/snus-malmo.se\/sv\/wp-json\/wp\/v2\/comments?post=57081"}],"version-history":[{"count":0,"href":"https:\/\/snus-malmo.se\/sv\/wp-json\/wp\/v2\/product\/57081\/revisions"}],"wp:featuredmedia":[{"embeddable":true,"href":"https:\/\/snus-malmo.se\/sv\/wp-json\/wp\/v2\/media\/24655"}],"wp:attachment":[{"href":"https:\/\/snus-malmo.se\/sv\/wp-json\/wp\/v2\/media?parent=57081"}],"wp:term":[{"taxonomy":"product_brand","embeddable":true,"href":"https:\/\/snus-malmo.se\/sv\/wp-json\/wp\/v2\/product_brand?post=57081"},{"taxonomy":"product_cat","embeddable":true,"href":"https:\/\/snus-malmo.se\/sv\/wp-json\/wp\/v2\/product_cat?post=57081"},{"taxonomy":"product_tag","embeddable":true,"href":"https:\/\/snus-malmo.se\/sv\/wp-json\/wp\/v2\/product_tag?post=57081"}],"curies":[{"name":"wp","href":"https:\/\/api.w.org\/{rel}","templated":true}]}}