{"id":57117,"date":"2025-05-23T17:02:07","date_gmt":"2025-05-23T17:02:07","guid":{"rendered":"https:\/\/snus-malmo.se\/?post_type=product&#038;p=57117"},"modified":"2025-07-16T15:56:55","modified_gmt":"2025-07-16T15:56:55","slug":"ace-x-cool-mint-strong","status":"publish","type":"product","link":"https:\/\/snus-malmo.se\/sv\/produkt\/ace-x-cool-mint-strong\/","title":{"rendered":"ACE X Cool Mint Strong"},"content":{"rendered":"<div class=\"product__description rte quick-add-hidden\">\n<article class=\"product-text\">Ace X Cool Mint fr\u00e5n Ace Superwhite har smak av mint och pepparmynta. Ace X Cool Mint har en stark nikotinhalt och levereras med 20 portioner i slim-format per dosa. Detta \u00e4r ett vitt snus.<\/p>\n<\/article>\n<div class=\"buy-pane\">\n<div class=\"tab-content buy-tabs-content\">\n<div id=\"buy\" class=\"tab-pane active\">\n<div>\n<div class=\"variants list\">\n<h2>Om produkten ACE X Cool Mint Strong<\/h2>\n<p>Ace X Cool Mint produceras av Ministry of Snus. Ace X Cool Mint \u00e4r ett vitt snus i slim-format. \u00c4ven om produkten inte inneh\u00e5ller tobak, inneh\u00e5ller den nikotin. Ace X Cool Mint har en extra stark nikotinstyrka.<\/p>\n<h2>Ace X Cool Mint: Smak och nikotinhalt<\/h2>\n<p>Ace X Cool Mint \u00e4r ett vitt snus med smak av mint och pepparmynta. Ace X Cool Mint har en extra stark nikotinstyrka, med 8 mg nikotin per portion och 16 mg per gram.<\/p>\n<h3>Format p\u00e5 portion: Slim<\/h3>\n<p>Ace X Cool Mint kommer i slim-format.<\/p>\n<h3>Information om ACE X Cool Mint:<\/h3>\n<ul>\n<li><strong>Kategori:<\/strong>\u00a0Vitt snus<\/li>\n<li><strong>Smaksegment:<\/strong>\u00a0Mint, pepparmynta<\/li>\n<li><strong>Nikotinhalt:<\/strong>\u00a0Extra stark<\/li>\n<li><strong>Tillverkare:<\/strong>\u00a0Ministry of Snus<\/li>\n<li><strong>Nikotin mg\/portion:<\/strong>\u00a08<\/li>\n<li><strong>Antal prillor per dosa:<\/strong>\u00a020<\/li>\n<\/ul>\n<h3>Info om Ace Superwhite<\/h3>\n<p>Ace Superwhite \u00e4r ett varum\u00e4rke som tillhandah\u00e5ller nikotinportioner utan tobak.<\/p>\n<\/div>\n<\/div>\n<\/div>\n<\/div>\n<\/div>\n<\/div>\n<p>&nbsp;<\/p>","protected":false},"excerpt":{"rendered":"<article class=\"product-text\">Ace X Cool Mint fr\u00e5n Ace Superwhite har smak av mint och pepparmynta. Ace X Cool Mint har en stark nikotinhalt och levereras med 20 portioner i slim-format per dosa. Detta \u00e4r ett vitt snus.<\/p>\n<\/article>\n<div class=\"buy-pane\">\n<div class=\"tab-content buy-tabs-content\">\n<div id=\"buy\" class=\"tab-pane active\">\n<div>\n<div class=\"variants list\">\n<h2>Om produkten ACE X Cool Mint Strong<\/h2>\n<p>Ace X Cool Mint produceras av Ministry of Snus. Ace X Cool Mint \u00e4r ett vitt snus i slim-format. \u00c4ven om produkten inte inneh\u00e5ller tobak, inneh\u00e5ller den nikotin. Ace X Cool Mint har en extra stark nikotinstyrka.<\/p>\n<\/div>\n<\/div>\n<\/div>\n<\/div>\n<\/div>","protected":false},"featured_media":24702,"comment_status":"open","ping_status":"closed","template":"","meta":[],"product_brand":[],"product_cat":[81],"product_tag":[],"class_list":{"0":"post-57117","1":"product","2":"type-product","3":"status-publish","4":"has-post-thumbnail","6":"product_cat-ace","8":"first","9":"instock","10":"taxable","11":"shipping-taxable","12":"purchasable","13":"product-type-variable"},"_links":{"self":[{"href":"https:\/\/snus-malmo.se\/sv\/wp-json\/wp\/v2\/product\/57117","targetHints":{"allow":["GET"]}}],"collection":[{"href":"https:\/\/snus-malmo.se\/sv\/wp-json\/wp\/v2\/product"}],"about":[{"href":"https:\/\/snus-malmo.se\/sv\/wp-json\/wp\/v2\/types\/product"}],"replies":[{"embeddable":true,"href":"https:\/\/snus-malmo.se\/sv\/wp-json\/wp\/v2\/comments?post=57117"}],"version-history":[{"count":0,"href":"https:\/\/snus-malmo.se\/sv\/wp-json\/wp\/v2\/product\/57117\/revisions"}],"wp:featuredmedia":[{"embeddable":true,"href":"https:\/\/snus-malmo.se\/sv\/wp-json\/wp\/v2\/media\/24702"}],"wp:attachment":[{"href":"https:\/\/snus-malmo.se\/sv\/wp-json\/wp\/v2\/media?parent=57117"}],"wp:term":[{"taxonomy":"product_brand","embeddable":true,"href":"https:\/\/snus-malmo.se\/sv\/wp-json\/wp\/v2\/product_brand?post=57117"},{"taxonomy":"product_cat","embeddable":true,"href":"https:\/\/snus-malmo.se\/sv\/wp-json\/wp\/v2\/product_cat?post=57117"},{"taxonomy":"product_tag","embeddable":true,"href":"https:\/\/snus-malmo.se\/sv\/wp-json\/wp\/v2\/product_tag?post=57117"}],"curies":[{"name":"wp","href":"https:\/\/api.w.org\/{rel}","templated":true}]}}