{"id":57122,"date":"2025-05-23T17:02:07","date_gmt":"2025-05-23T17:02:07","guid":{"rendered":"https:\/\/snus-malmo.se\/?post_type=product&#038;p=57122"},"modified":"2025-07-16T15:52:05","modified_gmt":"2025-07-16T15:52:05","slug":"ace-x-guarana-chili-boost-extra-strong-all-white-portion","status":"publish","type":"product","link":"https:\/\/snus-malmo.se\/sv\/produkt\/ace-x-guarana-chili-boost-extra-strong-all-white-portion\/","title":{"rendered":"ACE X Guarana Chili Boost Extra Strong All White Portion"},"content":{"rendered":"<article class=\"product-text\">ACE X Guarana Chili Boost serveras med smak av energidryck och stark habanero. Nikotinp\u00e5sarna \u00e4r extra starka och kommer i formatet Slim.<\/article>\n<div class=\"buy-pane\">\n<div class=\"tab-content buy-tabs-content\">\n<div id=\"buy\" class=\"tab-pane active\">\n<div>\n<div class=\"variants list\"><\/div>\n<div class=\"variants list\">\n<p>ACE X Guarana Chili Boost \u00e4r en stark nikotinp\u00e5se med smak av energidryck som avrundas med en het chili-smak av habanero.<\/p>\n<p>Ace X Super White Guarana Chili Boost nikotinp\u00e5sar \u00e4r slimmade och helt fria fr\u00e5n tobak, den l\u00e4tt fuktade portionen\u00a0skapar en kontrollerad fris\u00e4ttning av b\u00e5de smak och nikotin.<\/p>\n<p>Portionerna har en nikotinhalt p\u00e5 20 mg nikotin per gram och klassificeras som Extra Stark i nikotinstyrkan.<\/p>\n<table class=\"product-specs\">\n<thead>\n<tr>\n<th>Fakta om produkten<\/th>\n<th class=\"text-right\"><\/th>\n<\/tr>\n<\/thead>\n<tbody>\n<tr>\n<td class=\"spec-key\">Varum\u00e4rke<\/td>\n<td class=\"spec-value text-right\">Ace Superwhite<\/td>\n<\/tr>\n<tr>\n<td class=\"spec-key\">Produkttyp<\/td>\n<td class=\"spec -value text-right\">all white portion<\/td>\n<\/tr>\n<tr>\n<td class=\"spec-key\">Nikotinstyrka<\/td>\n<td class=\"spec -value text-right\">extra stark<\/td>\n<\/tr>\n<tr>\n<td class=\"spec-key\">Nikotinhalt<\/td>\n<td class=\"spec -value text-right\">20 mg\/g<\/td>\n<\/tr>\n<tr>\n<td class=\"spec-key\">Smak<\/td>\n<td class=\"spec -value text-right\">chili<\/td>\n<\/tr>\n<tr>\n<td class=\"spec-key\">Inneh\u00e5ll\/f\u00f6rpackning<\/td>\n<td class=\"spec -value text-right\">13 g<\/td>\n<\/tr>\n<tr>\n<td class=\"spec-key\">Snustyp<\/td>\n<td class=\"spec -value text-right\">Slim All White Extra Strong<\/td>\n<\/tr>\n<tr>\n<td class=\"spec-key\">Format<\/td>\n<td class=\"spec -value text-right\">Slim<\/td>\n<\/tr>\n<tr>\n<td class=\"spec-key\">Producent<\/td>\n<td class=\"spec-value text-right\">Ministry Of Snus<\/td>\n<\/tr>\n<\/tbody>\n<\/table>\n<\/div>\n<\/div>\n<\/div>\n<\/div>\n<\/div>","protected":false},"excerpt":{"rendered":"<article class=\"product-text\">ACE X Guarana Chili Boost serveras med smak av energidryck och stark habanero. Nikotinp\u00e5sarna \u00e4r extra starka och kommer i formatet Slim.<\/article>\n<div class=\"buy-pane\">\n<div class=\"tab-content buy-tabs-content\">\n<div id=\"buy\" class=\"tab-pane active\">\n<div>\n<div class=\"variants list\"><\/div>\n<div class=\"variants list\">\n<p>ACE X Guarana Chili Boost \u00e4r en stark nikotinp\u00e5se med smak av energidryck som avrundas med en het chili-smak av habanero.<\/p>\n<p>Ace X Super White Guarana Chili Boost nikotinp\u00e5sar \u00e4r slimmade och helt fria fr\u00e5n tobak, den l\u00e4tt fuktade portionen\u00a0skapar en kontrollerad fris\u00e4ttning av b\u00e5de smak och nikotin.<\/p>\n<\/div>\n<\/div>\n<\/div>\n<\/div>\n<\/div>","protected":false},"featured_media":24709,"comment_status":"open","ping_status":"closed","template":"","meta":[],"product_brand":[],"product_cat":[81],"product_tag":[],"class_list":{"0":"post-57122","1":"product","2":"type-product","3":"status-publish","4":"has-post-thumbnail","6":"product_cat-ace","8":"first","9":"instock","10":"taxable","11":"shipping-taxable","12":"purchasable","13":"product-type-variable"},"_links":{"self":[{"href":"https:\/\/snus-malmo.se\/sv\/wp-json\/wp\/v2\/product\/57122","targetHints":{"allow":["GET"]}}],"collection":[{"href":"https:\/\/snus-malmo.se\/sv\/wp-json\/wp\/v2\/product"}],"about":[{"href":"https:\/\/snus-malmo.se\/sv\/wp-json\/wp\/v2\/types\/product"}],"replies":[{"embeddable":true,"href":"https:\/\/snus-malmo.se\/sv\/wp-json\/wp\/v2\/comments?post=57122"}],"version-history":[{"count":0,"href":"https:\/\/snus-malmo.se\/sv\/wp-json\/wp\/v2\/product\/57122\/revisions"}],"wp:featuredmedia":[{"embeddable":true,"href":"https:\/\/snus-malmo.se\/sv\/wp-json\/wp\/v2\/media\/24709"}],"wp:attachment":[{"href":"https:\/\/snus-malmo.se\/sv\/wp-json\/wp\/v2\/media?parent=57122"}],"wp:term":[{"taxonomy":"product_brand","embeddable":true,"href":"https:\/\/snus-malmo.se\/sv\/wp-json\/wp\/v2\/product_brand?post=57122"},{"taxonomy":"product_cat","embeddable":true,"href":"https:\/\/snus-malmo.se\/sv\/wp-json\/wp\/v2\/product_cat?post=57122"},{"taxonomy":"product_tag","embeddable":true,"href":"https:\/\/snus-malmo.se\/sv\/wp-json\/wp\/v2\/product_tag?post=57122"}],"curies":[{"name":"wp","href":"https:\/\/api.w.org\/{rel}","templated":true}]}}