{"id":57246,"date":"2025-05-23T17:02:21","date_gmt":"2025-05-23T17:02:21","guid":{"rendered":"https:\/\/snus-malmo.se\/?post_type=product&#038;p=57246"},"modified":"2025-08-05T00:05:32","modified_gmt":"2025-08-05T00:05:32","slug":"terea-sienna","status":"publish","type":"product","link":"https:\/\/snus-malmo.se\/sv\/produkt\/terea-sienna\/","title":{"rendered":"TEREA Sienna"},"content":{"rendered":"<h1 data-start=\"663\" data-end=\"712\">\ud83d\udfe4 TEREA Sienna<\/h1>\n<h2 data-start=\"714\" data-end=\"766\">\ud83d\udd25 TEREA Sienna \u2013 Djup tobakssmak f\u00f6r IQOS ILUMA<\/h2>\n<p data-start=\"768\" data-end=\"1056\"><strong data-start=\"768\" data-end=\"784\">TEREA Sienna<\/strong> erbjuder en <strong data-start=\"797\" data-end=\"826\">rik och fyllig tobakssmak<\/strong>, framtagen f\u00f6r att tilltala dig som uppskattar en mer traditionell och varm smakprofil. Stickorna har en rund, v\u00e4lbalanserad karakt\u00e4r med mjuka tr\u00e4iga undertoner \u2013 perfekt f\u00f6r dig som s\u00f6ker en <strong data-start=\"1020\" data-end=\"1055\">klassisk r\u00f6kupplevelse utan r\u00f6k<\/strong>.<\/p>\n<p data-start=\"1058\" data-end=\"1396\">TEREA \u00e4r en ny generation tobaksstickor som \u00e4r <strong data-start=\"1105\" data-end=\"1151\">exklusivt kompatibla med IQOS ILUMA-serien<\/strong>, inklusive <strong data-start=\"1163\" data-end=\"1181\">IQOS ILUMA ONE<\/strong>. De \u00e4r utrustade med en <strong data-start=\"1206\" data-end=\"1229\">inbyggd metallk\u00e4rna<\/strong> som samarbetar med <strong data-start=\"1249\" data-end=\"1280\">Smartcore Induction System\u2122<\/strong>, vilket v\u00e4rmer tobaken fr\u00e5n insidan \u2013 utan f\u00f6rbr\u00e4nning. Resultatet \u00e4r en <strong data-start=\"1354\" data-end=\"1395\">renare, luktfri och askfri upplevelse<\/strong>.<\/p>\n<hr data-start=\"1398\" data-end=\"1401\" \/>\n<h2 data-start=\"1403\" data-end=\"1439\">\u2705 <strong data-start=\"1409\" data-end=\"1439\">F\u00f6rdelar med TEREA Sienna:<\/strong><\/h2>\n<ul data-start=\"1440\" data-end=\"1711\">\n<li data-start=\"1440\" data-end=\"1479\">\n<p data-start=\"1442\" data-end=\"1479\">\ud83d\udfe4 Klassisk, djup och varm tobakssmak<\/p>\n<\/li>\n<li data-start=\"1480\" data-end=\"1512\">\n<p data-start=\"1482\" data-end=\"1512\">\ud83c\udf30 Tr\u00e4iga och runda undertoner<\/p>\n<\/li>\n<li data-start=\"1513\" data-end=\"1551\">\n<p data-start=\"1515\" data-end=\"1551\">\ud83d\udeab Ingen r\u00f6k, ingen gl\u00f6d, ingen aska<\/p>\n<\/li>\n<li data-start=\"1552\" data-end=\"1611\">\n<p data-start=\"1554\" data-end=\"1611\">\ud83d\udd12 Endast f\u00f6r anv\u00e4ndning med <strong data-start=\"1583\" data-end=\"1611\">IQOS ILUMA och ILUMA ONE<\/strong><\/p>\n<\/li>\n<li data-start=\"1612\" data-end=\"1670\">\n<p data-start=\"1614\" data-end=\"1670\">\ud83d\udd2c Smartcore-teknologi f\u00f6r j\u00e4mn och effektiv uppv\u00e4rmning<\/p>\n<\/li>\n<li data-start=\"1671\" data-end=\"1711\">\n<p data-start=\"1673\" data-end=\"1711\">\ud83e\uddfc Inga rester \u2013 ingen reng\u00f6ring kr\u00e4vs<\/p>\n<\/li>\n<\/ul>\n<hr data-start=\"1713\" data-end=\"1716\" \/>\n<h3 data-start=\"1718\" data-end=\"1741\">\ud83d\udce6 <strong data-start=\"1725\" data-end=\"1741\">F\u00f6rpackning:<\/strong><\/h3>\n<ul data-start=\"1742\" data-end=\"1824\">\n<li data-start=\"1742\" data-end=\"1770\">\n<p data-start=\"1744\" data-end=\"1770\">20 stickor per f\u00f6rpackning<\/p>\n<\/li>\n<li data-start=\"1771\" data-end=\"1824\">\n<p data-start=\"1773\" data-end=\"1824\">Avsedd enbart f\u00f6r <strong data-start=\"1791\" data-end=\"1824\">TEREA-kompatibla IQOS-enheter<\/strong><\/p>\n<\/li>\n<\/ul>\n<hr data-start=\"1826\" data-end=\"1829\" \/>\n<p data-start=\"1831\" data-end=\"2053\">\ud83d\udd17 <strong data-start=\"1834\" data-end=\"1875\">K\u00f6p TEREA Sienna online hos Veloop.se<\/strong> \u2013 ett smakfullt och r\u00f6kfritt alternativ f\u00f6r dig som s\u00f6ker en djupare tobakskarakt\u00e4r utan kompromisser. Vi erbjuder <strong data-start=\"1991\" data-end=\"2053\">snabb leverans, enkel betalning och personlig kundservice.<\/strong><\/p>\n<p>Se hela sortimentet av IQOS ILUMA-produkter hos Snus-Malm\u00f6<\/p>\n<p>Sienna Selection \u00e4r en rostad, balanserad tobaksblandning och \u00e4r den varianten med starkast tobakskarakt\u00e4r.<\/p>\n<p>Varje f\u00f6rpackning inneh\u00e5ller 20 heatsticks.<\/p>","protected":false},"excerpt":{"rendered":"<h1 data-start=\"346\" data-end=\"392\">\ud83d\udfe4 TEREA Sienna<\/h1>\n<h2 data-start=\"346\" data-end=\"392\">\ud83d\udd25 TEREA Sienna \u2013 Djup tobakssmak f\u00f6r IQOS ILUMA<\/h2>\n<p data-start=\"394\" data-end=\"656\"><strong data-start=\"394\" data-end=\"410\">TEREA Sienna<\/strong> \u2013 Klassisk och fyllig tobakssmak med en varm, rund karakt\u00e4r. Speciellt utvecklad f\u00f6r <strong data-start=\"496\" data-end=\"517\">IQOS ILUMA-serien<\/strong>. R\u00f6kl\u00f6s och luktfri upplevelse \u2013 utan reng\u00f6ring eller aska. Best\u00e4ll TEREA Sienna hos <strong data-start=\"603\" data-end=\"616\">Veloop.se<\/strong> med snabb leverans och trygg betalning!<\/p>\n<p>Sienna Selection \u00e4r en rostad, balanserad tobaksblandning och \u00e4r den varianten med starkast tobakskarakt\u00e4r.<\/p>\n<p>Varje f\u00f6rpackning inneh\u00e5ller 20 heatsticks.<\/p>\n<p>Se hela sortimentet av IQOS ILUMA-produkter hos Snus-Malm\u00f6<\/p>","protected":false},"featured_media":24915,"comment_status":"open","ping_status":"closed","template":"","meta":[],"product_brand":[408],"product_cat":[28,29,210,250],"product_tag":[],"class_list":{"0":"post-57246","1":"product","2":"type-product","3":"status-publish","4":"has-post-thumbnail","6":"product_brand-terea","7":"product_cat-cigaretter","8":"product_cat-heat-not-burn","9":"product_cat-iluma","10":"product_cat-terea","12":"first","13":"instock","14":"taxable","15":"shipping-taxable","16":"purchasable","17":"product-type-variable"},"_links":{"self":[{"href":"https:\/\/snus-malmo.se\/sv\/wp-json\/wp\/v2\/product\/57246","targetHints":{"allow":["GET"]}}],"collection":[{"href":"https:\/\/snus-malmo.se\/sv\/wp-json\/wp\/v2\/product"}],"about":[{"href":"https:\/\/snus-malmo.se\/sv\/wp-json\/wp\/v2\/types\/product"}],"replies":[{"embeddable":true,"href":"https:\/\/snus-malmo.se\/sv\/wp-json\/wp\/v2\/comments?post=57246"}],"version-history":[{"count":0,"href":"https:\/\/snus-malmo.se\/sv\/wp-json\/wp\/v2\/product\/57246\/revisions"}],"wp:featuredmedia":[{"embeddable":true,"href":"https:\/\/snus-malmo.se\/sv\/wp-json\/wp\/v2\/media\/24915"}],"wp:attachment":[{"href":"https:\/\/snus-malmo.se\/sv\/wp-json\/wp\/v2\/media?parent=57246"}],"wp:term":[{"taxonomy":"product_brand","embeddable":true,"href":"https:\/\/snus-malmo.se\/sv\/wp-json\/wp\/v2\/product_brand?post=57246"},{"taxonomy":"product_cat","embeddable":true,"href":"https:\/\/snus-malmo.se\/sv\/wp-json\/wp\/v2\/product_cat?post=57246"},{"taxonomy":"product_tag","embeddable":true,"href":"https:\/\/snus-malmo.se\/sv\/wp-json\/wp\/v2\/product_tag?post=57246"}],"curies":[{"name":"wp","href":"https:\/\/api.w.org\/{rel}","templated":true}]}}