{"id":57327,"date":"2025-05-23T17:02:28","date_gmt":"2025-05-23T17:02:28","guid":{"rendered":"https:\/\/snus-malmo.se\/?post_type=product&#038;p=57327"},"modified":"2025-11-22T08:42:06","modified_gmt":"2025-11-22T08:42:06","slug":"winston-green","status":"publish","type":"product","link":"https:\/\/snus-malmo.se\/sv\/produkt\/winston-green\/","title":{"rendered":"Winston Green"},"content":{"rendered":"<p>NYHET!,\u00a0Winston Green i nytt utf\u00f6rande\u00a0som f\u00f6ljer det nya regelverket kring mentolcigaretter.<\/p>\n<p>Nya\u00a0Winston Green g\u00f6r att dessa inte klassas som tidigare, allts\u00e5 med \u201dkarakt\u00e4ristisk smak\u201d av mentol.<\/p>\n<p>20-pack. En limpa med 10 askar.<\/p>\n<p><strong>N\u00e4r tr\u00e4der f\u00f6rbudet av menthol cigaretter i kraft?<\/strong><\/p>\n<p>F\u00f6rbudet tr\u00e4dde i kraft den 20 maj, alla Menthol &amp; Capsyl-cigaretter f\u00f6rbjuds att s\u00e4ljas i b\u00e5de Sverige och \u00f6ver hela EU.<\/p>\n<p>I samband med den nya lagstiftningen f\u00e5r cigaretter inte l\u00e4ngre ha \u201dkarakt\u00e4ristisk smak\u201d av mentol.<\/p>","protected":false},"excerpt":{"rendered":"<p>NYHET!,\u00a0Winston Green i nytt utf\u00f6rande\u00a0som f\u00f6ljer det nya regelverket kring mentolcigaretter.<\/p>\n<p>Nya\u00a0Winston Green g\u00f6r att dessa inte klassas som tidigare, allts\u00e5 med \u201dkarakt\u00e4ristisk smak\u201d av mentol.<\/p>\n<p>20-pack. En limpa med 10 askar.<\/p>\n<p><strong>N\u00e4r tr\u00e4der f\u00f6rbudet av menthol cigaretter i kraft?<\/strong><\/p>\n<p>F\u00f6rbudet tr\u00e4dde i kraft den 20 maj, alla Menthol &amp; Capsyl-cigaretter f\u00f6rbjuds att s\u00e4ljas i b\u00e5de Sverige och \u00f6ver hela EU.<\/p>\n<p>I samband med den nya lagstiftningen f\u00e5r cigaretter inte l\u00e4ngre ha \u201dkarakt\u00e4ristisk smak\u201d av mentol.<\/p>","protected":false},"featured_media":26603,"comment_status":"open","ping_status":"closed","template":"","meta":[],"product_brand":[],"product_cat":[28,259],"product_tag":[],"class_list":{"0":"post-57327","1":"product","2":"type-product","3":"status-publish","4":"has-post-thumbnail","6":"product_cat-cigaretter","7":"product_cat-winston","9":"first","10":"instock","11":"taxable","12":"shipping-taxable","13":"purchasable","14":"product-type-variable"},"_links":{"self":[{"href":"https:\/\/snus-malmo.se\/sv\/wp-json\/wp\/v2\/product\/57327","targetHints":{"allow":["GET"]}}],"collection":[{"href":"https:\/\/snus-malmo.se\/sv\/wp-json\/wp\/v2\/product"}],"about":[{"href":"https:\/\/snus-malmo.se\/sv\/wp-json\/wp\/v2\/types\/product"}],"replies":[{"embeddable":true,"href":"https:\/\/snus-malmo.se\/sv\/wp-json\/wp\/v2\/comments?post=57327"}],"version-history":[{"count":0,"href":"https:\/\/snus-malmo.se\/sv\/wp-json\/wp\/v2\/product\/57327\/revisions"}],"wp:featuredmedia":[{"embeddable":true,"href":"https:\/\/snus-malmo.se\/sv\/wp-json\/wp\/v2\/media\/26603"}],"wp:attachment":[{"href":"https:\/\/snus-malmo.se\/sv\/wp-json\/wp\/v2\/media?parent=57327"}],"wp:term":[{"taxonomy":"product_brand","embeddable":true,"href":"https:\/\/snus-malmo.se\/sv\/wp-json\/wp\/v2\/product_brand?post=57327"},{"taxonomy":"product_cat","embeddable":true,"href":"https:\/\/snus-malmo.se\/sv\/wp-json\/wp\/v2\/product_cat?post=57327"},{"taxonomy":"product_tag","embeddable":true,"href":"https:\/\/snus-malmo.se\/sv\/wp-json\/wp\/v2\/product_tag?post=57327"}],"curies":[{"name":"wp","href":"https:\/\/api.w.org\/{rel}","templated":true}]}}