{"id":57340,"date":"2025-05-23T17:02:29","date_gmt":"2025-05-23T17:02:29","guid":{"rendered":"https:\/\/snus-malmo.se\/?post_type=product&#038;p=57340"},"modified":"2025-11-11T20:40:45","modified_gmt":"2025-11-11T20:40:45","slug":"backwoods-caribe-cigarr-wild-rum","status":"publish","type":"product","link":"https:\/\/snus-malmo.se\/sv\/produkt\/backwoods-caribe-cigarr-wild-rum\/","title":{"rendered":"Backwoods Caribe Cigarr &#8211; Wild Rum"},"content":{"rendered":"<p><strong>Backwoods Caribe Cigarr &#8211; Wild Rum<\/strong><\/p>\n<p>Backwoods Caribe\u00a0har en fyllig smak av rom med en distinkt, s\u00f6t doft.<\/p>\n<p>Backwoods \u00e4r tillverkad av 100% naturlig blandning av fyllig tobak, dess grova utseende ger intryck av handrullade cigarrer.<\/p>\n<p>Backwoods cigarrer erbjuder h\u00f6gt v\u00e4rde f\u00f6r kunder som s\u00f6ker en avslappnad, vardaglig r\u00f6kning. F\u00f6rutom att vara extremt kostnadseffektiv , Backwoods cigarrer \u00e4r s\u00e5 mycket mer \u00e4n bara tobak &#8211; en vacker blandning av naturlig och homogeniserad tobak och genomsyrad med s\u00f6ta smaker och aromer av olika slag.<\/p>\n<p>Inneh\u00e5ller 5 Cigarrer.<\/p>","protected":false},"excerpt":{"rendered":"<p><strong>Backwoods Caribe Cigarr &#8211; Wild Rum<\/strong><\/p>\n<p>Backwoods Caribe\u00a0har en fyllig smak av rom med en distinkt, s\u00f6t doft.<\/p>\n<p>Backwoods \u00e4r tillverkad av 100% naturlig blandning av fyllig tobak, dess grova utseende ger intryck av handrullade cigarrer.<\/p>\n<p>Backwoods cigarrer erbjuder h\u00f6gt v\u00e4rde f\u00f6r kunder som s\u00f6ker en avslappnad, vardaglig r\u00f6kning. F\u00f6rutom att vara extremt kostnadseffektiv , Backwoods cigarrer \u00e4r s\u00e5 mycket mer \u00e4n bara tobak &#8211; en vacker blandning av naturlig och homogeniserad tobak och genomsyrad med s\u00f6ta smaker och aromer av olika slag.<\/p>\n<p>Inneh\u00e5ller 5 Cigarrer.<\/p>","protected":false},"featured_media":26127,"comment_status":"open","ping_status":"closed","template":"","meta":[],"product_brand":[],"product_cat":[53],"product_tag":[],"class_list":{"0":"post-57340","1":"product","2":"type-product","3":"status-publish","4":"has-post-thumbnail","6":"product_cat-cigarr","8":"first","9":"outofstock","10":"taxable","11":"shipping-taxable","12":"purchasable","13":"product-type-simple"},"_links":{"self":[{"href":"https:\/\/snus-malmo.se\/sv\/wp-json\/wp\/v2\/product\/57340","targetHints":{"allow":["GET"]}}],"collection":[{"href":"https:\/\/snus-malmo.se\/sv\/wp-json\/wp\/v2\/product"}],"about":[{"href":"https:\/\/snus-malmo.se\/sv\/wp-json\/wp\/v2\/types\/product"}],"replies":[{"embeddable":true,"href":"https:\/\/snus-malmo.se\/sv\/wp-json\/wp\/v2\/comments?post=57340"}],"version-history":[{"count":0,"href":"https:\/\/snus-malmo.se\/sv\/wp-json\/wp\/v2\/product\/57340\/revisions"}],"wp:featuredmedia":[{"embeddable":true,"href":"https:\/\/snus-malmo.se\/sv\/wp-json\/wp\/v2\/media\/26127"}],"wp:attachment":[{"href":"https:\/\/snus-malmo.se\/sv\/wp-json\/wp\/v2\/media?parent=57340"}],"wp:term":[{"taxonomy":"product_brand","embeddable":true,"href":"https:\/\/snus-malmo.se\/sv\/wp-json\/wp\/v2\/product_brand?post=57340"},{"taxonomy":"product_cat","embeddable":true,"href":"https:\/\/snus-malmo.se\/sv\/wp-json\/wp\/v2\/product_cat?post=57340"},{"taxonomy":"product_tag","embeddable":true,"href":"https:\/\/snus-malmo.se\/sv\/wp-json\/wp\/v2\/product_tag?post=57340"}],"curies":[{"name":"wp","href":"https:\/\/api.w.org\/{rel}","templated":true}]}}