{"id":57344,"date":"2025-05-23T17:02:29","date_gmt":"2025-05-23T17:02:29","guid":{"rendered":"https:\/\/snus-malmo.se\/?post_type=product&#038;p=57344"},"modified":"2025-07-23T00:16:42","modified_gmt":"2025-07-23T00:16:42","slug":"cubao-monarchas-cigarr","status":"publish","type":"product","link":"https:\/\/snus-malmo.se\/sv\/produkt\/cubao-monarchas-cigarr\/","title":{"rendered":"Cubao Monarchas Cigarr"},"content":{"rendered":"<p><strong>Cubao Monarchas Cigarr<\/strong><\/p>\n<p>\u00e4r handrullade cigarrer fr\u00e5n Filippinerna och \u00e4r det senaste tillskottet till EO Brands arsenal och blandas med den prisade Don Pepin Garcia. Det utseendet och k\u00e4nslan av den nya Cubao \u00e4r att f\u00e5 dig att t\u00e4nka p\u00e5 gamla v\u00e4rlden stil. Omslag: Ecuador Sumatra Oscuro. P\u00e5fyllning: nicaraguanska. Ursprung: Nicaragua.<\/p>","protected":false},"excerpt":{"rendered":"<p><strong>Cubao Monarchas Cigarr<\/strong><\/p>\n<p>\u00e4r handrullade cigarrer fr\u00e5n Filippinerna och \u00e4r det senaste tillskottet till EO Brands arsenal och blandas med den prisade Don Pepin Garcia. Det utseendet och k\u00e4nslan av den nya Cubao \u00e4r att f\u00e5 dig att t\u00e4nka p\u00e5 gamla v\u00e4rlden stil. Omslag: Ecuador Sumatra Oscuro. P\u00e5fyllning: nicaraguanska. Ursprung: Nicaragua.<\/p>","protected":false},"featured_media":25079,"comment_status":"open","ping_status":"closed","template":"","meta":[],"product_brand":[],"product_cat":[53],"product_tag":[],"class_list":{"0":"post-57344","1":"product","2":"type-product","3":"status-publish","4":"has-post-thumbnail","6":"product_cat-cigarr","8":"first","9":"instock","10":"taxable","11":"shipping-taxable","12":"purchasable","13":"product-type-variable"},"_links":{"self":[{"href":"https:\/\/snus-malmo.se\/sv\/wp-json\/wp\/v2\/product\/57344","targetHints":{"allow":["GET"]}}],"collection":[{"href":"https:\/\/snus-malmo.se\/sv\/wp-json\/wp\/v2\/product"}],"about":[{"href":"https:\/\/snus-malmo.se\/sv\/wp-json\/wp\/v2\/types\/product"}],"replies":[{"embeddable":true,"href":"https:\/\/snus-malmo.se\/sv\/wp-json\/wp\/v2\/comments?post=57344"}],"version-history":[{"count":0,"href":"https:\/\/snus-malmo.se\/sv\/wp-json\/wp\/v2\/product\/57344\/revisions"}],"wp:featuredmedia":[{"embeddable":true,"href":"https:\/\/snus-malmo.se\/sv\/wp-json\/wp\/v2\/media\/25079"}],"wp:attachment":[{"href":"https:\/\/snus-malmo.se\/sv\/wp-json\/wp\/v2\/media?parent=57344"}],"wp:term":[{"taxonomy":"product_brand","embeddable":true,"href":"https:\/\/snus-malmo.se\/sv\/wp-json\/wp\/v2\/product_brand?post=57344"},{"taxonomy":"product_cat","embeddable":true,"href":"https:\/\/snus-malmo.se\/sv\/wp-json\/wp\/v2\/product_cat?post=57344"},{"taxonomy":"product_tag","embeddable":true,"href":"https:\/\/snus-malmo.se\/sv\/wp-json\/wp\/v2\/product_tag?post=57344"}],"curies":[{"name":"wp","href":"https:\/\/api.w.org\/{rel}","templated":true}]}}