{"id":57347,"date":"2025-05-23T17:02:29","date_gmt":"2025-05-23T17:02:29","guid":{"rendered":"https:\/\/snus-malmo.se\/?post_type=product&#038;p=57347"},"modified":"2025-07-23T23:52:52","modified_gmt":"2025-07-23T23:52:52","slug":"handelsgold-blue-chocolate-cigariller-cigarr","status":"publish","type":"product","link":"https:\/\/snus-malmo.se\/sv\/produkt\/handelsgold-blue-chocolate-cigariller-cigarr\/","title":{"rendered":"Handelsgold Blue Chocolate Cigariller Cigarr"},"content":{"rendered":"<div class=\"product__description rte quick-add-hidden\">\n<p><strong>Handelsgold Blue Chocolate Cigariller Cigarr<\/strong><\/p>\n<p>Handelsgold Blue Chocolate \u00e4r cigarr-cigariller med smak av choklad. Dessa tysktillverkade cigarr-cigariller har en storlek som \u00e4r mindre \u00e4n de flesta cigarrer men nog\u00e5t st\u00f6rre \u00e4n klassiska cigariller. Inneh\u00e5ller tobak som plockats f\u00f6r att uppn\u00e5 kvalitet till f\u00f6rm\u00e5nligt pris.<\/p>\n<\/div>\n<p>&nbsp;<\/p>","protected":false},"excerpt":{"rendered":"<div class=\"product__description rte quick-add-hidden\">\n<p><strong>Handelsgold Blue Chocolate Cigariller Cigarr<\/strong><\/p>\n<p>Handelsgold Blue Chocolate \u00e4r cigarr-cigariller med smak av choklad. Dessa tysktillverkade cigarr-cigariller har en storlek som \u00e4r mindre \u00e4n de flesta cigarrer men nog\u00e5t st\u00f6rre \u00e4n klassiska cigariller. Inneh\u00e5ller tobak som plockats f\u00f6r att uppn\u00e5 kvalitet till f\u00f6rm\u00e5nligt pris.<\/p>\n<\/div>\n<p>&nbsp;<\/p>","protected":false},"featured_media":26245,"comment_status":"open","ping_status":"closed","template":"","meta":[],"product_brand":[349],"product_cat":[32,53,207],"product_tag":[],"class_list":{"0":"post-57347","1":"product","2":"type-product","3":"status-publish","4":"has-post-thumbnail","6":"product_brand-handelsgold","7":"product_cat-cigariller","8":"product_cat-cigarr","9":"product_cat-handelsgold","11":"first","12":"instock","13":"taxable","14":"shipping-taxable","15":"purchasable","16":"product-type-variable"},"_links":{"self":[{"href":"https:\/\/snus-malmo.se\/sv\/wp-json\/wp\/v2\/product\/57347","targetHints":{"allow":["GET"]}}],"collection":[{"href":"https:\/\/snus-malmo.se\/sv\/wp-json\/wp\/v2\/product"}],"about":[{"href":"https:\/\/snus-malmo.se\/sv\/wp-json\/wp\/v2\/types\/product"}],"replies":[{"embeddable":true,"href":"https:\/\/snus-malmo.se\/sv\/wp-json\/wp\/v2\/comments?post=57347"}],"version-history":[{"count":0,"href":"https:\/\/snus-malmo.se\/sv\/wp-json\/wp\/v2\/product\/57347\/revisions"}],"wp:featuredmedia":[{"embeddable":true,"href":"https:\/\/snus-malmo.se\/sv\/wp-json\/wp\/v2\/media\/26245"}],"wp:attachment":[{"href":"https:\/\/snus-malmo.se\/sv\/wp-json\/wp\/v2\/media?parent=57347"}],"wp:term":[{"taxonomy":"product_brand","embeddable":true,"href":"https:\/\/snus-malmo.se\/sv\/wp-json\/wp\/v2\/product_brand?post=57347"},{"taxonomy":"product_cat","embeddable":true,"href":"https:\/\/snus-malmo.se\/sv\/wp-json\/wp\/v2\/product_cat?post=57347"},{"taxonomy":"product_tag","embeddable":true,"href":"https:\/\/snus-malmo.se\/sv\/wp-json\/wp\/v2\/product_tag?post=57347"}],"curies":[{"name":"wp","href":"https:\/\/api.w.org\/{rel}","templated":true}]}}