{"id":57366,"date":"2025-05-23T17:02:32","date_gmt":"2025-05-23T17:02:32","guid":{"rendered":"https:\/\/snus-malmo.se\/?post_type=product&#038;p=57366"},"modified":"2025-07-23T23:51:40","modified_gmt":"2025-07-23T23:51:40","slug":"handelsgold-classic","status":"publish","type":"product","link":"https:\/\/snus-malmo.se\/sv\/produkt\/handelsgold-classic\/","title":{"rendered":"Handelsgold Classic"},"content":{"rendered":"<p><strong>Handelsgold Classic<\/strong><\/p>\n<p>Handelsgold Classic \u00e4r cigarr-cigariller med klassisk tobakssmak. Dessa tysktillverkade cigarr-cigariller har en storlek som \u00e4r mindre \u00e4n de flesta cigarrer men nog\u00e5t st\u00f6rre \u00e4n klassiska cigariller. Inneh\u00e5ller tobak som plockats f\u00f6r att uppn\u00e5 kvalitet till f\u00f6rm\u00e5nligt pris.<\/p>","protected":false},"excerpt":{"rendered":"<p><strong>Handelsgold Classic<\/strong><\/p>\n<p>Handelsgold Classic \u00e4r cigarr-cigariller med klassisk tobakssmak. Dessa tysktillverkade cigarr-cigariller har en storlek som \u00e4r mindre \u00e4n de flesta cigarrer men nog\u00e5t st\u00f6rre \u00e4n klassiska cigariller. Inneh\u00e5ller tobak som plockats f\u00f6r att uppn\u00e5 kvalitet till f\u00f6rm\u00e5nligt pris.<\/p>","protected":false},"featured_media":26244,"comment_status":"open","ping_status":"closed","template":"","meta":[],"product_brand":[349],"product_cat":[32,53,207],"product_tag":[],"class_list":{"0":"post-57366","1":"product","2":"type-product","3":"status-publish","4":"has-post-thumbnail","6":"product_brand-handelsgold","7":"product_cat-cigariller","8":"product_cat-cigarr","9":"product_cat-handelsgold","11":"first","12":"instock","13":"taxable","14":"shipping-taxable","15":"purchasable","16":"product-type-variable"},"_links":{"self":[{"href":"https:\/\/snus-malmo.se\/sv\/wp-json\/wp\/v2\/product\/57366","targetHints":{"allow":["GET"]}}],"collection":[{"href":"https:\/\/snus-malmo.se\/sv\/wp-json\/wp\/v2\/product"}],"about":[{"href":"https:\/\/snus-malmo.se\/sv\/wp-json\/wp\/v2\/types\/product"}],"replies":[{"embeddable":true,"href":"https:\/\/snus-malmo.se\/sv\/wp-json\/wp\/v2\/comments?post=57366"}],"version-history":[{"count":0,"href":"https:\/\/snus-malmo.se\/sv\/wp-json\/wp\/v2\/product\/57366\/revisions"}],"wp:featuredmedia":[{"embeddable":true,"href":"https:\/\/snus-malmo.se\/sv\/wp-json\/wp\/v2\/media\/26244"}],"wp:attachment":[{"href":"https:\/\/snus-malmo.se\/sv\/wp-json\/wp\/v2\/media?parent=57366"}],"wp:term":[{"taxonomy":"product_brand","embeddable":true,"href":"https:\/\/snus-malmo.se\/sv\/wp-json\/wp\/v2\/product_brand?post=57366"},{"taxonomy":"product_cat","embeddable":true,"href":"https:\/\/snus-malmo.se\/sv\/wp-json\/wp\/v2\/product_cat?post=57366"},{"taxonomy":"product_tag","embeddable":true,"href":"https:\/\/snus-malmo.se\/sv\/wp-json\/wp\/v2\/product_tag?post=57366"}],"curies":[{"name":"wp","href":"https:\/\/api.w.org\/{rel}","templated":true}]}}