{"id":57374,"date":"2025-05-23T17:02:32","date_gmt":"2025-05-23T17:02:32","guid":{"rendered":"https:\/\/snus-malmo.se\/?post_type=product&#038;p=57374"},"modified":"2025-07-28T13:21:59","modified_gmt":"2025-07-28T13:21:59","slug":"toscano-antico-cigarr","status":"publish","type":"product","link":"https:\/\/snus-malmo.se\/sv\/produkt\/toscano-antico-cigarr\/","title":{"rendered":"Toscano Antico Cigarr"},"content":{"rendered":"<p><strong>Toscano Antico Cigarr<\/strong><\/p>\n<p>Toscano Antico Cigarr har f\u00e5tt all sin smak fr\u00e5n Kentucky-tobak.<\/p>\n<p>En\u00a0paket\u00a0inneh\u00e5ller 5 st cigarr.<\/p>\n<p>Toscano Cigars startades f\u00f6r 200 \u00e5r sedan i Toscana d\u00e4r man odlar tobak av sorten \u201dKentucky\u201d. All tobak som finns i Toscanos cigarr \u00e4r 100% ifr\u00e5n Italien. Man anv\u00e4nder en process som heter \u201dfire cured\u201d vilket inneb\u00e4r att tobaken efter den torkats sedan bl\u00f6tl\u00e4ggs f\u00f6r att sedan l\u00e4ggas i stora ugnar f\u00f6r att f\u00e5 sin unika smak, doft och m\u00f6rka f\u00e4rg. N\u00e4r man smaks\u00e4tter sina olika sorter s\u00e5 tar det mellan 4-12 m\u00e5nader beroende p\u00e5 smak.<\/p>","protected":false},"excerpt":{"rendered":"<p><strong>Toscano Antico Cigarr<\/strong><\/p>\n<p>Toscano Antico Cigarr har f\u00e5tt all sin smak fr\u00e5n Kentucky-tobak.<\/p>\n<p>En\u00a0paket\u00a0inneh\u00e5ller 5 st cigarr.<\/p>\n<p>Toscano Cigars startades f\u00f6r 200 \u00e5r sedan i Toscana d\u00e4r man odlar tobak av sorten \u201dKentucky\u201d. All tobak som finns i Toscanos cigarr \u00e4r 100% ifr\u00e5n Italien. Man anv\u00e4nder en process som heter \u201dfire cured\u201d vilket inneb\u00e4r att tobaken efter den torkats sedan bl\u00f6tl\u00e4ggs f\u00f6r att sedan l\u00e4ggas i stora ugnar f\u00f6r att f\u00e5 sin unika smak, doft och m\u00f6rka f\u00e4rg. N\u00e4r man smaks\u00e4tter sina olika sorter s\u00e5 tar det mellan 4-12 m\u00e5nader beroende p\u00e5 smak.<\/p>","protected":false},"featured_media":26083,"comment_status":"open","ping_status":"closed","template":"","meta":[],"product_brand":[428],"product_cat":[172,53,252],"product_tag":[],"class_list":{"0":"post-57374","1":"product","2":"type-product","3":"status-publish","4":"has-post-thumbnail","6":"product_brand-toscano","7":"product_cat-antico","8":"product_cat-cigarr","9":"product_cat-toscanello","11":"first","12":"instock","13":"taxable","14":"shipping-taxable","15":"purchasable","16":"product-type-variable"},"_links":{"self":[{"href":"https:\/\/snus-malmo.se\/sv\/wp-json\/wp\/v2\/product\/57374","targetHints":{"allow":["GET"]}}],"collection":[{"href":"https:\/\/snus-malmo.se\/sv\/wp-json\/wp\/v2\/product"}],"about":[{"href":"https:\/\/snus-malmo.se\/sv\/wp-json\/wp\/v2\/types\/product"}],"replies":[{"embeddable":true,"href":"https:\/\/snus-malmo.se\/sv\/wp-json\/wp\/v2\/comments?post=57374"}],"version-history":[{"count":0,"href":"https:\/\/snus-malmo.se\/sv\/wp-json\/wp\/v2\/product\/57374\/revisions"}],"wp:featuredmedia":[{"embeddable":true,"href":"https:\/\/snus-malmo.se\/sv\/wp-json\/wp\/v2\/media\/26083"}],"wp:attachment":[{"href":"https:\/\/snus-malmo.se\/sv\/wp-json\/wp\/v2\/media?parent=57374"}],"wp:term":[{"taxonomy":"product_brand","embeddable":true,"href":"https:\/\/snus-malmo.se\/sv\/wp-json\/wp\/v2\/product_brand?post=57374"},{"taxonomy":"product_cat","embeddable":true,"href":"https:\/\/snus-malmo.se\/sv\/wp-json\/wp\/v2\/product_cat?post=57374"},{"taxonomy":"product_tag","embeddable":true,"href":"https:\/\/snus-malmo.se\/sv\/wp-json\/wp\/v2\/product_tag?post=57374"}],"curies":[{"name":"wp","href":"https:\/\/api.w.org\/{rel}","templated":true}]}}