{"id":57375,"date":"2025-05-23T17:02:32","date_gmt":"2025-05-23T17:02:32","guid":{"rendered":"https:\/\/snus-malmo.se\/?post_type=product&#038;p=57375"},"modified":"2025-07-28T13:21:33","modified_gmt":"2025-07-28T13:21:33","slug":"toscano-classico-cigarr","status":"publish","type":"product","link":"https:\/\/snus-malmo.se\/sv\/produkt\/toscano-classico-cigarr\/","title":{"rendered":"Toscano Classico Cigarr"},"content":{"rendered":"<div class=\"product__description rte quick-add-hidden\">\n<p><strong>Toscano Classico Cigarr<\/strong><\/p>\n<p>Cigarren inneh\u00e5ller b\u00e5de italiensk och amerikansk kentuckytobak och \u00e4r fermenterad n\u00e5gra m\u00e5nader kortare \u00e4n Anticon vilket g\u00f6r att Classicon f\u00e5r en lite mildare karakt\u00e4r.\u00a0Kryddig cigarr med r\u00f6kiga toner samt en mild avslutning!<\/p>\n<p>En\u00a0paket\u00a0inneh\u00e5ller 5 st cigarr.<\/p>\n<p>Toscano Cigars startades f\u00f6r 200 \u00e5r sedan i Toscana d\u00e4r man odlar tobak av sorten \u201dKentucky\u201d. All tobak som finns i Toscanos cigarr \u00e4r 100% ifr\u00e5n Italien. Man anv\u00e4nder en process som heter \u201dfire cured\u201d vilket inneb\u00e4r att tobaken efter den torkats sedan bl\u00f6tl\u00e4ggs f\u00f6r att sedan l\u00e4ggas i stora ugnar f\u00f6r att f\u00e5 sin unika smak, doft och m\u00f6rka f\u00e4rg. N\u00e4r man smaks\u00e4tter sina olika sorter s\u00e5 tar det mellan 4-12 m\u00e5nader beroende p\u00e5 smak.<\/p>\n<\/div>\n<p>&nbsp;<\/p>","protected":false},"excerpt":{"rendered":"<div class=\"product__description rte quick-add-hidden\">\n<p><strong>Toscano Classico Cigarr<\/strong><\/p>\n<p>Cigarren inneh\u00e5ller b\u00e5de italiensk och amerikansk kentuckytobak och \u00e4r fermenterad n\u00e5gra m\u00e5nader kortare \u00e4n Anticon vilket g\u00f6r att Classicon f\u00e5r en lite mildare karakt\u00e4r.\u00a0Kryddig cigarr med r\u00f6kiga toner samt en mild avslutning!<\/p>\n<p>En\u00a0paket\u00a0inneh\u00e5ller 5 st cigarr.<\/p>\n<p>Toscano Cigars startades f\u00f6r 200 \u00e5r sedan i Toscana d\u00e4r man odlar tobak av sorten \u201dKentucky\u201d. All tobak som finns i Toscanos cigarr \u00e4r 100% ifr\u00e5n Italien. Man anv\u00e4nder en process som heter \u201dfire cured\u201d vilket inneb\u00e4r att tobaken efter den torkats sedan bl\u00f6tl\u00e4ggs f\u00f6r att sedan l\u00e4ggas i stora ugnar f\u00f6r att f\u00e5 sin unika smak, doft och m\u00f6rka f\u00e4rg. N\u00e4r man smaks\u00e4tter sina olika sorter s\u00e5 tar det mellan 4-12 m\u00e5nader beroende p\u00e5 smak.<\/p>\n<\/div>\n<p>&nbsp;<\/p>","protected":false},"featured_media":26076,"comment_status":"open","ping_status":"closed","template":"","meta":[],"product_brand":[428],"product_cat":[53,252],"product_tag":[],"class_list":{"0":"post-57375","1":"product","2":"type-product","3":"status-publish","4":"has-post-thumbnail","6":"product_brand-toscano","7":"product_cat-cigarr","8":"product_cat-toscanello","10":"first","11":"instock","12":"taxable","13":"shipping-taxable","14":"purchasable","15":"product-type-variable"},"_links":{"self":[{"href":"https:\/\/snus-malmo.se\/sv\/wp-json\/wp\/v2\/product\/57375","targetHints":{"allow":["GET"]}}],"collection":[{"href":"https:\/\/snus-malmo.se\/sv\/wp-json\/wp\/v2\/product"}],"about":[{"href":"https:\/\/snus-malmo.se\/sv\/wp-json\/wp\/v2\/types\/product"}],"replies":[{"embeddable":true,"href":"https:\/\/snus-malmo.se\/sv\/wp-json\/wp\/v2\/comments?post=57375"}],"version-history":[{"count":0,"href":"https:\/\/snus-malmo.se\/sv\/wp-json\/wp\/v2\/product\/57375\/revisions"}],"wp:featuredmedia":[{"embeddable":true,"href":"https:\/\/snus-malmo.se\/sv\/wp-json\/wp\/v2\/media\/26076"}],"wp:attachment":[{"href":"https:\/\/snus-malmo.se\/sv\/wp-json\/wp\/v2\/media?parent=57375"}],"wp:term":[{"taxonomy":"product_brand","embeddable":true,"href":"https:\/\/snus-malmo.se\/sv\/wp-json\/wp\/v2\/product_brand?post=57375"},{"taxonomy":"product_cat","embeddable":true,"href":"https:\/\/snus-malmo.se\/sv\/wp-json\/wp\/v2\/product_cat?post=57375"},{"taxonomy":"product_tag","embeddable":true,"href":"https:\/\/snus-malmo.se\/sv\/wp-json\/wp\/v2\/product_tag?post=57375"}],"curies":[{"name":"wp","href":"https:\/\/api.w.org\/{rel}","templated":true}]}}