{"id":57457,"date":"2025-05-23T17:02:40","date_gmt":"2025-05-23T17:02:40","guid":{"rendered":"https:\/\/snus-malmo.se\/?post_type=product&#038;p=57457"},"modified":"2025-11-22T09:18:58","modified_gmt":"2025-11-22T09:18:58","slug":"helwit-violet","status":"publish","type":"product","link":"https:\/\/snus-malmo.se\/sv\/produkt\/helwit-violet\/","title":{"rendered":"Helwit Violet"},"content":{"rendered":"<h1>Helwit Violet<\/h1>\n<h1>Helwit Violet \u2013 Slim Nikotinp\u00e5sar med Violsmak | K\u00f6p hos Veloop.se<\/h1>\n<h2 data-start=\"357\" data-end=\"404\">\ud83d\udfea <strong data-start=\"364\" data-end=\"404\">En nyhet f\u00f6r dig som \u00e4lskar viol<\/strong><\/h2>\n<p data-start=\"406\" data-end=\"667\">Helwit Violet bjuder p\u00e5 en unik smakresa med blommiga och s\u00f6ta toner av viol \u2013 en upplevelse som sticker ut bland nikotinp\u00e5sar. Med sin l\u00e4tta nikotinstyrka och sitt diskreta Slim-format \u00e4r detta en perfekt all white-produkt f\u00f6r dig som s\u00f6ker b\u00e5de smak och stil<\/p>\n<h2 data-start=\"674\" data-end=\"730\">\ud83d\udfe2 <strong data-start=\"681\" data-end=\"730\">Slim &amp; all white \u2013 med h\u00e5llbarhet i fokus<\/strong><\/h2>\n<p data-start=\"732\" data-end=\"1010\">Bakom Helwit st\u00e5r det svenska varum\u00e4rket YOIK, som producerar alla sina nikotinp\u00e5sar i en klimatsmart fabrik vid Gransholms Bruk, utanf\u00f6r V\u00e4xj\u00f6. Fabriken \u00e4r helt sj\u00e4lvf\u00f6rs\u00f6rjande tack vare ett eget vattenkraftverk \u2013 ett bevis p\u00e5 att smak och milj\u00f6medvetenhet kan g\u00e5 hand i hand.<\/p>\n<p data-start=\"1012\" data-end=\"1110\">\u00c4ven dosan \u00e4r genomt\u00e4nkt \u2013 tillverkad av restprodukten tallolja f\u00f6r minsta m\u00f6jliga klimatp\u00e5verkan.<\/p>\n<h2 data-start=\"1117\" data-end=\"1153\">\ud83d\udfe0 <strong data-start=\"1124\" data-end=\"1153\">Kort om Helwit Violet<\/strong><\/h2>\n<div class=\"_tableContainer_16hzy_1\">\n<div class=\"_tableWrapper_16hzy_14 group flex w-fit flex-col-reverse\" tabindex=\"-1\">\n<table class=\"w-fit min-w-(--thread-content-width)\" data-start=\"1155\" data-end=\"1714\">\n<thead data-start=\"1155\" data-end=\"1210\">\n<tr data-start=\"1155\" data-end=\"1210\">\n<th data-start=\"1155\" data-end=\"1178\" data-col-size=\"sm\"><strong data-start=\"1157\" data-end=\"1169\">Egenskap<\/strong><\/th>\n<th data-start=\"1178\" data-end=\"1210\" data-col-size=\"sm\"><strong data-start=\"1180\" data-end=\"1195\">Information<\/strong><\/th>\n<\/tr>\n<\/thead>\n<tbody data-start=\"1267\" data-end=\"1714\">\n<tr data-start=\"1267\" data-end=\"1322\">\n<td data-start=\"1267\" data-end=\"1290\" data-col-size=\"sm\"><strong data-start=\"1269\" data-end=\"1282\">Varum\u00e4rke<\/strong><\/td>\n<td data-col-size=\"sm\" data-start=\"1290\" data-end=\"1322\">Helwit<\/td>\n<\/tr>\n<tr data-start=\"1323\" data-end=\"1378\">\n<td data-start=\"1323\" data-end=\"1346\" data-col-size=\"sm\"><strong data-start=\"1325\" data-end=\"1340\">Tillverkare<\/strong><\/td>\n<td data-col-size=\"sm\" data-start=\"1346\" data-end=\"1378\">YOIK<\/td>\n<\/tr>\n<tr data-start=\"1379\" data-end=\"1434\">\n<td data-start=\"1379\" data-end=\"1402\" data-col-size=\"sm\"><strong data-start=\"1381\" data-end=\"1395\">Produkttyp<\/strong><\/td>\n<td data-col-size=\"sm\" data-start=\"1402\" data-end=\"1434\">All White Portion<\/td>\n<\/tr>\n<tr data-start=\"1435\" data-end=\"1490\">\n<td data-start=\"1435\" data-end=\"1458\" data-col-size=\"sm\"><strong data-start=\"1437\" data-end=\"1451\">Smakprofil<\/strong><\/td>\n<td data-col-size=\"sm\" data-start=\"1458\" data-end=\"1490\">Viol (blommig &amp; s\u00f6t)<\/td>\n<\/tr>\n<tr data-start=\"1491\" data-end=\"1546\">\n<td data-start=\"1491\" data-end=\"1514\" data-col-size=\"sm\"><strong data-start=\"1493\" data-end=\"1508\">Nikotinhalt<\/strong><\/td>\n<td data-col-size=\"sm\" data-start=\"1514\" data-end=\"1546\">7 mg\/g (Light)<\/td>\n<\/tr>\n<tr data-start=\"1547\" data-end=\"1602\">\n<td data-start=\"1547\" data-end=\"1570\" data-col-size=\"sm\"><strong data-start=\"1549\" data-end=\"1559\">Format<\/strong><\/td>\n<td data-col-size=\"sm\" data-start=\"1570\" data-end=\"1602\">Slim<\/td>\n<\/tr>\n<tr data-start=\"1603\" data-end=\"1658\">\n<td data-start=\"1603\" data-end=\"1626\" data-col-size=\"sm\"><strong data-start=\"1605\" data-end=\"1626\">Inneh\u00e5ll per dosa<\/strong><\/td>\n<td data-col-size=\"sm\" data-start=\"1626\" data-end=\"1658\">10 g<\/td>\n<\/tr>\n<tr data-start=\"1659\" data-end=\"1714\">\n<td data-start=\"1659\" data-end=\"1682\" data-col-size=\"sm\"><strong data-start=\"1661\" data-end=\"1672\">Snustyp<\/strong><\/td>\n<td data-col-size=\"sm\" data-start=\"1682\" data-end=\"1714\">Slim All White Light<\/td>\n<\/tr>\n<\/tbody>\n<\/table>\n<div class=\"sticky end-(--thread-content-margin) h-0 self-end select-none\">\n<div class=\"absolute end-0 flex items-end\"><\/div>\n<\/div>\n<\/div>\n<\/div>\n<hr data-start=\"1716\" data-end=\"1719\" \/>\n<h2 data-start=\"1721\" data-end=\"1767\">\ud83d\udd17 <strong data-start=\"1728\" data-end=\"1767\">K\u00f6p Helwit Violet hos Veloop.se<\/strong><\/h2>\n<p data-start=\"1769\" data-end=\"1922\">Smidig best\u00e4llning, snabb leverans och brett sortiment \u2013 hitta <em data-start=\"1832\" data-end=\"1847\">Helwit Violet<\/em> och fler nikotinp\u00e5sar fr\u00e5n YOIK p\u00e5 <a class=\"\" href=\"https:\/\/snus-malmo.se\/sv\/helwit\/\" target=\"_new\" rel=\"noopener\" data-start=\"1883\" data-end=\"1921\">Veloop.se<\/a>.<\/p>\n<p data-start=\"1924\" data-end=\"2006\">\ud83d\udc49 <strong data-start=\"1927\" data-end=\"2006\"><a class=\"\" href=\"https:\/\/snus-malmo.se\/sv\/helwit\/\" target=\"_new\" rel=\"noopener\" data-start=\"1929\" data-end=\"2004\">Klicka h\u00e4r f\u00f6r att handla Helwit Violet direkt<\/a><\/strong><\/p>","protected":false},"excerpt":{"rendered":"<h1>Helwit Violet<\/h1>\n<h1>Helwit Violet \u2013 Slim Nikotinp\u00e5sar med Violsmak | K\u00f6p hos Veloop.se<\/h1>\n<h2 data-start=\"357\" data-end=\"404\"><strong data-start=\"364\" data-end=\"404\">En nyhet f\u00f6r dig som \u00e4lskar viol<\/strong><\/h2>\n<p data-start=\"406\" data-end=\"667\">Helwit Violet bjuder p\u00e5 en unik smakresa med blommiga och s\u00f6ta toner av viol \u2013 en upplevelse som sticker ut bland nikotinp\u00e5sar. Med sin l\u00e4tta nikotinstyrka och sitt diskreta Slim-format \u00e4r detta en perfekt all white-produkt f\u00f6r dig som s\u00f6ker b\u00e5de smak och stil.<\/p>","protected":false},"featured_media":62186,"comment_status":"open","ping_status":"closed","template":"","meta":[],"product_brand":[352],"product_cat":[136,92,137],"product_tag":[],"class_list":{"0":"post-57457","1":"product","2":"type-product","3":"status-publish","4":"has-post-thumbnail","6":"product_brand-helwit","7":"product_cat-all-whites","8":"product_cat-helwit","9":"product_cat-slim","11":"first","12":"instock","13":"taxable","14":"shipping-taxable","15":"purchasable","16":"product-type-variable"},"_links":{"self":[{"href":"https:\/\/snus-malmo.se\/sv\/wp-json\/wp\/v2\/product\/57457","targetHints":{"allow":["GET"]}}],"collection":[{"href":"https:\/\/snus-malmo.se\/sv\/wp-json\/wp\/v2\/product"}],"about":[{"href":"https:\/\/snus-malmo.se\/sv\/wp-json\/wp\/v2\/types\/product"}],"replies":[{"embeddable":true,"href":"https:\/\/snus-malmo.se\/sv\/wp-json\/wp\/v2\/comments?post=57457"}],"version-history":[{"count":0,"href":"https:\/\/snus-malmo.se\/sv\/wp-json\/wp\/v2\/product\/57457\/revisions"}],"wp:featuredmedia":[{"embeddable":true,"href":"https:\/\/snus-malmo.se\/sv\/wp-json\/wp\/v2\/media\/62186"}],"wp:attachment":[{"href":"https:\/\/snus-malmo.se\/sv\/wp-json\/wp\/v2\/media?parent=57457"}],"wp:term":[{"taxonomy":"product_brand","embeddable":true,"href":"https:\/\/snus-malmo.se\/sv\/wp-json\/wp\/v2\/product_brand?post=57457"},{"taxonomy":"product_cat","embeddable":true,"href":"https:\/\/snus-malmo.se\/sv\/wp-json\/wp\/v2\/product_cat?post=57457"},{"taxonomy":"product_tag","embeddable":true,"href":"https:\/\/snus-malmo.se\/sv\/wp-json\/wp\/v2\/product_tag?post=57457"}],"curies":[{"name":"wp","href":"https:\/\/api.w.org\/{rel}","templated":true}]}}