{"id":57751,"date":"2025-05-23T17:03:09","date_gmt":"2025-05-23T17:03:09","guid":{"rendered":"https:\/\/snus-malmo.se\/?post_type=product&#038;p=57751"},"modified":"2025-11-22T09:41:30","modified_gmt":"2025-11-22T09:41:30","slug":"knox-karaktar-green-white","status":"publish","type":"product","link":"https:\/\/snus-malmo.se\/sv\/produkt\/knox-karaktar-green-white\/","title":{"rendered":"Knox Karakt\u00e4r Green White"},"content":{"rendered":"<h1 class=\"material-item__headline\">Knox Karakt\u00e4r Green White<\/h1>\n<h2 data-start=\"284\" data-end=\"401\"><strong data-start=\"288\" data-end=\"401\">Knox Karakt\u00e4r Green White \u2013 White Portion Snus med Tallskott &amp; Bj\u00f6rksav | 12 mg\/g Nikotin | K\u00f6p hos Veloop.se<\/strong><\/h2>\n<p data-start=\"403\" data-end=\"768\"><strong data-start=\"403\" data-end=\"432\">Knox Karakt\u00e4r Green White<\/strong> \u00e4r ett hantverksm\u00e4ssigt framtaget <strong data-start=\"467\" data-end=\"489\">white portion-snus<\/strong> med en unik och frisk smakprofil. H\u00e4r m\u00f6ts <strong data-start=\"533\" data-end=\"559\">tallskott och bj\u00f6rksav<\/strong> i en harmonisk kombination, d\u00e4r den <strong data-start=\"596\" data-end=\"622\">tydliga tobaksn\u00e4rvaron<\/strong> ger djup och karakt\u00e4r. Prillorna \u00e4r i originalformat, torra p\u00e5 ytan f\u00f6r l\u00e5g rinnighet och fuktiga inuti f\u00f6r en j\u00e4mn och l\u00e5ngvarig smakupplevelse.<\/p>\n<hr data-start=\"770\" data-end=\"773\" \/>\n<h2 data-start=\"775\" data-end=\"805\">\ud83d\udd0d <strong data-start=\"783\" data-end=\"805\">Produktinformation<\/strong><\/h2>\n<ul data-start=\"806\" data-end=\"1202\">\n<li data-start=\"806\" data-end=\"852\">\n<p data-start=\"808\" data-end=\"852\"><strong data-start=\"808\" data-end=\"824\">Produktnamn:<\/strong> Knox Karakt\u00e4r Green White<\/p>\n<\/li>\n<li data-start=\"853\" data-end=\"897\">\n<p data-start=\"855\" data-end=\"897\"><strong data-start=\"855\" data-end=\"863\">Typ:<\/strong> White portion (originalstorlek)<\/p>\n<\/li>\n<li data-start=\"898\" data-end=\"963\">\n<p data-start=\"900\" data-end=\"963\"><strong data-start=\"900\" data-end=\"915\">Smakprofil:<\/strong> Tallskott, bj\u00f6rksav och tydlig tobakskarakt\u00e4r<\/p>\n<\/li>\n<li data-start=\"964\" data-end=\"1014\">\n<p data-start=\"966\" data-end=\"1014\"><strong data-start=\"966\" data-end=\"982\">Nikotinhalt:<\/strong> 12 mg\/g (ca 10 mg per prilla)<\/p>\n<\/li>\n<li data-start=\"1015\" data-end=\"1049\">\n<p data-start=\"1017\" data-end=\"1049\"><strong data-start=\"1017\" data-end=\"1044\">Antal prillor per dosa:<\/strong> 22<\/p>\n<\/li>\n<li data-start=\"1050\" data-end=\"1079\">\n<p data-start=\"1052\" data-end=\"1079\"><strong data-start=\"1052\" data-end=\"1070\">Vikt per dosa:<\/strong> 19,2 g<\/p>\n<\/li>\n<li data-start=\"1080\" data-end=\"1111\">\n<p data-start=\"1082\" data-end=\"1111\"><strong data-start=\"1082\" data-end=\"1102\">Vikt per prilla:<\/strong> 0,87 g<\/p>\n<\/li>\n<li data-start=\"1112\" data-end=\"1141\">\n<p data-start=\"1114\" data-end=\"1141\"><strong data-start=\"1114\" data-end=\"1133\">Vikt per stock:<\/strong> 192 g<\/p>\n<\/li>\n<li data-start=\"1142\" data-end=\"1202\">\n<p data-start=\"1144\" data-end=\"1202\"><strong data-start=\"1144\" data-end=\"1156\">Segment:<\/strong> White portion \u2013 mindre rinnighet, l\u00e5ng smak<\/p>\n<\/li>\n<\/ul>\n<hr data-start=\"1204\" data-end=\"1207\" \/>\n<h4 data-start=\"1209\" data-end=\"1233\">\ud83e\uddea <strong data-start=\"1217\" data-end=\"1233\">Ingredienser<\/strong><\/h4>\n<p data-start=\"1234\" data-end=\"1350\">Tobak, vatten, surhetsreglerande medel (E500), smakf\u00f6rst\u00e4rkare (koksalt), fuktighetsbevarande medel (E1520), aromer.<\/p>\n<hr data-start=\"1352\" data-end=\"1355\" \/>\n<h4 data-start=\"1357\" data-end=\"1413\">\ud83d\udfe2 <strong data-start=\"1365\" data-end=\"1413\">F\u00f6r dig som vill ha n\u00e5got ut\u00f6ver det vanliga<\/strong><\/h4>\n<p data-start=\"1414\" data-end=\"1653\">Knox Karakt\u00e4r Green White \u00e4r perfekt f\u00f6r dig som s\u00f6ker en <strong data-start=\"1472\" data-end=\"1500\">naturn\u00e4ra smakupplevelse<\/strong> med nordiska toner, men utan att kompromissa med den klassiska tobaksbasen. En snus f\u00f6r dig som uppskattar <strong data-start=\"1608\" data-end=\"1632\">svenskt snushantverk<\/strong> med en modern twist.<\/p>\n<hr data-start=\"1655\" data-end=\"1658\" \/>\n<h4 data-start=\"1660\" data-end=\"1695\">\ud83d\ude9a <strong data-start=\"1668\" data-end=\"1695\">Varf\u00f6r v\u00e4lja Veloop.se?<\/strong><\/h4>\n<ul data-start=\"1696\" data-end=\"1813\">\n<li data-start=\"1696\" data-end=\"1717\">\n<p data-start=\"1698\" data-end=\"1717\">Snabba leveranser<\/p>\n<\/li>\n<li data-start=\"1718\" data-end=\"1741\">\n<p data-start=\"1720\" data-end=\"1741\">Diskret f\u00f6rpackning<\/p>\n<\/li>\n<li data-start=\"1742\" data-end=\"1772\">\n<p data-start=\"1744\" data-end=\"1772\">S\u00e4ker och smidig betalning<\/p>\n<\/li>\n<li data-start=\"1773\" data-end=\"1813\">\n<p data-start=\"1775\" data-end=\"1813\">Kvalitetssnus fr\u00e5n v\u00e4lk\u00e4nda varum\u00e4rken<\/p>\n<\/li>\n<\/ul>\n<hr data-start=\"1815\" data-end=\"1818\" \/>\n<p data-start=\"1820\" data-end=\"1974\">\ud83d\uded2 <strong data-start=\"1823\" data-end=\"1913\">K\u00f6p Knox Karakt\u00e4r Green White hos Veloop.se \u2013 smakfullt, svenskt och snus i toppklass.<\/strong><br data-start=\"1913\" data-end=\"1916\" \/>\ud83d\udc49 <a class=\"\" href=\"https:\/\/snus-malmo.se\/sv\/knox\/\" target=\"_new\" rel=\"noopener\" data-start=\"1919\" data-end=\"1974\">Uppt\u00e4ck hela Knox-serien h\u00e4r<\/a><\/p>","protected":false},"excerpt":{"rendered":"<h1 class=\"material-item__headline\">Knox Karakt\u00e4r Green White<\/h1>\n<p data-start=\"1820\" data-end=\"1974\">Knox Karakt\u00e4r Green White \u2013 White portion med smak av tallskott, bj\u00f6rksav &amp; tobak. Originalprilla. 12 mg\/g nikotin. K\u00f6p hos Veloop.se.<\/p>\n<p data-start=\"1820\" data-end=\"1974\">\ud83d\udc49 <a class=\"\" href=\"https:\/\/snus-malmo.se\/sv\/knox\/\" target=\"_new\" rel=\"noopener\" data-start=\"1919\" data-end=\"1974\">Uppt\u00e4ck hela Knox-serien h\u00e4r<\/a><\/p>","protected":false},"featured_media":61671,"comment_status":"open","ping_status":"closed","template":"","meta":[],"product_brand":[329],"product_cat":[390,73,368,135],"product_tag":[],"class_list":{"0":"post-57751","1":"product","2":"type-product","3":"status-publish","4":"has-post-thumbnail","6":"product_brand-knox","7":"product_cat-knox","8":"product_cat-portionssnus","9":"product_cat-snus-tobakssnus-traditionellt-snus","10":"product_cat-white-portion","12":"first","13":"instock","14":"taxable","15":"shipping-taxable","16":"purchasable","17":"product-type-variable"},"_links":{"self":[{"href":"https:\/\/snus-malmo.se\/sv\/wp-json\/wp\/v2\/product\/57751","targetHints":{"allow":["GET"]}}],"collection":[{"href":"https:\/\/snus-malmo.se\/sv\/wp-json\/wp\/v2\/product"}],"about":[{"href":"https:\/\/snus-malmo.se\/sv\/wp-json\/wp\/v2\/types\/product"}],"replies":[{"embeddable":true,"href":"https:\/\/snus-malmo.se\/sv\/wp-json\/wp\/v2\/comments?post=57751"}],"version-history":[{"count":0,"href":"https:\/\/snus-malmo.se\/sv\/wp-json\/wp\/v2\/product\/57751\/revisions"}],"wp:featuredmedia":[{"embeddable":true,"href":"https:\/\/snus-malmo.se\/sv\/wp-json\/wp\/v2\/media\/61671"}],"wp:attachment":[{"href":"https:\/\/snus-malmo.se\/sv\/wp-json\/wp\/v2\/media?parent=57751"}],"wp:term":[{"taxonomy":"product_brand","embeddable":true,"href":"https:\/\/snus-malmo.se\/sv\/wp-json\/wp\/v2\/product_brand?post=57751"},{"taxonomy":"product_cat","embeddable":true,"href":"https:\/\/snus-malmo.se\/sv\/wp-json\/wp\/v2\/product_cat?post=57751"},{"taxonomy":"product_tag","embeddable":true,"href":"https:\/\/snus-malmo.se\/sv\/wp-json\/wp\/v2\/product_tag?post=57751"}],"curies":[{"name":"wp","href":"https:\/\/api.w.org\/{rel}","templated":true}]}}