{"id":57807,"date":"2025-05-23T17:03:15","date_gmt":"2025-05-23T17:03:15","guid":{"rendered":"https:\/\/snus-malmo.se\/?post_type=product&#038;p=57807"},"modified":"2025-11-22T09:29:55","modified_gmt":"2025-11-22T09:29:55","slug":"klint-apple-mint-slim-x-strong","status":"publish","type":"product","link":"https:\/\/snus-malmo.se\/sv\/produkt\/klint-apple-mint-slim-x-strong\/","title":{"rendered":"Klint Apple Mint Slim X-Strong"},"content":{"rendered":"<h2>Om produkten Klint Apple Mint Slim X-Strong<\/h2>\n<p>Portionsp\u00e5sarna Klint Apple Mint Slim X-Strong \u00e4r trots den intensiva smaken sm\u00e5 i formatet. De har en l\u00e5ngsmal form, vilket g\u00f6r att de \u00e4r l\u00e4mpliga f\u00f6r dig som vill ha prillor som sitter diskret under l\u00e4ppen. Smaks\u00e4ttningen accentueras av mintaromen.<\/p>\n<ul>\n<li>Varum\u00e4rke: Klint<\/li>\n<li>Smak: Gr\u00f6na \u00e4pplen &amp; mint<\/li>\n<li>Format: Slim<\/li>\n<li>Nikotinstyrka: 20 mg\/g<\/li>\n<li>Portioner per dosa: 20<\/li>\n<li>Tillverkare: Habit Factory<\/li>\n<\/ul>\n<p><strong><big>Nikotinstyrka i Klint Apple Mint Slim X-Strong<\/big><\/strong><\/p>\n<p>Nikotinstyrkan i all white p\u00e5sarna \u00e4r p\u00e5 20 milligram per gram och de \u00e4r d\u00e4rmed extra starka. De perforerade p\u00e5sarna ger en snabb fris\u00e4ttning av smaken, samtidigt som de ocks\u00e5 h\u00e5ller l\u00e4nge.<\/p>\n<p><strong><big>Varum\u00e4rket Klint<\/big><\/strong><\/p>\n<p>Det svenska varum\u00e4rket\u00a0<strong>Klint<\/strong>\u00a0har olika styrkor i sitt sortimentet av nikotinfritt snus. Hela utbudet best\u00e5r av formaten mini och slim p\u00e5 p\u00e5sarna, oavsett styrka p\u00e5 portionerna. Klint Apple Mint har nikotinstyrka 4\/4.<\/p>\n<table class=\"product-specs\">\n<thead>\n<tr>\n<th>Fakta om produkten<\/th>\n<th class=\"text-right\"><\/th>\n<\/tr>\n<\/thead>\n<tbody>\n<tr>\n<td class=\"spec-key\">Varum\u00e4rke<\/td>\n<td class=\"spec-value text-right\">Klint<\/td>\n<\/tr>\n<tr>\n<td class=\"spec-key\">Produkttyp<\/td>\n<td class=\"spec -value text-right\">all white portion<\/td>\n<\/tr>\n<tr>\n<td class=\"spec-key\">Nikotinstyrka<\/td>\n<td class=\"spec -value text-right\">extra stark<\/td>\n<\/tr>\n<tr>\n<td class=\"spec-key\">Nikotinhalt<\/td>\n<td class=\"spec -value text-right\">20 mg\/g<\/td>\n<\/tr>\n<tr>\n<td class=\"spec-key\">Smak<\/td>\n<td class=\"spec -value text-right\">frukt<\/td>\n<\/tr>\n<tr>\n<td class=\"spec-key\">Inneh\u00e5ll\/f\u00f6rpackning<\/td>\n<td class=\"spec -value text-right\">14 g<\/td>\n<\/tr>\n<tr>\n<td class=\"spec-key\">Snustyp<\/td>\n<td class=\"spec -value text-right\">Slim All White Extra Strong<\/td>\n<\/tr>\n<tr>\n<td class=\"spec-key\">Format<\/td>\n<td class=\"spec -value text-right\">Slim<\/td>\n<\/tr>\n<tr>\n<td class=\"spec-key\">Producent<\/td>\n<td class=\"spec-value text-right\">Habit Factory In Sweden AB<\/td>\n<\/tr>\n<\/tbody>\n<\/table>","protected":false},"excerpt":{"rendered":"<p>Nikotinp\u00e5sarna Klint Apple Mint Slim X-Strong har en smak av gr\u00f6na granny smith-\u00e4pplen i kombination med mint. Portionsp\u00e5sarna \u00e4r helt utan tobak och har en extra h\u00f6g nikotinstyrka.<\/p>","protected":false},"featured_media":25739,"comment_status":"open","ping_status":"closed","template":"","meta":[],"product_brand":[347],"product_cat":[136,355,98,137],"product_tag":[],"class_list":{"0":"post-57807","1":"product","2":"type-product","3":"status-publish","4":"has-post-thumbnail","6":"product_brand-klint","7":"product_cat-all-whites","8":"product_cat-extra-strongextra-stark","9":"product_cat-klint","10":"product_cat-slim","12":"first","13":"instock","14":"taxable","15":"shipping-taxable","16":"purchasable","17":"product-type-variable"},"_links":{"self":[{"href":"https:\/\/snus-malmo.se\/sv\/wp-json\/wp\/v2\/product\/57807","targetHints":{"allow":["GET"]}}],"collection":[{"href":"https:\/\/snus-malmo.se\/sv\/wp-json\/wp\/v2\/product"}],"about":[{"href":"https:\/\/snus-malmo.se\/sv\/wp-json\/wp\/v2\/types\/product"}],"replies":[{"embeddable":true,"href":"https:\/\/snus-malmo.se\/sv\/wp-json\/wp\/v2\/comments?post=57807"}],"version-history":[{"count":0,"href":"https:\/\/snus-malmo.se\/sv\/wp-json\/wp\/v2\/product\/57807\/revisions"}],"wp:featuredmedia":[{"embeddable":true,"href":"https:\/\/snus-malmo.se\/sv\/wp-json\/wp\/v2\/media\/25739"}],"wp:attachment":[{"href":"https:\/\/snus-malmo.se\/sv\/wp-json\/wp\/v2\/media?parent=57807"}],"wp:term":[{"taxonomy":"product_brand","embeddable":true,"href":"https:\/\/snus-malmo.se\/sv\/wp-json\/wp\/v2\/product_brand?post=57807"},{"taxonomy":"product_cat","embeddable":true,"href":"https:\/\/snus-malmo.se\/sv\/wp-json\/wp\/v2\/product_cat?post=57807"},{"taxonomy":"product_tag","embeddable":true,"href":"https:\/\/snus-malmo.se\/sv\/wp-json\/wp\/v2\/product_tag?post=57807"}],"curies":[{"name":"wp","href":"https:\/\/api.w.org\/{rel}","templated":true}]}}