{"id":57823,"date":"2025-05-23T17:03:18","date_gmt":"2025-05-23T17:03:18","guid":{"rendered":"https:\/\/snus-malmo.se\/?post_type=product&#038;p=57823"},"modified":"2025-11-22T09:29:48","modified_gmt":"2025-11-22T09:29:48","slug":"klint-cola-lime-slim-extra-strong","status":"publish","type":"product","link":"https:\/\/snus-malmo.se\/sv\/produkt\/klint-cola-lime-slim-extra-strong\/","title":{"rendered":"Klint Cola Lime Slim Extra Strong"},"content":{"rendered":"<h2>trong<\/h2>\n<p><strong>Om Klint Cola Lime #4<\/strong><br \/>\nPrillan Cola Lime #4 fr\u00e5n Klint \u00e4r tillverkad av v\u00e4xtfiber och inneh\u00e5ller \u00e4ven nikotin, vatten samt smakarom. P\u00e5sen har en torr, perforerad yta som successivt fris\u00e4tter smak och nikotin fr\u00e5n det fuktade inneh\u00e5llet. Klint Cola Lime #4 finns att k\u00f6pa som styckvis dosa och stock. I dosans lock finns ett extra fack avsett f\u00f6r anv\u00e4nda prillor.<\/p>\n<ul>\n<li>Varum\u00e4rke: Klint<\/li>\n<li>Tillverkare: Habit Factory in Sweden AB<\/li>\n<li>Smak: Cola<\/li>\n<li>Format: Slim<\/li>\n<li>Produkttyp: All white<\/li>\n<li>Portioner per dosa: 20<\/li>\n<li>Nikotinhalt: 16 mg\/g<\/li>\n<li>Styrka: Extra stark<\/li>\n<\/ul>\n<p><strong>Nikotinstyrka i Klint Cola Lime #4<\/strong><br \/>\nKlint Cola Lime #4 nikotinp\u00e5sar har ett nikotininneh\u00e5ll p\u00e5 16 milligram nikotin per gram. Det \u00e4r en halt av nikotin som klassas som extra stark styrka f\u00f6r all white-portioner.<\/p>\n<p><strong>Klint nikotinp\u00e5sar med extra stark styrka<\/strong><br \/>\nVarum\u00e4rket\u00a0Klint\u00a0tillverkar helvita nikotinp\u00e5sar som \u00e4r fria fr\u00e5n tobak. I sortimentet finns p\u00e5sar med olika smaker, som exempelvis frukt och mint. Nikotinp\u00e5sarna finns \u00e4ven i olika styrka. Cola Lime #4 har nikotinstyrka 4\/4.<\/p>\n<table class=\"product-specs\">\n<thead>\n<tr>\n<th>Fakta om produkten<\/th>\n<th class=\"text-right\"><\/th>\n<\/tr>\n<\/thead>\n<tbody>\n<tr>\n<td class=\"spec-key\">Varum\u00e4rke<\/td>\n<td class=\"spec-value text-right\">Klint<\/td>\n<\/tr>\n<tr>\n<td class=\"spec-key\">Produkttyp<\/td>\n<td class=\"spec -value text-right\">all white portion<\/td>\n<\/tr>\n<tr>\n<td class=\"spec-key\">Nikotinstyrka<\/td>\n<td class=\"spec -value text-right\">Extra Stark<\/td>\n<\/tr>\n<tr>\n<td class=\"spec-key\">Nikotinhalt<\/td>\n<td class=\"spec -value text-right\">16 mg\/g<\/td>\n<\/tr>\n<tr>\n<td class=\"spec-key\">Smak<\/td>\n<td class=\"spec -value text-right\">Cola<\/td>\n<\/tr>\n<tr>\n<td class=\"spec-key\">Inneh\u00e5ll\/f\u00f6rpackning<\/td>\n<td class=\"spec -value text-right\">14\u00a0g<\/td>\n<\/tr>\n<tr>\n<td class=\"spec-key\">Snustyp<\/td>\n<td class=\"spec -value text-right\">Slim All White Normal<\/td>\n<\/tr>\n<tr>\n<td class=\"spec-key\">Format<\/td>\n<td class=\"spec -value text-right\">Slim<\/td>\n<\/tr>\n<tr>\n<td class=\"spec-key\">Producent<\/td>\n<td class=\"spec-value text-right\">Habit Factory In Sweden AB<\/td>\n<\/tr>\n<\/tbody>\n<\/table>","protected":false},"excerpt":{"rendered":"<p>Nikotinp\u00e5sarna i en dosa Klint Cola Lime #4 har ett slimmat format och en smak av cola och lime. Som alla prillor fr\u00e5n Klint snus \u00e4r de helt fria fr\u00e5n tobak.<\/p>","protected":false},"featured_media":25768,"comment_status":"open","ping_status":"closed","template":"","meta":[],"product_brand":[347],"product_cat":[136,355,98,137],"product_tag":[],"class_list":{"0":"post-57823","1":"product","2":"type-product","3":"status-publish","4":"has-post-thumbnail","6":"product_brand-klint","7":"product_cat-all-whites","8":"product_cat-extra-strongextra-stark","9":"product_cat-klint","10":"product_cat-slim","12":"first","13":"instock","14":"taxable","15":"shipping-taxable","16":"purchasable","17":"product-type-variable"},"_links":{"self":[{"href":"https:\/\/snus-malmo.se\/sv\/wp-json\/wp\/v2\/product\/57823","targetHints":{"allow":["GET"]}}],"collection":[{"href":"https:\/\/snus-malmo.se\/sv\/wp-json\/wp\/v2\/product"}],"about":[{"href":"https:\/\/snus-malmo.se\/sv\/wp-json\/wp\/v2\/types\/product"}],"replies":[{"embeddable":true,"href":"https:\/\/snus-malmo.se\/sv\/wp-json\/wp\/v2\/comments?post=57823"}],"version-history":[{"count":0,"href":"https:\/\/snus-malmo.se\/sv\/wp-json\/wp\/v2\/product\/57823\/revisions"}],"wp:featuredmedia":[{"embeddable":true,"href":"https:\/\/snus-malmo.se\/sv\/wp-json\/wp\/v2\/media\/25768"}],"wp:attachment":[{"href":"https:\/\/snus-malmo.se\/sv\/wp-json\/wp\/v2\/media?parent=57823"}],"wp:term":[{"taxonomy":"product_brand","embeddable":true,"href":"https:\/\/snus-malmo.se\/sv\/wp-json\/wp\/v2\/product_brand?post=57823"},{"taxonomy":"product_cat","embeddable":true,"href":"https:\/\/snus-malmo.se\/sv\/wp-json\/wp\/v2\/product_cat?post=57823"},{"taxonomy":"product_tag","embeddable":true,"href":"https:\/\/snus-malmo.se\/sv\/wp-json\/wp\/v2\/product_tag?post=57823"}],"curies":[{"name":"wp","href":"https:\/\/api.w.org\/{rel}","templated":true}]}}