{"id":57859,"date":"2025-05-23T17:03:21","date_gmt":"2025-05-23T17:03:21","guid":{"rendered":"https:\/\/snus-malmo.se\/?post_type=product&#038;p=57859"},"modified":"2025-11-22T09:29:13","modified_gmt":"2025-11-22T09:29:13","slug":"klint-mini-blaklint-all-white-portion","status":"publish","type":"product","link":"https:\/\/snus-malmo.se\/sv\/produkt\/klint-mini-blaklint-all-white-portion\/","title":{"rendered":"Klint Mini Bl\u00e5klint All White Portion"},"content":{"rendered":"<p>KLINT Mini Bl\u00e5klint \u00e4r den f\u00f6rsta nikotinportionen under Klint-varum\u00e4rket som kommer i ett mini format. Portionen ger ett diskret avtryck\u00a0n\u00e4r du har den under l\u00e4ppen.<\/p>\n<p>Nikotinportionerna KLINT Mini Bl\u00e5klint har h\u00e4mtat inspiration fr\u00e5n den svenska skogen och de b\u00e4r och blommor som finns i den svenska faunan. Smaker som skogsb\u00e4r, bl\u00e5b\u00e4r och viol ger en harmonisk smakupplevelse och h\u00e5ller l\u00e4nge.<\/p>\n<table class=\"product-specs\">\n<thead>\n<tr>\n<th>Fakta om produkten<\/th>\n<th class=\"text-right\"><\/th>\n<\/tr>\n<\/thead>\n<tbody>\n<tr>\n<td class=\"spec-key\">Varum\u00e4rke<\/td>\n<td class=\"spec-value text-right\">Klint<\/td>\n<\/tr>\n<tr>\n<td class=\"spec-key\">Produkttyp<\/td>\n<td class=\"spec -value text-right\">all white portion<\/td>\n<\/tr>\n<tr>\n<td class=\"spec-key\">Nikotinstyrka<\/td>\n<td class=\"spec -value text-right\">stark<\/td>\n<\/tr>\n<tr>\n<td class=\"spec-key\">Nikotinhalt<\/td>\n<td class=\"spec -value text-right\">16 mg\/g<\/td>\n<\/tr>\n<tr>\n<td class=\"spec-key\">Smak<\/td>\n<td class=\"spec -value text-right\">frukt<\/td>\n<\/tr>\n<tr>\n<td class=\"spec-key\">Inneh\u00e5ll\/f\u00f6rpackning<\/td>\n<td class=\"spec -value text-right\">15 g<\/td>\n<\/tr>\n<tr>\n<td class=\"spec-key\">Snustyp<\/td>\n<td class=\"spec -value text-right\">All White Portion Mini<\/td>\n<\/tr>\n<tr>\n<td class=\"spec-key\">Format<\/td>\n<td class=\"spec -value text-right\">Mini<\/td>\n<\/tr>\n<tr>\n<td class=\"spec-key\">Producent<\/td>\n<td class=\"spec-value text-right\">Habit Factory In Sweden AB<\/td>\n<\/tr>\n<\/tbody>\n<\/table>","protected":false},"excerpt":{"rendered":"<p>KLINT Mini Bl\u00e5klint h\u00e4mtar sin inspiration och smakbild\u00a0fr\u00e5n den svenska skogen med smaker fr\u00e5n\u00a0skogsb\u00e4r och bl\u00e5b\u00e4r, samt\u00a0med en kombination av viol, b\u00e4r och frukter. Nikotinportionerna \u00e4r i Mini-format och har en Stark nikotinstyrka.<\/p>","protected":false},"featured_media":25919,"comment_status":"open","ping_status":"closed","template":"","meta":[],"product_brand":[347],"product_cat":[136,98,79],"product_tag":[],"class_list":{"0":"post-57859","1":"product","2":"type-product","3":"status-publish","4":"has-post-thumbnail","6":"product_brand-klint","7":"product_cat-all-whites","8":"product_cat-klint","9":"product_cat-mini-portion","11":"first","12":"instock","13":"taxable","14":"shipping-taxable","15":"purchasable","16":"product-type-variable"},"_links":{"self":[{"href":"https:\/\/snus-malmo.se\/sv\/wp-json\/wp\/v2\/product\/57859","targetHints":{"allow":["GET"]}}],"collection":[{"href":"https:\/\/snus-malmo.se\/sv\/wp-json\/wp\/v2\/product"}],"about":[{"href":"https:\/\/snus-malmo.se\/sv\/wp-json\/wp\/v2\/types\/product"}],"replies":[{"embeddable":true,"href":"https:\/\/snus-malmo.se\/sv\/wp-json\/wp\/v2\/comments?post=57859"}],"version-history":[{"count":0,"href":"https:\/\/snus-malmo.se\/sv\/wp-json\/wp\/v2\/product\/57859\/revisions"}],"wp:featuredmedia":[{"embeddable":true,"href":"https:\/\/snus-malmo.se\/sv\/wp-json\/wp\/v2\/media\/25919"}],"wp:attachment":[{"href":"https:\/\/snus-malmo.se\/sv\/wp-json\/wp\/v2\/media?parent=57859"}],"wp:term":[{"taxonomy":"product_brand","embeddable":true,"href":"https:\/\/snus-malmo.se\/sv\/wp-json\/wp\/v2\/product_brand?post=57859"},{"taxonomy":"product_cat","embeddable":true,"href":"https:\/\/snus-malmo.se\/sv\/wp-json\/wp\/v2\/product_cat?post=57859"},{"taxonomy":"product_tag","embeddable":true,"href":"https:\/\/snus-malmo.se\/sv\/wp-json\/wp\/v2\/product_tag?post=57859"}],"curies":[{"name":"wp","href":"https:\/\/api.w.org\/{rel}","templated":true}]}}