{"id":57874,"date":"2025-05-23T17:03:22","date_gmt":"2025-05-23T17:03:22","guid":{"rendered":"https:\/\/snus-malmo.se\/?post_type=product&#038;p=57874"},"modified":"2025-11-22T09:29:00","modified_gmt":"2025-11-22T09:29:00","slug":"klint-mint-slim-all-white-portion","status":"publish","type":"product","link":"https:\/\/snus-malmo.se\/sv\/produkt\/klint-mint-slim-all-white-portion\/","title":{"rendered":"Klint Mint Slim All White Portion"},"content":{"rendered":"<p>Klint Mint Slim \u00e4r en All White portion f\u00f6r dig som vill ha lite mindre nikotin i portionerna, men inte tumma p\u00e5 smaken. Portionerna \u00e4r fyllda med en mild mintsmak och kommer i formatet slim.<\/p>\n<p>KLINT \u00e4r helvita nikotinp\u00e5sar utan tobak som erbjuder bekv\u00e4mligheten av en kontrollerad nikotinleverans n\u00e4r du vill, var\u00a0du \u00e4n \u00e4r. Portionerna \u00e4r i slimformat och kommer i en variation av olika smaker och styrkor.<\/p>\n<table class=\"product-specs\">\n<thead>\n<tr>\n<th>Fakta om produkten<\/th>\n<th class=\"text-right\"><\/th>\n<\/tr>\n<\/thead>\n<tbody>\n<tr>\n<td class=\"spec-key\">Varum\u00e4rke<\/td>\n<td class=\"spec-value text-right\">Klint<\/td>\n<\/tr>\n<tr>\n<td class=\"spec-key\">Produkttyp<\/td>\n<td class=\"spec -value text-right\">all white portion<\/td>\n<\/tr>\n<tr>\n<td class=\"spec-key\">Nikotinstyrka<\/td>\n<td class=\"spec -value text-right\">normal<\/td>\n<\/tr>\n<tr>\n<td class=\"spec-key\">Nikotinhalt<\/td>\n<td class=\"spec -value text-right\">6 mg\/g<\/td>\n<\/tr>\n<tr>\n<td class=\"spec-key\">Smak<\/td>\n<td class=\"spec -value text-right\">mint<\/td>\n<\/tr>\n<tr>\n<td class=\"spec-key\">Inneh\u00e5ll\/f\u00f6rpackning<\/td>\n<td class=\"spec -value text-right\">16,8 g<\/td>\n<\/tr>\n<tr>\n<td class=\"spec-key\">Snustyp<\/td>\n<td class=\"spec -value text-right\">Slim All White Normal<\/td>\n<\/tr>\n<tr>\n<td class=\"spec-key\">Format<\/td>\n<td class=\"spec -value text-right\">Slim<\/td>\n<\/tr>\n<tr>\n<td class=\"spec-key\">Producent<\/td>\n<td class=\"spec-value text-right\">Habit Factory In Sweden AB<\/td>\n<\/tr>\n<\/tbody>\n<\/table>","protected":false},"excerpt":{"rendered":"<p>Klint Mint Slim har en harmonisk och stillsam smak av mint och levereras i slimmade portioner.<\/p>","protected":false},"featured_media":25949,"comment_status":"open","ping_status":"closed","template":"","meta":[],"product_brand":[347],"product_cat":[136,98,137],"product_tag":[],"class_list":{"0":"post-57874","1":"product","2":"type-product","3":"status-publish","4":"has-post-thumbnail","6":"product_brand-klint","7":"product_cat-all-whites","8":"product_cat-klint","9":"product_cat-slim","11":"first","12":"instock","13":"taxable","14":"shipping-taxable","15":"purchasable","16":"product-type-variable"},"_links":{"self":[{"href":"https:\/\/snus-malmo.se\/sv\/wp-json\/wp\/v2\/product\/57874","targetHints":{"allow":["GET"]}}],"collection":[{"href":"https:\/\/snus-malmo.se\/sv\/wp-json\/wp\/v2\/product"}],"about":[{"href":"https:\/\/snus-malmo.se\/sv\/wp-json\/wp\/v2\/types\/product"}],"replies":[{"embeddable":true,"href":"https:\/\/snus-malmo.se\/sv\/wp-json\/wp\/v2\/comments?post=57874"}],"version-history":[{"count":0,"href":"https:\/\/snus-malmo.se\/sv\/wp-json\/wp\/v2\/product\/57874\/revisions"}],"wp:featuredmedia":[{"embeddable":true,"href":"https:\/\/snus-malmo.se\/sv\/wp-json\/wp\/v2\/media\/25949"}],"wp:attachment":[{"href":"https:\/\/snus-malmo.se\/sv\/wp-json\/wp\/v2\/media?parent=57874"}],"wp:term":[{"taxonomy":"product_brand","embeddable":true,"href":"https:\/\/snus-malmo.se\/sv\/wp-json\/wp\/v2\/product_brand?post=57874"},{"taxonomy":"product_cat","embeddable":true,"href":"https:\/\/snus-malmo.se\/sv\/wp-json\/wp\/v2\/product_cat?post=57874"},{"taxonomy":"product_tag","embeddable":true,"href":"https:\/\/snus-malmo.se\/sv\/wp-json\/wp\/v2\/product_tag?post=57874"}],"curies":[{"name":"wp","href":"https:\/\/api.w.org\/{rel}","templated":true}]}}