{"id":57890,"date":"2025-05-23T17:03:24","date_gmt":"2025-05-23T17:03:24","guid":{"rendered":"https:\/\/snus-malmo.se\/?post_type=product&#038;p=57890"},"modified":"2025-11-22T09:28:51","modified_gmt":"2025-11-22T09:28:51","slug":"klint-pink-grapefruit-slim-extra-strong","status":"publish","type":"product","link":"https:\/\/snus-malmo.se\/sv\/produkt\/klint-pink-grapefruit-slim-extra-strong\/","title":{"rendered":"Klint Pink Grapefruit Slim Extra Strong"},"content":{"rendered":"<h2>Om produkten Klint Pink Grapefruit Slim Extra Strong<\/h2>\n<p><strong>All white Klint Pink Grapefruit #4<\/strong><br \/>\nNikotinportionerna Klint Pink Grapefruit #4 kommer i en p\u00e5se som har en torr yta och ett fuktigt inneh\u00e5ll. Det h\u00e4r ger prillan en l\u00e4gre rinnighet. All white-p\u00e5sen \u00e4r fri fr\u00e5n tobak och inneh\u00e5ller v\u00e4xtfiber, smakarom och nikotin. En dosa Pink Grapefruit #4 best\u00e5r av 20 stycken portioner och i locket finns ett fack f\u00f6r anv\u00e4nda prillor.<\/p>\n<ul>\n<li>Varum\u00e4rke: Klint<\/li>\n<li>Tillverkare: Habit Factory in Sweden AB<\/li>\n<li>Smak: Frukt<\/li>\n<li>Format: Slim<\/li>\n<li>Produkttyp: All white<\/li>\n<li>Portioner per dosa: 20<\/li>\n<li>Nikotinhalt: 16 m\/g<\/li>\n<li>Styrka: Extra stark<\/li>\n<\/ul>\n<p><strong>Nikotinstyrka i Klint Pink Grapefruit #4<\/strong><br \/>\nPink Grapefruit #4 fr\u00e5n Klint har en halt av nikotin som klassificeras som extra stark styrka. Det h\u00e4r \u00e4r nikotinp\u00e5sar som inneh\u00e5ller 16 milligram nikotin per gram. Produkten \u00e4r tobaksfri.<\/p>\n<p><strong>Klint nikotinp\u00e5sar med extra stark styrka<\/strong><br \/>\nVarum\u00e4rket\u00a0Klint\u00a0tillverkar tobaksfria nikotinp\u00e5sar i slimmat format. De finns i olika smak och styrka. Pink Grapefruit #4 har nikotinstyrka 4\/4 och tillh\u00f6r m\u00e4rkets extra starka nikotinprodukter.<\/p>\n<table class=\"product-specs\">\n<thead>\n<tr>\n<th>Fakta om produkten<\/th>\n<th class=\"text-right\"><\/th>\n<\/tr>\n<\/thead>\n<tbody>\n<tr>\n<td class=\"spec-key\">Varum\u00e4rke<\/td>\n<td class=\"spec-value text-right\">Klint<\/td>\n<\/tr>\n<tr>\n<td class=\"spec-key\">Produkttyp<\/td>\n<td class=\"spec -value text-right\">all white portion<\/td>\n<\/tr>\n<tr>\n<td class=\"spec-key\">Nikotinstyrka<\/td>\n<td class=\"spec -value text-right\">Extra Stark<\/td>\n<\/tr>\n<tr>\n<td class=\"spec-key\">Nikotinhalt<\/td>\n<td class=\"spec -value text-right\">16 mg\/g<\/td>\n<\/tr>\n<tr>\n<td class=\"spec-key\">Smak<\/td>\n<td class=\"spec -value text-right\">Frukt<\/td>\n<\/tr>\n<tr>\n<td class=\"spec-key\">Inneh\u00e5ll\/f\u00f6rpackning<\/td>\n<td class=\"spec -value text-right\">14\u00a0g<\/td>\n<\/tr>\n<tr>\n<td class=\"spec-key\">Snustyp<\/td>\n<td class=\"spec -value text-right\">Slim All White Normal<\/td>\n<\/tr>\n<tr>\n<td class=\"spec-key\">Format<\/td>\n<td class=\"spec -value text-right\">Slim<\/td>\n<\/tr>\n<tr>\n<td class=\"spec-key\">Producent<\/td>\n<td class=\"spec-value text-right\">Habit Factory In Sweden AB<\/td>\n<\/tr>\n<\/tbody>\n<\/table>","protected":false},"excerpt":{"rendered":"<p>Den slimmade nikotinp\u00e5sen Klint Pink Grapefruit #4 \u00e4r en all white-p\u00e5se som har extra stark styrka. Det h\u00e4r \u00e4r en portion fr\u00e5n Klint snus som har en smak av frukt.<\/p>","protected":false},"featured_media":25963,"comment_status":"open","ping_status":"closed","template":"","meta":[],"product_brand":[347],"product_cat":[136,355,98,137],"product_tag":[],"class_list":{"0":"post-57890","1":"product","2":"type-product","3":"status-publish","4":"has-post-thumbnail","6":"product_brand-klint","7":"product_cat-all-whites","8":"product_cat-extra-strongextra-stark","9":"product_cat-klint","10":"product_cat-slim","12":"first","13":"instock","14":"taxable","15":"shipping-taxable","16":"purchasable","17":"product-type-variable"},"_links":{"self":[{"href":"https:\/\/snus-malmo.se\/sv\/wp-json\/wp\/v2\/product\/57890","targetHints":{"allow":["GET"]}}],"collection":[{"href":"https:\/\/snus-malmo.se\/sv\/wp-json\/wp\/v2\/product"}],"about":[{"href":"https:\/\/snus-malmo.se\/sv\/wp-json\/wp\/v2\/types\/product"}],"replies":[{"embeddable":true,"href":"https:\/\/snus-malmo.se\/sv\/wp-json\/wp\/v2\/comments?post=57890"}],"version-history":[{"count":0,"href":"https:\/\/snus-malmo.se\/sv\/wp-json\/wp\/v2\/product\/57890\/revisions"}],"wp:featuredmedia":[{"embeddable":true,"href":"https:\/\/snus-malmo.se\/sv\/wp-json\/wp\/v2\/media\/25963"}],"wp:attachment":[{"href":"https:\/\/snus-malmo.se\/sv\/wp-json\/wp\/v2\/media?parent=57890"}],"wp:term":[{"taxonomy":"product_brand","embeddable":true,"href":"https:\/\/snus-malmo.se\/sv\/wp-json\/wp\/v2\/product_brand?post=57890"},{"taxonomy":"product_cat","embeddable":true,"href":"https:\/\/snus-malmo.se\/sv\/wp-json\/wp\/v2\/product_cat?post=57890"},{"taxonomy":"product_tag","embeddable":true,"href":"https:\/\/snus-malmo.se\/sv\/wp-json\/wp\/v2\/product_tag?post=57890"}],"curies":[{"name":"wp","href":"https:\/\/api.w.org\/{rel}","templated":true}]}}