{"id":57925,"date":"2025-05-23T17:03:28","date_gmt":"2025-05-23T17:03:28","guid":{"rendered":"https:\/\/snus-malmo.se\/?post_type=product&#038;p=57925"},"modified":"2025-11-29T10:53:26","modified_gmt":"2025-11-29T10:53:26","slug":"zixs-bergamot-tobacco-3","status":"publish","type":"product","link":"https:\/\/snus-malmo.se\/sv\/produkt\/zixs-bergamot-tobacco-3\/","title":{"rendered":"ZIXS Bergamot Tobacco #3"},"content":{"rendered":"<h1>ZIXS Bergamot Tobacco<\/h1>\n<h2 data-start=\"109\" data-end=\"226\"><strong data-start=\"113\" data-end=\"226\">Z!XS Bergamot Tobacco Larger \u2013 Tobaksfria nikotinp\u00e5sar med en balanserad smak av bergamot och tobak \u2013 12 mg\/g<\/strong><\/h2>\n<p data-start=\"228\" data-end=\"588\">Upplev en <strong data-start=\"238\" data-end=\"272\">sofistikerad nikotinupplevelse<\/strong> med <strong data-start=\"277\" data-end=\"309\">Z!XS Bergamot Tobacco Larger<\/strong>. Dessa tobaksfria nikotinp\u00e5sar erbjuder en <strong data-start=\"353\" data-end=\"377\">balanserad blandning<\/strong> av <strong data-start=\"381\" data-end=\"403\">bergamot och tobak<\/strong>, vilket ger en rik och smakfull upplevelse. Med en <strong data-start=\"455\" data-end=\"483\">nikotinstyrka p\u00e5 12 mg\/g<\/strong>, passar dessa p\u00e5sar b\u00e5de erfarna anv\u00e4ndare och de som s\u00f6ker en smakfull och l\u00e5ngvarig nikotinupplevelse.<\/p>\n<p data-start=\"590\" data-end=\"811\"><strong data-start=\"590\" data-end=\"622\">Z!XS Bergamot Tobacco Larger<\/strong> levererar en <strong data-start=\"636\" data-end=\"665\">kvalitativ smakupplevelse<\/strong> med en stor portion f\u00f6r l\u00e4ngre anv\u00e4ndning. Den tobaksfria formulan g\u00f6r att du f\u00e5r en <strong data-start=\"751\" data-end=\"771\">fr\u00e4sch andedr\u00e4kt<\/strong> utan risk f\u00f6r missf\u00e4rgning av t\u00e4nderna.<\/p>\n<h3 data-start=\"813\" data-end=\"836\">Produktinformation:<\/h3>\n<ul data-start=\"838\" data-end=\"1125\">\n<li data-start=\"838\" data-end=\"861\">\n<p data-start=\"840\" data-end=\"861\"><strong data-start=\"840\" data-end=\"854\">Varum\u00e4rke:<\/strong> Z!XS<\/p>\n<\/li>\n<li data-start=\"862\" data-end=\"898\">\n<p data-start=\"864\" data-end=\"898\"><strong data-start=\"864\" data-end=\"879\">Smakprofil:<\/strong> Bergamot &amp; Tobak<\/p>\n<\/li>\n<li data-start=\"899\" data-end=\"938\">\n<p data-start=\"901\" data-end=\"938\"><strong data-start=\"901\" data-end=\"919\">Nikotinstyrka:<\/strong> 12 mg\/g (Strong)<\/p>\n<\/li>\n<li data-start=\"939\" data-end=\"1005\">\n<p data-start=\"941\" data-end=\"1005\"><strong data-start=\"941\" data-end=\"952\">Format:<\/strong> Larger \u2013 st\u00f6rre portioner f\u00f6r l\u00e5ngvarig anv\u00e4ndning<\/p>\n<\/li>\n<li data-start=\"1006\" data-end=\"1040\">\n<p data-start=\"1008\" data-end=\"1040\"><strong data-start=\"1008\" data-end=\"1016\">Typ:<\/strong> Tobaksfri nikotinp\u00e5se<\/p>\n<\/li>\n<li data-start=\"1041\" data-end=\"1081\">\n<p data-start=\"1043\" data-end=\"1081\"><strong data-start=\"1043\" data-end=\"1070\">Antal prillor per dosa:<\/strong> Ca 20 st<\/p>\n<\/li>\n<li data-start=\"1082\" data-end=\"1125\">\n<p data-start=\"1084\" data-end=\"1125\"><strong data-start=\"1084\" data-end=\"1099\">Anv\u00e4ndning:<\/strong> Placeras under \u00f6verl\u00e4ppen<\/p>\n<\/li>\n<\/ul>\n<p data-start=\"1127\" data-end=\"1173\"><strong data-start=\"1127\" data-end=\"1173\">Varf\u00f6r v\u00e4lja Z!XS Bergamot Tobacco Larger?<\/strong><\/p>\n<ul data-start=\"1175\" data-end=\"1523\">\n<li data-start=\"1175\" data-end=\"1243\">\n<p data-start=\"1177\" data-end=\"1243\"><strong data-start=\"1177\" data-end=\"1209\">Kraftfull nikotinupplevelse:<\/strong> 12 mg\/g f\u00f6r en l\u00e5ngvarig effekt<\/p>\n<\/li>\n<li data-start=\"1244\" data-end=\"1311\">\n<p data-start=\"1246\" data-end=\"1311\"><strong data-start=\"1246\" data-end=\"1267\">Bergamot &amp; tobak:<\/strong> En perfekt balans mellan citrus och tobak<\/p>\n<\/li>\n<li data-start=\"1312\" data-end=\"1373\">\n<p data-start=\"1314\" data-end=\"1373\"><strong data-start=\"1314\" data-end=\"1335\">St\u00f6rre portioner:<\/strong> Larger-format f\u00f6r l\u00e4ngre anv\u00e4ndning<\/p>\n<\/li>\n<li data-start=\"1374\" data-end=\"1445\">\n<p data-start=\"1376\" data-end=\"1445\"><strong data-start=\"1376\" data-end=\"1390\">Tobaksfri:<\/strong> Fr\u00e4sch andedr\u00e4kt och inga missf\u00e4rgningar av t\u00e4nderna<\/p>\n<\/li>\n<li data-start=\"1446\" data-end=\"1523\">\n<p data-start=\"1448\" data-end=\"1523\"><strong data-start=\"1448\" data-end=\"1470\">Snabb fris\u00e4ttning:<\/strong> Direkt smak och nikotinleverans f\u00f6r omedelbar effekt<\/p>\n<\/li>\n<\/ul>\n<p data-start=\"1525\" data-end=\"1704\"><strong data-start=\"1525\" data-end=\"1561\">K\u00f6p Z!XS Bergamot Tobacco Larger<\/strong> idag och njut av en <strong data-start=\"1582\" data-end=\"1623\">balanserad smak av bergamot och tobak<\/strong> i ett tobaksfritt och l\u00e5ngvarigt format. F\u00e5 snabb leverans direkt till din d\u00f6rr!<\/p>","protected":false},"excerpt":{"rendered":"<h1>ZIXS Bergamot Tobacco<\/h1>\n<p>Z!XS Bergamot Tobacco Larger \u00e4r tobaksfria nikotinp\u00e5sar med en balanserad smak av bergamot och tobak, samt en nikotinstyrka p\u00e5 12 mg\/g. St\u00f6rre portioner f\u00f6r en l\u00e5ngvarig och smakfull nikotinupplevelse.<\/p>","protected":false},"featured_media":59906,"comment_status":"open","ping_status":"closed","template":"","meta":[],"product_brand":[346],"product_cat":[136,348,354,133],"product_tag":[],"class_list":{"0":"post-57925","1":"product","2":"type-product","3":"status-publish","4":"has-post-thumbnail","6":"product_brand-zxs","7":"product_cat-all-whites","8":"product_cat-regular-large","9":"product_cat-strongstark","10":"product_cat-zxs","12":"first","13":"instock","14":"taxable","15":"shipping-taxable","16":"purchasable","17":"product-type-variable"},"_links":{"self":[{"href":"https:\/\/snus-malmo.se\/sv\/wp-json\/wp\/v2\/product\/57925","targetHints":{"allow":["GET"]}}],"collection":[{"href":"https:\/\/snus-malmo.se\/sv\/wp-json\/wp\/v2\/product"}],"about":[{"href":"https:\/\/snus-malmo.se\/sv\/wp-json\/wp\/v2\/types\/product"}],"replies":[{"embeddable":true,"href":"https:\/\/snus-malmo.se\/sv\/wp-json\/wp\/v2\/comments?post=57925"}],"version-history":[{"count":0,"href":"https:\/\/snus-malmo.se\/sv\/wp-json\/wp\/v2\/product\/57925\/revisions"}],"wp:featuredmedia":[{"embeddable":true,"href":"https:\/\/snus-malmo.se\/sv\/wp-json\/wp\/v2\/media\/59906"}],"wp:attachment":[{"href":"https:\/\/snus-malmo.se\/sv\/wp-json\/wp\/v2\/media?parent=57925"}],"wp:term":[{"taxonomy":"product_brand","embeddable":true,"href":"https:\/\/snus-malmo.se\/sv\/wp-json\/wp\/v2\/product_brand?post=57925"},{"taxonomy":"product_cat","embeddable":true,"href":"https:\/\/snus-malmo.se\/sv\/wp-json\/wp\/v2\/product_cat?post=57925"},{"taxonomy":"product_tag","embeddable":true,"href":"https:\/\/snus-malmo.se\/sv\/wp-json\/wp\/v2\/product_tag?post=57925"}],"curies":[{"name":"wp","href":"https:\/\/api.w.org\/{rel}","templated":true}]}}