{"id":57929,"date":"2025-05-23T17:03:28","date_gmt":"2025-05-23T17:03:28","guid":{"rendered":"https:\/\/snus-malmo.se\/?post_type=product&#038;p=57929"},"modified":"2025-11-29T10:53:23","modified_gmt":"2025-11-29T10:53:23","slug":"zixs-salmiak-slim","status":"publish","type":"product","link":"https:\/\/snus-malmo.se\/sv\/produkt\/zixs-salmiak-slim\/","title":{"rendered":"ZIXS Salmiak Slim #3"},"content":{"rendered":"<h1 data-start=\"105\" data-end=\"198\">ZIXS Salmiak Slim<\/h1>\n<h2 data-start=\"105\" data-end=\"198\"><strong data-start=\"109\" data-end=\"198\">Z!XS Salmiak Strong Slim \u2013 Tobaksfria nikotinp\u00e5sar med intensiv salmiaksmak \u2013 12 mg\/g<\/strong><\/h2>\n<p data-start=\"200\" data-end=\"504\">Upplev den kraftfulla smaken av <strong data-start=\"232\" data-end=\"243\">salmiak<\/strong> med <strong data-start=\"248\" data-end=\"276\">Z!XS Salmiak Strong Slim<\/strong>, tobaksfria nikotinp\u00e5sar som levererar en <strong data-start=\"319\" data-end=\"346\">stark nikotinupplevelse<\/strong> i ett diskret <strong data-start=\"361\" data-end=\"376\">slim-format<\/strong>. Med en nikotinstyrka p\u00e5 <strong data-start=\"402\" data-end=\"413\">12 mg\/g<\/strong>, erbjuder dessa p\u00e5sar en l\u00e5ngvarig och intensiv smakupplevelse f\u00f6r den erfarna anv\u00e4ndaren.<\/p>\n<p data-start=\"506\" data-end=\"738\"><strong data-start=\"506\" data-end=\"534\">Z!XS Salmiak Strong Slim<\/strong> \u00e4r designad f\u00f6r att ge en <strong data-start=\"561\" data-end=\"581\">kraftfull effekt<\/strong> med en snabb fris\u00e4ttning av b\u00e5de smak och nikotin. Det slimmade formatet g\u00f6r den perfekt f\u00f6r diskret anv\u00e4ndning, utan att kompromissa p\u00e5 smak eller styrka.<\/p>\n<h3 data-start=\"740\" data-end=\"763\"><strong data-start=\"740\" data-end=\"763\">Produktinformation:<\/strong><\/h3>\n<ul data-start=\"765\" data-end=\"1019\">\n<li data-start=\"765\" data-end=\"788\">\n<p data-start=\"767\" data-end=\"788\"><strong data-start=\"767\" data-end=\"781\">Varum\u00e4rke:<\/strong> Z!XS<\/p>\n<\/li>\n<li data-start=\"789\" data-end=\"816\">\n<p data-start=\"791\" data-end=\"816\"><strong data-start=\"791\" data-end=\"806\">Smakprofil:<\/strong> Salmiak<\/p>\n<\/li>\n<li data-start=\"817\" data-end=\"856\">\n<p data-start=\"819\" data-end=\"856\"><strong data-start=\"819\" data-end=\"837\">Nikotinstyrka:<\/strong> 12 mg\/g (Strong)<\/p>\n<\/li>\n<li data-start=\"857\" data-end=\"899\">\n<p data-start=\"859\" data-end=\"899\"><strong data-start=\"859\" data-end=\"870\">Format:<\/strong> Slim \u2013 smidigt och diskret<\/p>\n<\/li>\n<li data-start=\"900\" data-end=\"934\">\n<p data-start=\"902\" data-end=\"934\"><strong data-start=\"902\" data-end=\"910\">Typ:<\/strong> Tobaksfri nikotinp\u00e5se<\/p>\n<\/li>\n<li data-start=\"935\" data-end=\"975\">\n<p data-start=\"937\" data-end=\"975\"><strong data-start=\"937\" data-end=\"964\">Antal prillor per dosa:<\/strong> Ca 20 st<\/p>\n<\/li>\n<li data-start=\"976\" data-end=\"1019\">\n<p data-start=\"978\" data-end=\"1019\"><strong data-start=\"978\" data-end=\"993\">Anv\u00e4ndning:<\/strong> Placeras under \u00f6verl\u00e4ppen<\/p>\n<\/li>\n<\/ul>\n<p data-start=\"1021\" data-end=\"1063\"><strong data-start=\"1021\" data-end=\"1063\">Varf\u00f6r v\u00e4lja Z!XS Salmiak Strong Slim?<\/strong><\/p>\n<ul data-start=\"1065\" data-end=\"1408\">\n<li data-start=\"1065\" data-end=\"1143\">\n<p data-start=\"1067\" data-end=\"1143\"><strong data-start=\"1067\" data-end=\"1099\">Kraftfull nikotinupplevelse:<\/strong> 12 mg\/g f\u00f6r en stark och l\u00e5ngvarig effekt<\/p>\n<\/li>\n<li data-start=\"1144\" data-end=\"1221\">\n<p data-start=\"1146\" data-end=\"1221\"><strong data-start=\"1146\" data-end=\"1172\">Intensiv salmiak-smak:<\/strong> F\u00f6r den som \u00e4lskar en klassisk, kraftfull smak<\/p>\n<\/li>\n<li data-start=\"1222\" data-end=\"1279\">\n<p data-start=\"1224\" data-end=\"1279\"><strong data-start=\"1224\" data-end=\"1248\">Diskret slim-format:<\/strong> Smidig och bekv\u00e4m anv\u00e4ndning<\/p>\n<\/li>\n<li data-start=\"1280\" data-end=\"1351\">\n<p data-start=\"1282\" data-end=\"1351\"><strong data-start=\"1282\" data-end=\"1296\">Tobaksfri:<\/strong> Fr\u00e4sch andedr\u00e4kt och inga missf\u00e4rgningar av t\u00e4nderna<\/p>\n<\/li>\n<li data-start=\"1352\" data-end=\"1408\">\n<p data-start=\"1354\" data-end=\"1408\"><strong data-start=\"1354\" data-end=\"1376\">Snabb fris\u00e4ttning:<\/strong> Direkt smak och nikotinleverans<\/p>\n<\/li>\n<\/ul>\n<p data-start=\"1410\" data-end=\"1596\"><strong data-start=\"1410\" data-end=\"1442\">K\u00f6p Z!XS Salmiak Strong Slim<\/strong> idag och upplev den kraftfulla salmiaksmaken och den starka nikotineffekten i ett tobaksfritt och diskret format. F\u00e5 snabb leverans direkt till din d\u00f6rr!<\/p>","protected":false},"excerpt":{"rendered":"<h1 data-start=\"105\" data-end=\"198\">ZIXS Salmiak Slim<\/h1>\n<p>Z!XS Salmiak Strong Slim \u00e4r tobaksfria nikotinp\u00e5sar med en intensiv salmiaksmak och en nikotinstyrka p\u00e5 12 mg\/g. Slim-formatet ger en diskret och l\u00e5ngvarig nikotinupplevelse.<\/p>","protected":false},"featured_media":59912,"comment_status":"open","ping_status":"closed","template":"","meta":[],"product_brand":[346],"product_cat":[136,137,354,133],"product_tag":[],"class_list":{"0":"post-57929","1":"product","2":"type-product","3":"status-publish","4":"has-post-thumbnail","6":"product_brand-zxs","7":"product_cat-all-whites","8":"product_cat-slim","9":"product_cat-strongstark","10":"product_cat-zxs","12":"first","13":"instock","14":"taxable","15":"shipping-taxable","16":"purchasable","17":"product-type-variable"},"_links":{"self":[{"href":"https:\/\/snus-malmo.se\/sv\/wp-json\/wp\/v2\/product\/57929","targetHints":{"allow":["GET"]}}],"collection":[{"href":"https:\/\/snus-malmo.se\/sv\/wp-json\/wp\/v2\/product"}],"about":[{"href":"https:\/\/snus-malmo.se\/sv\/wp-json\/wp\/v2\/types\/product"}],"replies":[{"embeddable":true,"href":"https:\/\/snus-malmo.se\/sv\/wp-json\/wp\/v2\/comments?post=57929"}],"version-history":[{"count":0,"href":"https:\/\/snus-malmo.se\/sv\/wp-json\/wp\/v2\/product\/57929\/revisions"}],"wp:featuredmedia":[{"embeddable":true,"href":"https:\/\/snus-malmo.se\/sv\/wp-json\/wp\/v2\/media\/59912"}],"wp:attachment":[{"href":"https:\/\/snus-malmo.se\/sv\/wp-json\/wp\/v2\/media?parent=57929"}],"wp:term":[{"taxonomy":"product_brand","embeddable":true,"href":"https:\/\/snus-malmo.se\/sv\/wp-json\/wp\/v2\/product_brand?post=57929"},{"taxonomy":"product_cat","embeddable":true,"href":"https:\/\/snus-malmo.se\/sv\/wp-json\/wp\/v2\/product_cat?post=57929"},{"taxonomy":"product_tag","embeddable":true,"href":"https:\/\/snus-malmo.se\/sv\/wp-json\/wp\/v2\/product_tag?post=57929"}],"curies":[{"name":"wp","href":"https:\/\/api.w.org\/{rel}","templated":true}]}}