{"id":57933,"date":"2025-05-23T17:03:28","date_gmt":"2025-05-23T17:03:28","guid":{"rendered":"https:\/\/snus-malmo.se\/?post_type=product&#038;p=57933"},"modified":"2025-11-29T10:53:21","modified_gmt":"2025-11-29T10:53:21","slug":"zixs-salmiak-large-3","status":"publish","type":"product","link":"https:\/\/snus-malmo.se\/sv\/produkt\/zixs-salmiak-large-3\/","title":{"rendered":"ZIXS Salmiak large #3"},"content":{"rendered":"<h1 data-start=\"106\" data-end=\"201\">ZIXS Salmiak large<\/h1>\n<h2 data-start=\"106\" data-end=\"201\"><strong data-start=\"110\" data-end=\"201\">Z!XS Salmiak Strong Large \u2013 Tobaksfria nikotinp\u00e5sar med kraftfull salmiaksmak \u2013 12 mg\/g<\/strong><\/h2>\n<p data-start=\"203\" data-end=\"514\">Upplev en <strong data-start=\"213\" data-end=\"237\">intensiv salmiaksmak<\/strong> med <strong data-start=\"242\" data-end=\"271\">Z!XS Salmiak Strong Large<\/strong>, tobaksfria nikotinp\u00e5sar som kombinerar den klassiska salmiak-smaken med en <strong data-start=\"348\" data-end=\"373\">stark nikotinleverans<\/strong>. Med en nikotinstyrka p\u00e5 <strong data-start=\"399\" data-end=\"410\">12 mg\/g<\/strong>, \u00e4r dessa p\u00e5sar designade f\u00f6r erfarna anv\u00e4ndare som s\u00f6ker en kraftfull och l\u00e5ngvarig nikotinupplevelse.<\/p>\n<p data-start=\"516\" data-end=\"768\">I det st\u00f6rre <strong data-start=\"529\" data-end=\"547\">large-formatet<\/strong> f\u00e5r du en <strong data-start=\"558\" data-end=\"580\">diskret och bekv\u00e4m<\/strong> anv\u00e4ndning, samtidigt som den starka salmiaksmaken frig\u00f6r en intensiv smakupplevelse. Perfekt f\u00f6r den som vill ha en l\u00e5ngvarig och uppfriskande upplevelse utan tobaksf\u00e4rgning av t\u00e4nderna.<\/p>\n<p data-start=\"770\" data-end=\"793\"><strong data-start=\"770\" data-end=\"793\">Produktinformation:<\/strong><\/p>\n<ul data-start=\"795\" data-end=\"1069\">\n<li data-start=\"795\" data-end=\"818\">\n<p data-start=\"797\" data-end=\"818\"><strong data-start=\"797\" data-end=\"811\">Varum\u00e4rke:<\/strong> Z!XS<\/p>\n<\/li>\n<li data-start=\"819\" data-end=\"846\">\n<p data-start=\"821\" data-end=\"846\"><strong data-start=\"821\" data-end=\"836\">Smakprofil:<\/strong> Salmiak<\/p>\n<\/li>\n<li data-start=\"847\" data-end=\"886\">\n<p data-start=\"849\" data-end=\"886\"><strong data-start=\"849\" data-end=\"867\">Nikotinstyrka:<\/strong> 12 mg\/g (Strong)<\/p>\n<\/li>\n<li data-start=\"887\" data-end=\"949\">\n<p data-start=\"889\" data-end=\"949\"><strong data-start=\"889\" data-end=\"900\">Format:<\/strong> Large \u2013 st\u00f6rre portioner f\u00f6r l\u00e4ngre anv\u00e4ndning<\/p>\n<\/li>\n<li data-start=\"950\" data-end=\"984\">\n<p data-start=\"952\" data-end=\"984\"><strong data-start=\"952\" data-end=\"960\">Typ:<\/strong> Tobaksfri nikotinp\u00e5se<\/p>\n<\/li>\n<li data-start=\"985\" data-end=\"1025\">\n<p data-start=\"987\" data-end=\"1025\"><strong data-start=\"987\" data-end=\"1014\">Antal prillor per dosa:<\/strong> Ca 20 st<\/p>\n<\/li>\n<li data-start=\"1026\" data-end=\"1069\">\n<p data-start=\"1028\" data-end=\"1069\"><strong data-start=\"1028\" data-end=\"1043\">Anv\u00e4ndning:<\/strong> Placeras under \u00f6verl\u00e4ppen<\/p>\n<\/li>\n<\/ul>\n<p data-start=\"1071\" data-end=\"1114\"><strong data-start=\"1071\" data-end=\"1114\">Varf\u00f6r v\u00e4lja Z!XS Salmiak Strong Large?<\/strong><\/p>\n<ul data-start=\"1116\" data-end=\"1460\">\n<li data-start=\"1116\" data-end=\"1180\">\n<p data-start=\"1118\" data-end=\"1180\"><strong data-start=\"1118\" data-end=\"1146\">Stark nikotinupplevelse:<\/strong> 12 mg\/g f\u00f6r en kraftfull effekt<\/p>\n<\/li>\n<li data-start=\"1181\" data-end=\"1249\">\n<p data-start=\"1183\" data-end=\"1249\"><strong data-start=\"1183\" data-end=\"1209\">Klassisk salmiak-smak:<\/strong> Intensiv och l\u00e5ngvarig smakupplevelse<\/p>\n<\/li>\n<li data-start=\"1250\" data-end=\"1310\">\n<p data-start=\"1252\" data-end=\"1310\"><strong data-start=\"1252\" data-end=\"1273\">St\u00f6rre portioner:<\/strong> Large-format f\u00f6r l\u00e4ngre anv\u00e4ndning<\/p>\n<\/li>\n<li data-start=\"1311\" data-end=\"1382\">\n<p data-start=\"1313\" data-end=\"1382\"><strong data-start=\"1313\" data-end=\"1327\">Tobaksfri:<\/strong> Fr\u00e4sch andedr\u00e4kt och inga missf\u00e4rgningar av t\u00e4nderna<\/p>\n<\/li>\n<li data-start=\"1383\" data-end=\"1460\">\n<p data-start=\"1385\" data-end=\"1460\"><strong data-start=\"1385\" data-end=\"1407\">Snabb fris\u00e4ttning:<\/strong> Direkt smak och nikotinleverans f\u00f6r omedelbar effekt<\/p>\n<\/li>\n<\/ul>\n<p data-start=\"1462\" data-end=\"1653\"><strong data-start=\"1462\" data-end=\"1499\">Best\u00e4ll Z!XS Salmiak Strong Large<\/strong> idag och upplev den intensiva salmiak-smaken och den starka nikotineffekten i ett tobaksfritt och diskret format. F\u00e5 snabb leverans direkt till din d\u00f6rr!<\/p>","protected":false},"excerpt":{"rendered":"<h1>ZIXS Salmiak large<\/h1>\n<p>Z!XS Salmiak Strong Large \u00e4r tobaksfria nikotinp\u00e5sar med en intensiv salmiaksmak och en nikotinstyrka p\u00e5 12 mg\/g. St\u00f6rre portioner f\u00f6r l\u00e5ngvarig och kraftfull nikotinupplevelse.<\/p>","protected":false},"featured_media":59905,"comment_status":"open","ping_status":"closed","template":"","meta":[],"product_brand":[346],"product_cat":[136,348,133],"product_tag":[],"class_list":{"0":"post-57933","1":"product","2":"type-product","3":"status-publish","4":"has-post-thumbnail","6":"product_brand-zxs","7":"product_cat-all-whites","8":"product_cat-regular-large","9":"product_cat-zxs","11":"first","12":"instock","13":"taxable","14":"shipping-taxable","15":"purchasable","16":"product-type-variable"},"_links":{"self":[{"href":"https:\/\/snus-malmo.se\/sv\/wp-json\/wp\/v2\/product\/57933","targetHints":{"allow":["GET"]}}],"collection":[{"href":"https:\/\/snus-malmo.se\/sv\/wp-json\/wp\/v2\/product"}],"about":[{"href":"https:\/\/snus-malmo.se\/sv\/wp-json\/wp\/v2\/types\/product"}],"replies":[{"embeddable":true,"href":"https:\/\/snus-malmo.se\/sv\/wp-json\/wp\/v2\/comments?post=57933"}],"version-history":[{"count":0,"href":"https:\/\/snus-malmo.se\/sv\/wp-json\/wp\/v2\/product\/57933\/revisions"}],"wp:featuredmedia":[{"embeddable":true,"href":"https:\/\/snus-malmo.se\/sv\/wp-json\/wp\/v2\/media\/59905"}],"wp:attachment":[{"href":"https:\/\/snus-malmo.se\/sv\/wp-json\/wp\/v2\/media?parent=57933"}],"wp:term":[{"taxonomy":"product_brand","embeddable":true,"href":"https:\/\/snus-malmo.se\/sv\/wp-json\/wp\/v2\/product_brand?post=57933"},{"taxonomy":"product_cat","embeddable":true,"href":"https:\/\/snus-malmo.se\/sv\/wp-json\/wp\/v2\/product_cat?post=57933"},{"taxonomy":"product_tag","embeddable":true,"href":"https:\/\/snus-malmo.se\/sv\/wp-json\/wp\/v2\/product_tag?post=57933"}],"curies":[{"name":"wp","href":"https:\/\/api.w.org\/{rel}","templated":true}]}}