{"id":57941,"date":"2025-05-23T17:03:28","date_gmt":"2025-05-23T17:03:28","guid":{"rendered":"https:\/\/snus-malmo.se\/?post_type=product&#038;p=57941"},"modified":"2025-11-29T10:53:11","modified_gmt":"2025-11-29T10:53:11","slug":"zixs-melon-freeze-extreme-large","status":"publish","type":"product","link":"https:\/\/snus-malmo.se\/sv\/produkt\/zixs-melon-freeze-extreme-large\/","title":{"rendered":"ZIXS Melon Freeze Extreme Large #5"},"content":{"rendered":"<h1>ZIXS Melon Freeze Extreme Slim<\/h1>\n<h2 data-start=\"81\" data-end=\"187\"><strong data-start=\"85\" data-end=\"187\">Z!XS Melon Freeze Extreme Slim \u2013 Tobaksfria nikotinp\u00e5sar med intensiv melon- och kylsmak \u2013 18 mg\/g<\/strong><\/h2>\n<p data-start=\"189\" data-end=\"501\">Uppt\u00e4ck <strong data-start=\"197\" data-end=\"231\">Z!XS Melon Freeze Extreme Slim<\/strong>, tobaksfria nikotinp\u00e5sar som kombinerar den saftiga smaken av <strong data-start=\"294\" data-end=\"303\">melon<\/strong> med en kylande <strong data-start=\"319\" data-end=\"336\">mentol-effekt<\/strong>. Med en extrem nikotinstyrka p\u00e5 <strong data-start=\"369\" data-end=\"380\">18 mg\/g<\/strong> erbjuder dessa p\u00e5sar en kraftfull nikotinleverans i ett <strong data-start=\"437\" data-end=\"455\">slimmat format<\/strong> f\u00f6r en l\u00e5ngvarig och uppfriskande upplevelse.<\/p>\n<p data-start=\"503\" data-end=\"795\"><strong data-start=\"503\" data-end=\"537\">Z!XS Melon Freeze Extreme Slim<\/strong> \u00e4r designad f\u00f6r den erfarna anv\u00e4ndaren som s\u00f6ker en intensiv och stark nikotinupplevelse i ett <strong data-start=\"633\" data-end=\"656\">diskret och bekv\u00e4mt<\/strong> format. Den friska melon-smaken blandas med en kylande mentol, vilket ger en <strong data-start=\"734\" data-end=\"770\">uppfriskande och intensiv k\u00e4nsla<\/strong> under hela anv\u00e4ndningen.<\/p>\n<h3 data-start=\"797\" data-end=\"820\"><strong data-start=\"797\" data-end=\"820\">Produktinformation:<\/strong><\/h3>\n<ul data-start=\"822\" data-end=\"1115\">\n<li data-start=\"822\" data-end=\"845\">\n<p data-start=\"824\" data-end=\"845\"><strong data-start=\"824\" data-end=\"838\">Varum\u00e4rke:<\/strong> Z!XS<\/p>\n<\/li>\n<li data-start=\"846\" data-end=\"890\">\n<p data-start=\"848\" data-end=\"890\"><strong data-start=\"848\" data-end=\"863\">Smakprofil:<\/strong> Melon &amp; Mentol (Kylande)<\/p>\n<\/li>\n<li data-start=\"891\" data-end=\"931\">\n<p data-start=\"893\" data-end=\"931\"><strong data-start=\"893\" data-end=\"911\">Nikotinstyrka:<\/strong> 18 mg\/g (Extreme)<\/p>\n<\/li>\n<li data-start=\"932\" data-end=\"995\">\n<p data-start=\"934\" data-end=\"995\"><strong data-start=\"934\" data-end=\"945\">Format:<\/strong> Slim \u2013 smidigt och diskret f\u00f6r snabb anv\u00e4ndning<\/p>\n<\/li>\n<li data-start=\"996\" data-end=\"1030\">\n<p data-start=\"998\" data-end=\"1030\"><strong data-start=\"998\" data-end=\"1006\">Typ:<\/strong> Tobaksfri nikotinp\u00e5se<\/p>\n<\/li>\n<li data-start=\"1031\" data-end=\"1071\">\n<p data-start=\"1033\" data-end=\"1071\"><strong data-start=\"1033\" data-end=\"1060\">Antal prillor per dosa:<\/strong> Ca 20 st<\/p>\n<\/li>\n<li data-start=\"1072\" data-end=\"1115\">\n<p data-start=\"1074\" data-end=\"1115\"><strong data-start=\"1074\" data-end=\"1089\">Anv\u00e4ndning:<\/strong> Placeras under \u00f6verl\u00e4ppen<\/p>\n<\/li>\n<\/ul>\n<p data-start=\"1117\" data-end=\"1165\"><strong data-start=\"1117\" data-end=\"1165\">Varf\u00f6r v\u00e4lja Z!XS Melon Freeze Extreme Slim?<\/strong><\/p>\n<ul data-start=\"1167\" data-end=\"1530\">\n<li data-start=\"1167\" data-end=\"1242\">\n<p data-start=\"1169\" data-end=\"1242\"><strong data-start=\"1169\" data-end=\"1198\">Extrem nikotinupplevelse:<\/strong> 18 mg\/g f\u00f6r en stark och l\u00e5ngvarig effekt<\/p>\n<\/li>\n<li data-start=\"1243\" data-end=\"1310\">\n<p data-start=\"1245\" data-end=\"1310\"><strong data-start=\"1245\" data-end=\"1266\">Kylig melon-smak:<\/strong> Frisk melon blandat med en kylande mentol<\/p>\n<\/li>\n<li data-start=\"1311\" data-end=\"1380\">\n<p data-start=\"1313\" data-end=\"1380\"><strong data-start=\"1313\" data-end=\"1337\">Diskret slim-format:<\/strong> Perfekt f\u00f6r snabb och diskret anv\u00e4ndning<\/p>\n<\/li>\n<li data-start=\"1381\" data-end=\"1452\">\n<p data-start=\"1383\" data-end=\"1452\"><strong data-start=\"1383\" data-end=\"1397\">Tobaksfri:<\/strong> Fr\u00e4sch andedr\u00e4kt och inga missf\u00e4rgningar av t\u00e4nderna<\/p>\n<\/li>\n<li data-start=\"1453\" data-end=\"1530\">\n<p data-start=\"1455\" data-end=\"1530\"><strong data-start=\"1455\" data-end=\"1477\">Snabb fris\u00e4ttning:<\/strong> Direkt smak och nikotinleverans f\u00f6r omedelbar effekt<\/p>\n<\/li>\n<\/ul>\n<p data-start=\"1532\" data-end=\"1715\"><strong data-start=\"1532\" data-end=\"1570\">K\u00f6p Z!XS Melon Freeze Extreme Slim<\/strong> idag och upplev den intensiva <strong data-start=\"1601\" data-end=\"1628\">melon- och mentolsmaken<\/strong> i ett tobaksfritt och diskret <strong data-start=\"1659\" data-end=\"1674\">slim-format<\/strong>. F\u00e5 snabb leverans direkt till din d\u00f6rr!<\/p>","protected":false},"excerpt":{"rendered":"<h1>ZIXS Melon Freeze Extreme Slim<\/h1>\n<p>Z!XS Melon Freeze Extreme Slim \u00e4r tobaksfria nikotinp\u00e5sar med en intensiv melon- och mentolsmak och en extrem nikotinstyrka p\u00e5 18 mg\/g. St\u00f6rre portioner f\u00f6r l\u00e5ngvarig och uppfriskande anv\u00e4ndning.<\/p>","protected":false},"featured_media":59911,"comment_status":"open","ping_status":"closed","template":"","meta":[],"product_brand":[346],"product_cat":[136,356,348,133],"product_tag":[],"class_list":{"0":"post-57941","1":"product","2":"type-product","3":"status-publish","4":"has-post-thumbnail","6":"product_brand-zxs","7":"product_cat-all-whites","8":"product_cat-extreme","9":"product_cat-regular-large","10":"product_cat-zxs","12":"first","13":"instock","14":"taxable","15":"shipping-taxable","16":"purchasable","17":"product-type-variable"},"_links":{"self":[{"href":"https:\/\/snus-malmo.se\/sv\/wp-json\/wp\/v2\/product\/57941","targetHints":{"allow":["GET"]}}],"collection":[{"href":"https:\/\/snus-malmo.se\/sv\/wp-json\/wp\/v2\/product"}],"about":[{"href":"https:\/\/snus-malmo.se\/sv\/wp-json\/wp\/v2\/types\/product"}],"replies":[{"embeddable":true,"href":"https:\/\/snus-malmo.se\/sv\/wp-json\/wp\/v2\/comments?post=57941"}],"version-history":[{"count":0,"href":"https:\/\/snus-malmo.se\/sv\/wp-json\/wp\/v2\/product\/57941\/revisions"}],"wp:featuredmedia":[{"embeddable":true,"href":"https:\/\/snus-malmo.se\/sv\/wp-json\/wp\/v2\/media\/59911"}],"wp:attachment":[{"href":"https:\/\/snus-malmo.se\/sv\/wp-json\/wp\/v2\/media?parent=57941"}],"wp:term":[{"taxonomy":"product_brand","embeddable":true,"href":"https:\/\/snus-malmo.se\/sv\/wp-json\/wp\/v2\/product_brand?post=57941"},{"taxonomy":"product_cat","embeddable":true,"href":"https:\/\/snus-malmo.se\/sv\/wp-json\/wp\/v2\/product_cat?post=57941"},{"taxonomy":"product_tag","embeddable":true,"href":"https:\/\/snus-malmo.se\/sv\/wp-json\/wp\/v2\/product_tag?post=57941"}],"curies":[{"name":"wp","href":"https:\/\/api.w.org\/{rel}","templated":true}]}}