{"id":57949,"date":"2025-05-23T17:03:29","date_gmt":"2025-05-23T17:03:29","guid":{"rendered":"https:\/\/snus-malmo.se\/?post_type=product&#038;p=57949"},"modified":"2025-11-29T10:53:08","modified_gmt":"2025-11-29T10:53:08","slug":"zixs-melon-rush","status":"publish","type":"product","link":"https:\/\/snus-malmo.se\/sv\/produkt\/zixs-melon-rush\/","title":{"rendered":"ZIXS Melon Rush #3"},"content":{"rendered":"<h1 data-start=\"109\" data-end=\"217\">ZIXS Melon Rush Large<\/h1>\n<h2 data-start=\"109\" data-end=\"217\"><strong data-start=\"113\" data-end=\"217\">Z!XS Melon Rush Strong Large \u2013 Tobaksfria nikotinp\u00e5sar med saftig melon-smak och stark nikotinstyrka<\/strong><\/h2>\n<p data-start=\"219\" data-end=\"578\">Upplev den fruktiga och uppfriskande smaken av <strong data-start=\"266\" data-end=\"275\">melon<\/strong> med <strong data-start=\"280\" data-end=\"312\">Z!XS Melon Rush Strong Large<\/strong>. Dessa tobaksfria nikotinp\u00e5sar erbjuder en <strong data-start=\"356\" data-end=\"377\">saftig melon-smak<\/strong> kombinerat med en <strong data-start=\"396\" data-end=\"421\">stark nikotinleverans<\/strong>. I det st\u00f6rre <strong data-start=\"436\" data-end=\"454\">large-formatet<\/strong> f\u00e5r du en l\u00e5ngvarig och intensiv nikotinupplevelse, perfekt f\u00f6r den som s\u00f6ker en kraftfull smak och effekt i varje portion.<\/p>\n<p data-start=\"580\" data-end=\"828\">Med en nikotinstyrka p\u00e5 <strong data-start=\"604\" data-end=\"615\">12 mg\/g<\/strong>, \u00e4r <strong data-start=\"620\" data-end=\"652\">Z!XS Melon Rush Strong Large<\/strong> designad f\u00f6r anv\u00e4ndare som s\u00f6ker en stark men fruktig nikotinupplevelse. Den balanserade fuktniv\u00e5n frig\u00f6r snabbt b\u00e5de smak och nikotin f\u00f6r en <strong data-start=\"795\" data-end=\"826\">direkt och l\u00e5ngvarig effekt<\/strong>.<\/p>\n<p data-start=\"830\" data-end=\"853\"><strong data-start=\"830\" data-end=\"853\">Produktinformation:<\/strong><\/p>\n<ul data-start=\"855\" data-end=\"1127\">\n<li data-start=\"855\" data-end=\"878\">\n<p data-start=\"857\" data-end=\"878\"><strong data-start=\"857\" data-end=\"871\">Varum\u00e4rke:<\/strong> Z!XS<\/p>\n<\/li>\n<li data-start=\"879\" data-end=\"904\">\n<p data-start=\"881\" data-end=\"904\"><strong data-start=\"881\" data-end=\"896\">Smakprofil:<\/strong> Melon<\/p>\n<\/li>\n<li data-start=\"905\" data-end=\"944\">\n<p data-start=\"907\" data-end=\"944\"><strong data-start=\"907\" data-end=\"925\">Nikotinstyrka:<\/strong> Strong \u2013 12 mg\/g<\/p>\n<\/li>\n<li data-start=\"945\" data-end=\"1005\">\n<p data-start=\"947\" data-end=\"1005\"><strong data-start=\"947\" data-end=\"958\">Format:<\/strong> Large \u2013 st\u00f6rre portion f\u00f6r l\u00e4ngre anv\u00e4ndning<\/p>\n<\/li>\n<li data-start=\"1006\" data-end=\"1040\">\n<p data-start=\"1008\" data-end=\"1040\"><strong data-start=\"1008\" data-end=\"1016\">Typ:<\/strong> Tobaksfri nikotinp\u00e5se<\/p>\n<\/li>\n<li data-start=\"1041\" data-end=\"1081\">\n<p data-start=\"1043\" data-end=\"1081\"><strong data-start=\"1043\" data-end=\"1070\">Antal prillor per dosa:<\/strong> Ca 20 st<\/p>\n<\/li>\n<li data-start=\"1082\" data-end=\"1127\">\n<p data-start=\"1084\" data-end=\"1127\"><strong data-start=\"1084\" data-end=\"1099\">Anv\u00e4ndning:<\/strong> Placeras under \u00f6verl\u00e4ppen<\/p>\n<\/li>\n<\/ul>\n<p data-start=\"1129\" data-end=\"1175\"><strong data-start=\"1129\" data-end=\"1175\">Varf\u00f6r v\u00e4lja Z!XS Melon Rush Strong Large?<\/strong><\/p>\n<ul data-start=\"1177\" data-end=\"1536\">\n<li data-start=\"1177\" data-end=\"1241\">\n<p data-start=\"1179\" data-end=\"1241\"><strong data-start=\"1179\" data-end=\"1207\">Stark nikotinupplevelse:<\/strong> 12 mg\/g f\u00f6r en kraftfull effekt<\/p>\n<\/li>\n<li data-start=\"1242\" data-end=\"1325\">\n<p data-start=\"1244\" data-end=\"1325\"><strong data-start=\"1244\" data-end=\"1267\">Fruktig melon-smak:<\/strong> Saftig och uppfriskande f\u00f6r en l\u00e5ngvarig smakupplevelse<\/p>\n<\/li>\n<li data-start=\"1326\" data-end=\"1386\">\n<p data-start=\"1328\" data-end=\"1386\"><strong data-start=\"1328\" data-end=\"1349\">St\u00f6rre portioner:<\/strong> Large-format f\u00f6r l\u00e4ngre anv\u00e4ndning<\/p>\n<\/li>\n<li data-start=\"1387\" data-end=\"1458\">\n<p data-start=\"1389\" data-end=\"1458\"><strong data-start=\"1389\" data-end=\"1403\">Tobaksfri:<\/strong> Fr\u00e4sch andedr\u00e4kt och inga missf\u00e4rgningar av t\u00e4nderna<\/p>\n<\/li>\n<li data-start=\"1459\" data-end=\"1536\">\n<p data-start=\"1461\" data-end=\"1536\"><strong data-start=\"1461\" data-end=\"1483\">Snabb fris\u00e4ttning:<\/strong> Direkt smak och nikotinleverans f\u00f6r omedelbar effekt<\/p>\n<\/li>\n<\/ul>\n<p data-start=\"1538\" data-end=\"1723\"><strong data-start=\"1538\" data-end=\"1578\">Best\u00e4ll Z!XS Melon Rush Strong Large<\/strong> idag och njut av den <strong data-start=\"1600\" data-end=\"1624\">saftiga melon-smaken<\/strong> och den <strong data-start=\"1633\" data-end=\"1659\">starka nikotineffekten<\/strong> i varje st\u00f6rre portion. F\u00e5 snabb leverans direkt till din d\u00f6rr!<\/p>","protected":false},"excerpt":{"rendered":"<h1 data-start=\"109\" data-end=\"217\">ZIXS Melon Rush Large<\/h1>\n<p>Z!XS Melon Rush Strong Large \u00e4r tobaksfria nikotinp\u00e5sar med en saftig melon-smak och en stark nikotinstyrka p\u00e5 12 mg\/g. St\u00f6rre portioner f\u00f6r l\u00e4ngre anv\u00e4ndning och en intensiv, fruktig nikotinupplevelse.<\/p>","protected":false},"featured_media":59891,"comment_status":"open","ping_status":"closed","template":"","meta":[],"product_brand":[346],"product_cat":[136,348,354,133],"product_tag":[],"class_list":{"0":"post-57949","1":"product","2":"type-product","3":"status-publish","4":"has-post-thumbnail","6":"product_brand-zxs","7":"product_cat-all-whites","8":"product_cat-regular-large","9":"product_cat-strongstark","10":"product_cat-zxs","12":"first","13":"instock","14":"taxable","15":"shipping-taxable","16":"purchasable","17":"product-type-variable"},"_links":{"self":[{"href":"https:\/\/snus-malmo.se\/sv\/wp-json\/wp\/v2\/product\/57949","targetHints":{"allow":["GET"]}}],"collection":[{"href":"https:\/\/snus-malmo.se\/sv\/wp-json\/wp\/v2\/product"}],"about":[{"href":"https:\/\/snus-malmo.se\/sv\/wp-json\/wp\/v2\/types\/product"}],"replies":[{"embeddable":true,"href":"https:\/\/snus-malmo.se\/sv\/wp-json\/wp\/v2\/comments?post=57949"}],"version-history":[{"count":0,"href":"https:\/\/snus-malmo.se\/sv\/wp-json\/wp\/v2\/product\/57949\/revisions"}],"wp:featuredmedia":[{"embeddable":true,"href":"https:\/\/snus-malmo.se\/sv\/wp-json\/wp\/v2\/media\/59891"}],"wp:attachment":[{"href":"https:\/\/snus-malmo.se\/sv\/wp-json\/wp\/v2\/media?parent=57949"}],"wp:term":[{"taxonomy":"product_brand","embeddable":true,"href":"https:\/\/snus-malmo.se\/sv\/wp-json\/wp\/v2\/product_brand?post=57949"},{"taxonomy":"product_cat","embeddable":true,"href":"https:\/\/snus-malmo.se\/sv\/wp-json\/wp\/v2\/product_cat?post=57949"},{"taxonomy":"product_tag","embeddable":true,"href":"https:\/\/snus-malmo.se\/sv\/wp-json\/wp\/v2\/product_tag?post=57949"}],"curies":[{"name":"wp","href":"https:\/\/api.w.org\/{rel}","templated":true}]}}