{"id":57953,"date":"2025-05-23T17:03:29","date_gmt":"2025-05-23T17:03:29","guid":{"rendered":"https:\/\/snus-malmo.se\/?post_type=product&#038;p=57953"},"modified":"2025-11-29T10:53:05","modified_gmt":"2025-11-29T10:53:05","slug":"zixs-slim-north-ice-extreme-5","status":"publish","type":"product","link":"https:\/\/snus-malmo.se\/sv\/produkt\/zixs-slim-north-ice-extreme-5\/","title":{"rendered":"ZIXS Slim North Ice Extreme #5"},"content":{"rendered":"<h1 data-start=\"107\" data-end=\"212\"><strong data-start=\"111\" data-end=\"212\">Z!XS Slim North Ice Extreme <\/strong><\/h1>\n<h2 data-start=\"107\" data-end=\"212\"><strong data-start=\"111\" data-end=\"212\">Z!XS North Ice Extrem Slim \u2013 Tobaksfria nikotinp\u00e5sar med intensiva is- och mentolsmaker \u2013 18 mg\/g<\/strong><\/h2>\n<p data-start=\"214\" data-end=\"657\">Upplev en <strong data-start=\"224\" data-end=\"252\">extrem nikotinupplevelse<\/strong> med <strong data-start=\"257\" data-end=\"287\">Z!XS North Ice Extrem Slim<\/strong>, tobaksfria nikotinp\u00e5sar som erbjuder en <strong data-start=\"329\" data-end=\"360\">intensiv is- och mentolsmak<\/strong>. Dessa slim-format p\u00e5sar \u00e4r designade f\u00f6r den erfarna anv\u00e4ndaren som s\u00f6ker en <strong data-start=\"439\" data-end=\"468\">kraftfull nikotinleverans<\/strong> i ett diskret och bekv\u00e4mt format. Med en h\u00f6g nikotinhalt p\u00e5 18 mg\/g f\u00e5r du en snabb och l\u00e5ngvarig effekt som passar perfekt f\u00f6r den som vill ha en stark och uppfriskande nikotinupplevelse.<\/p>\n<p data-start=\"659\" data-end=\"927\"><strong data-start=\"659\" data-end=\"689\">Z!XS North Ice Extrem Slim<\/strong> ger en kylande k\u00e4nsla under l\u00e4ppen och frig\u00f6r snabbt b\u00e5de <strong data-start=\"748\" data-end=\"768\">smak och nikotin<\/strong>, vilket g\u00f6r att du f\u00e5r en direkt effekt fr\u00e5n f\u00f6rsta stund. Det tobaksfria formatet ger dessutom en fr\u00e4schare andedr\u00e4kt utan risk f\u00f6r missf\u00e4rgning av t\u00e4nderna.<\/p>\n<p data-start=\"929\" data-end=\"952\"><strong data-start=\"929\" data-end=\"952\">Produktinformation:<\/strong><\/p>\n<ul data-start=\"954\" data-end=\"1214\">\n<li data-start=\"954\" data-end=\"977\">\n<p data-start=\"956\" data-end=\"977\"><strong data-start=\"956\" data-end=\"970\">Varum\u00e4rke:<\/strong> Z!XS<\/p>\n<\/li>\n<li data-start=\"978\" data-end=\"1009\">\n<p data-start=\"980\" data-end=\"1009\"><strong data-start=\"980\" data-end=\"995\">Smakprofil:<\/strong> Is &amp; Mentol<\/p>\n<\/li>\n<li data-start=\"1010\" data-end=\"1049\">\n<p data-start=\"1012\" data-end=\"1049\"><strong data-start=\"1012\" data-end=\"1030\">Nikotinstyrka:<\/strong> 18 mg\/g (Extrem)<\/p>\n<\/li>\n<li data-start=\"1050\" data-end=\"1092\">\n<p data-start=\"1052\" data-end=\"1092\"><strong data-start=\"1052\" data-end=\"1063\">Format:<\/strong> Slim \u2013 smidigt och diskret<\/p>\n<\/li>\n<li data-start=\"1093\" data-end=\"1127\">\n<p data-start=\"1095\" data-end=\"1127\"><strong data-start=\"1095\" data-end=\"1103\">Typ:<\/strong> Tobaksfri nikotinp\u00e5se<\/p>\n<\/li>\n<li data-start=\"1128\" data-end=\"1168\">\n<p data-start=\"1130\" data-end=\"1168\"><strong data-start=\"1130\" data-end=\"1157\">Antal prillor per dosa:<\/strong> Ca 20 st<\/p>\n<\/li>\n<li data-start=\"1169\" data-end=\"1214\">\n<p data-start=\"1171\" data-end=\"1214\"><strong data-start=\"1171\" data-end=\"1186\">Anv\u00e4ndning:<\/strong> Placeras under \u00f6verl\u00e4ppen<\/p>\n<\/li>\n<\/ul>\n<p data-start=\"1216\" data-end=\"1260\"><strong data-start=\"1216\" data-end=\"1260\">Varf\u00f6r v\u00e4lja Z!XS North Ice Extrem Slim?<\/strong><\/p>\n<ul data-start=\"1262\" data-end=\"1648\">\n<li data-start=\"1262\" data-end=\"1345\">\n<p data-start=\"1264\" data-end=\"1345\"><strong data-start=\"1264\" data-end=\"1293\">Extrem nikotinupplevelse:<\/strong> H\u00f6g nikotinstyrka (18 mg\/g) f\u00f6r erfarna anv\u00e4ndare<\/p>\n<\/li>\n<li data-start=\"1346\" data-end=\"1426\">\n<p data-start=\"1348\" data-end=\"1426\"><strong data-start=\"1348\" data-end=\"1379\">Diskret och bekv\u00e4mt format:<\/strong> Slim-format f\u00f6r enkel och diskret anv\u00e4ndning<\/p>\n<\/li>\n<li data-start=\"1427\" data-end=\"1502\">\n<p data-start=\"1429\" data-end=\"1502\"><strong data-start=\"1429\" data-end=\"1443\">Tobaksfri:<\/strong> F\u00f6r fr\u00e4sch andedr\u00e4kt och inga missf\u00e4rgningar av t\u00e4nderna<\/p>\n<\/li>\n<li data-start=\"1503\" data-end=\"1578\">\n<p data-start=\"1505\" data-end=\"1578\"><strong data-start=\"1505\" data-end=\"1535\">Kylande och intensiv smak:<\/strong> Mentol och is ger en uppfriskande k\u00e4nsla<\/p>\n<\/li>\n<li data-start=\"1579\" data-end=\"1648\">\n<p data-start=\"1581\" data-end=\"1648\"><strong data-start=\"1581\" data-end=\"1603\">Snabb fris\u00e4ttning:<\/strong> Direkt smak och nikotin f\u00f6r omedelbar effekt<\/p>\n<\/li>\n<\/ul>\n<p data-start=\"1650\" data-end=\"1849\"><strong data-start=\"1650\" data-end=\"1684\">K\u00f6p Z!XS North Ice Extrem Slim<\/strong> idag och upplev den <strong data-start=\"1705\" data-end=\"1740\">kraftfulla is- och mentolsmaken<\/strong> med en <strong data-start=\"1748\" data-end=\"1771\">extrem nikotinboost<\/strong> i ett diskret och tobaksfritt format. F\u00e5 snabb leverans direkt till din d\u00f6rr!<\/p>","protected":false},"excerpt":{"rendered":"<h1 data-start=\"107\" data-end=\"212\"><strong data-start=\"111\" data-end=\"212\">Z!XS Slim North Ice Extreme<\/strong><\/h1>\n<p>Z!XS North Ice Extrem Slim \u00e4r tobaksfria nikotinp\u00e5sar med en intensiv is- och mentolsmak och en extrem nikotinstyrka p\u00e5 18 mg\/g. Diskret slim-format f\u00f6r en snabb och uppfriskande nikotinupplevelse, perfekt f\u00f6r erfarna anv\u00e4ndare.<\/p>","protected":false},"featured_media":59913,"comment_status":"open","ping_status":"closed","template":"","meta":[],"product_brand":[346],"product_cat":[136,356,137,133],"product_tag":[],"class_list":{"0":"post-57953","1":"product","2":"type-product","3":"status-publish","4":"has-post-thumbnail","6":"product_brand-zxs","7":"product_cat-all-whites","8":"product_cat-extreme","9":"product_cat-slim","10":"product_cat-zxs","12":"first","13":"instock","14":"taxable","15":"shipping-taxable","16":"purchasable","17":"product-type-variable"},"_links":{"self":[{"href":"https:\/\/snus-malmo.se\/sv\/wp-json\/wp\/v2\/product\/57953","targetHints":{"allow":["GET"]}}],"collection":[{"href":"https:\/\/snus-malmo.se\/sv\/wp-json\/wp\/v2\/product"}],"about":[{"href":"https:\/\/snus-malmo.se\/sv\/wp-json\/wp\/v2\/types\/product"}],"replies":[{"embeddable":true,"href":"https:\/\/snus-malmo.se\/sv\/wp-json\/wp\/v2\/comments?post=57953"}],"version-history":[{"count":0,"href":"https:\/\/snus-malmo.se\/sv\/wp-json\/wp\/v2\/product\/57953\/revisions"}],"wp:featuredmedia":[{"embeddable":true,"href":"https:\/\/snus-malmo.se\/sv\/wp-json\/wp\/v2\/media\/59913"}],"wp:attachment":[{"href":"https:\/\/snus-malmo.se\/sv\/wp-json\/wp\/v2\/media?parent=57953"}],"wp:term":[{"taxonomy":"product_brand","embeddable":true,"href":"https:\/\/snus-malmo.se\/sv\/wp-json\/wp\/v2\/product_brand?post=57953"},{"taxonomy":"product_cat","embeddable":true,"href":"https:\/\/snus-malmo.se\/sv\/wp-json\/wp\/v2\/product_cat?post=57953"},{"taxonomy":"product_tag","embeddable":true,"href":"https:\/\/snus-malmo.se\/sv\/wp-json\/wp\/v2\/product_tag?post=57953"}],"curies":[{"name":"wp","href":"https:\/\/api.w.org\/{rel}","templated":true}]}}