{"id":58182,"date":"2025-05-23T17:03:55","date_gmt":"2025-05-23T17:03:55","guid":{"rendered":"https:\/\/snus-malmo.se\/?post_type=product&#038;p=58182"},"modified":"2025-11-29T10:51:50","modified_gmt":"2025-11-29T10:51:50","slug":"x-cold-blast-strong","status":"publish","type":"product","link":"https:\/\/snus-malmo.se\/sv\/produkt\/x-cold-blast-strong\/","title":{"rendered":"X Cold Blast Strong"},"content":{"rendered":"<h1 data-start=\"348\" data-end=\"429\"><strong data-start=\"355\" data-end=\"429\">X Cold Blast Strong<\/strong><\/h1>\n<h3 data-start=\"409\" data-end=\"478\">\u2744\ufe0f X Cold Blast Extra Strong \u2013 Extra Stark Slim All White Portion<\/h3>\n<p data-start=\"480\" data-end=\"809\">Uppt\u00e4ck kraften i <strong data-start=\"498\" data-end=\"527\">X Cold Blast Extra Strong<\/strong>, en tobaksfri <strong data-start=\"542\" data-end=\"563\">all white portion<\/strong> som levererar en extra stark dos nikotin (h\u00f6gre \u00e4n standard) med en svalkande och uppfriskande smak av menthol, mint och pepparmint. Portionerna i slimformat \u00e4r kritvita och diskreta, vilket g\u00f6r dem l\u00e4tta att anv\u00e4nda utan att missf\u00e4rga t\u00e4nderna.<\/p>\n<p data-start=\"811\" data-end=\"1009\">Den perfekta produkten f\u00f6r dig som s\u00f6ker en kraftfull och fr\u00e4sch nikotinupplevelse med l\u00e5ngvarig smak och j\u00e4mn nikotinfris\u00e4ttning. Tillverkad med v\u00e4xtfiber och optimal fuktighet f\u00f6r maximal komfort.<\/p>\n<hr data-start=\"1011\" data-end=\"1014\" \/>\n<h4 data-start=\"1016\" data-end=\"1044\">\u2705 Produktinformation:<\/h4>\n<ul data-start=\"1045\" data-end=\"1471\">\n<li data-start=\"1045\" data-end=\"1065\">\n<p data-start=\"1047\" data-end=\"1065\"><strong data-start=\"1047\" data-end=\"1061\">Varum\u00e4rke:<\/strong> X<\/p>\n<\/li>\n<li data-start=\"1066\" data-end=\"1115\">\n<p data-start=\"1068\" data-end=\"1115\"><strong data-start=\"1068\" data-end=\"1083\">Produkttyp:<\/strong> All White Portion (tobaksfri)<\/p>\n<\/li>\n<li data-start=\"1116\" data-end=\"1155\">\n<p data-start=\"1118\" data-end=\"1155\"><strong data-start=\"1118\" data-end=\"1127\">Smak:<\/strong> Menthol, mint, pepparmint<\/p>\n<\/li>\n<li data-start=\"1156\" data-end=\"1190\">\n<p data-start=\"1158\" data-end=\"1190\"><strong data-start=\"1158\" data-end=\"1176\">Nikotinstyrka:<\/strong> Extra stark<\/p>\n<\/li>\n<li data-start=\"1191\" data-end=\"1263\">\n<p data-start=\"1193\" data-end=\"1263\"><strong data-start=\"1193\" data-end=\"1209\">Nikotinhalt:<\/strong> (specificera om k\u00e4nd, t.ex. 20 mg\/g eller liknande)<\/p>\n<\/li>\n<li data-start=\"1264\" data-end=\"1284\">\n<p data-start=\"1266\" data-end=\"1284\"><strong data-start=\"1266\" data-end=\"1277\">Format:<\/strong> Slim<\/p>\n<\/li>\n<li data-start=\"1285\" data-end=\"1337\">\n<p data-start=\"1287\" data-end=\"1337\"><strong data-start=\"1287\" data-end=\"1309\">Inneh\u00e5ll per dosa:<\/strong> (ange vikt, t.ex. 15,4 g)<\/p>\n<\/li>\n<li data-start=\"1338\" data-end=\"1382\">\n<p data-start=\"1340\" data-end=\"1382\"><strong data-start=\"1340\" data-end=\"1352\">Snustyp:<\/strong> Slim All White Extra Strong<\/p>\n<\/li>\n<li data-start=\"1383\" data-end=\"1412\">\n<p data-start=\"1385\" data-end=\"1412\"><strong data-start=\"1385\" data-end=\"1400\">Inneh\u00e5ller:<\/strong> V\u00e4xtfiber<\/p>\n<\/li>\n<li data-start=\"1413\" data-end=\"1471\">\n<p data-start=\"1415\" data-end=\"1471\"><strong data-start=\"1415\" data-end=\"1431\">Tillverkare:<\/strong> (ange tillverkare, t.ex. Skruf Snus AB)<\/p>\n<\/li>\n<\/ul>\n<hr data-start=\"1473\" data-end=\"1476\" \/>\n<p data-start=\"1478\" data-end=\"1690\">\ud83d\udd39 <strong data-start=\"1481\" data-end=\"1523\">Vill du ha mer information eller k\u00f6pa?<\/strong><br data-start=\"1523\" data-end=\"1526\" \/>Bes\u00f6k <a class=\"\" href=\"https:\/\/snus-malmo.se\/sv\/zone-x\/\" target=\"_new\" rel=\"noopener\" data-start=\"1532\" data-end=\"1586\">https:\/\/snus-malmo.se\/zone-x\/<\/a> f\u00f6r att best\u00e4lla X Cold Blast Extra Strong och andra premium nikotinp\u00e5sar med snabb och s\u00e4ker leverans.<\/p>\n<hr data-start=\"1692\" data-end=\"1695\" \/>\n<p data-start=\"1697\" data-end=\"1781\">\ud83d\uded2 <strong data-start=\"1700\" data-end=\"1781\">K\u00f6p X Cold Blast Extra Strong p\u00e5 Veloop.se \u2013 Fr\u00e4scht, starkt och tobaksfritt!<\/strong><\/p>","protected":false},"excerpt":{"rendered":"<h1 data-start=\"348\" data-end=\"429\"><strong data-start=\"355\" data-end=\"429\">X Cold Blast Strong<\/strong><\/h1>\n<h2 data-start=\"348\" data-end=\"429\">\u2744\ufe0f <strong data-start=\"355\" data-end=\"429\">zoneX Cold Blast Extra Strong \u2013 Slim All White Portion med extrem stark nikotinhalt<\/strong><\/h2>\n<p>X Cold Blast Extra Strong \u00e4r en tobaksfri nikotinportion med extra stark nikotinhalt och en iskall smak av menthol och pepparmint. Slimformat, kritvita portioner f\u00f6r en fr\u00e4sch och kraftfull upplevelse<\/p>","protected":false},"featured_media":62134,"comment_status":"open","ping_status":"closed","template":"","meta":[],"product_brand":[344],"product_cat":[136,137,130],"product_tag":[],"class_list":{"0":"post-58182","1":"product","2":"type-product","3":"status-publish","4":"has-post-thumbnail","6":"product_brand-zone-x","7":"product_cat-all-whites","8":"product_cat-slim","9":"product_cat-zone-x","11":"first","12":"instock","13":"taxable","14":"shipping-taxable","15":"purchasable","16":"product-type-variable"},"_links":{"self":[{"href":"https:\/\/snus-malmo.se\/sv\/wp-json\/wp\/v2\/product\/58182","targetHints":{"allow":["GET"]}}],"collection":[{"href":"https:\/\/snus-malmo.se\/sv\/wp-json\/wp\/v2\/product"}],"about":[{"href":"https:\/\/snus-malmo.se\/sv\/wp-json\/wp\/v2\/types\/product"}],"replies":[{"embeddable":true,"href":"https:\/\/snus-malmo.se\/sv\/wp-json\/wp\/v2\/comments?post=58182"}],"version-history":[{"count":0,"href":"https:\/\/snus-malmo.se\/sv\/wp-json\/wp\/v2\/product\/58182\/revisions"}],"wp:featuredmedia":[{"embeddable":true,"href":"https:\/\/snus-malmo.se\/sv\/wp-json\/wp\/v2\/media\/62134"}],"wp:attachment":[{"href":"https:\/\/snus-malmo.se\/sv\/wp-json\/wp\/v2\/media?parent=58182"}],"wp:term":[{"taxonomy":"product_brand","embeddable":true,"href":"https:\/\/snus-malmo.se\/sv\/wp-json\/wp\/v2\/product_brand?post=58182"},{"taxonomy":"product_cat","embeddable":true,"href":"https:\/\/snus-malmo.se\/sv\/wp-json\/wp\/v2\/product_cat?post=58182"},{"taxonomy":"product_tag","embeddable":true,"href":"https:\/\/snus-malmo.se\/sv\/wp-json\/wp\/v2\/product_tag?post=58182"}],"curies":[{"name":"wp","href":"https:\/\/api.w.org\/{rel}","templated":true}]}}